{"id":979,"date":"2016-05-06T15:24:07","date_gmt":"2016-05-06T14:24:07","guid":{"rendered":"http:\/\/www.ecodos.eu\/?page_id=979"},"modified":"2016-05-06T15:39:07","modified_gmt":"2016-05-06T14:39:07","slug":"technik","status":"publish","type":"page","link":"https:\/\/www.ecodos.eu\/de\/produkten\/easy\/technik\/","title":{"rendered":"Easy Technik"},"content":{"rendered":"<div class=\"block-title\"><span>Easy Technik<\/span><\/div>\n<div class=\"block half\">\n<a href=\"https:\/\/www.ecodos.eu\/de\/produkten\/easy\/\">Ecodos Easy<\/a> bedient sich der neuesten Technologien im Bereich der Sonnenenergie, Energiespeicherung und Datenverarbeitung.<\/p>\n<p><img src=\"https:\/\/www.ecodos.eu\/wp-content\/uploads\/Ecodos-Easy-technique.png\" alt=\"Ecodos Easy technique\" width=\"490\" class=\"alignleft size-full wp-image-936\" \/><br \/>\nTechnik und Design patentiert<\/p>\n<\/div>\n<div class=\"block half last\">\n<strong>Hightech<\/strong><br \/>\n\u2022 Effizientes Solarpanel<br \/>\n\u2022 Wiederau adbare Batterien<br \/>\n\u2022 Intelligente Datenregistrierung<\/p>\n<p><strong>Benutzerfreundlich<\/strong><br \/>\n\u2022 Eingebauter Verz\u00f6gerungs-Timer<br \/>\n\u2022 Zwei Dosierungen einstellbar (1-100 ml)<br \/>\n\u2022 Praktische Touch-Keys<br \/>\n\u2022 Benutzerfreundliche Farben, Nummern, Symbole und Tonsignalen<\/p>\n<p><strong>Praktisch<\/strong><br \/>\n\u2022 Wasser- und Stromanschluss nicht erforderlich<br \/>\n\u2022 Auch f\u00fcr die mobile Anwendung<br \/>\n\u2022 Spezieller \u00d6ffnungsschl\u00fcssel, um Diebstahl und unsachgem\u00e4\u00dfer<br \/>\nAnwendung vorzubeugen<br \/>\n\u2022 Fakultativ: Kinderverschluss\n<\/div>\n<p><img src=\"https:\/\/www.ecodos.eu\/wp-content\/uploads\/Easy-Production.png\" alt=\"Easy Production\" width=\"490\" size-full wp-image-941\" srcset=\"https:\/\/www.ecodos.eu\/wp-content\/uploads\/Easy-Production.png 800w, https:\/\/www.ecodos.eu\/wp-content\/uploads\/Easy-Production-768x510.png 768w\" sizes=\"(max-width: 800px) 100vw, 800px\" \/><br \/>\nKomplett in den Niederlanden entwickelt und produziert<\/p>\n","protected":false},"excerpt":{"rendered":"<p>Easy Technik Ecodos Easy bedient sich der neuesten Technologien im Bereich der Sonnenenergie, Energiespeicherung und Datenverarbeitung. Technik und Design patentiert Hightech \u2022 Effizientes Solarpanel \u2022 Wiederau adbare Batterien \u2022 Intelligente Datenregistrierung Benutzerfreundlich \u2022 Eingebauter Verz\u00f6gerungs-Timer \u2022 Zwei Dosierungen einstellbar (1-100 ml) \u2022 Praktische Touch-Keys \u2022 Benutzerfreundliche Farben, Nummern, Symbole und &hellip; <a href=\"https:\/\/www.ecodos.eu\/de\/produkten\/easy\/technik\/\" class=\"morelink\">Read more &rarr;<\/a><\/p>\n","protected":false},"author":2,"featured_media":0,"parent":965,"menu_order":0,"comment_status":"closed","ping_status":"closed","template":"template-fullwidth.php","meta":[],"acf":[],"yoast_head":"<!-- This site is optimized with the Yoast SEO plugin v19.4 - https:\/\/yoast.com\/wordpress\/plugins\/seo\/ -->\n<title>Easy Technik - Ecodos<\/title>\n<meta name=\"robots\" content=\"index, follow, max-snippet:-1, max-image-preview:large, max-video-preview:-1\" \/>\n<link rel=\"canonical\" href=\"https:\/\/www.ecodos.eu\/de\/produkten\/easy\/technik\/\" \/>\n<meta property=\"og:locale\" content=\"de_DE\" \/>\n<meta property=\"og:type\" content=\"article\" \/>\n<meta property=\"og:title\" content=\"Easy Technik - Ecodos\" \/>\n<meta property=\"og:description\" content=\"Easy Technik Ecodos Easy bedient sich der neuesten Technologien im Bereich der Sonnenenergie, Energiespeicherung und Datenverarbeitung. Technik und Design patentiert Hightech \u2022 Effizientes Solarpanel \u2022 Wiederau adbare Batterien \u2022 Intelligente Datenregistrierung Benutzerfreundlich \u2022 Eingebauter Verz\u00f6gerungs-Timer \u2022 Zwei Dosierungen einstellbar (1-100 ml) \u2022 Praktische Touch-Keys \u2022 Benutzerfreundliche Farben, Nummern, Symbole und &hellip; Read more &rarr;\" \/>\n<meta property=\"og:url\" content=\"https:\/\/www.ecodos.eu\/de\/produkten\/easy\/technik\/\" \/>\n<meta property=\"og:site_name\" content=\"Ecodos\" \/>\n<meta property=\"article:modified_time\" content=\"2016-05-06T14:39:07+00:00\" \/>\n<meta property=\"og:image\" content=\"https:\/\/www.ecodos.eu\/wp-content\/uploads\/Ecodos-Easy-technique.png\" \/>\n<meta name=\"twitter:card\" content=\"summary\" \/>\n<script type=\"application\/ld+json\" class=\"yoast-schema-graph\">{\"@context\":\"https:\/\/schema.org\",\"@graph\":[{\"@type\":\"WebSite\",\"@id\":\"https:\/\/www.ecodos.eu\/#website\",\"url\":\"https:\/\/www.ecodos.eu\/\",\"name\":\"Ecodos\",\"description\":\"En nog een WordPress site\",\"potentialAction\":[{\"@type\":\"SearchAction\",\"target\":{\"@type\":\"EntryPoint\",\"urlTemplate\":\"https:\/\/www.ecodos.eu\/?s={search_term_string}\"},\"query-input\":\"required name=search_term_string\"}],\"inLanguage\":\"de\"},{\"@type\":\"WebPage\",\"@id\":\"https:\/\/www.ecodos.eu\/de\/produkten\/easy\/technik\/\",\"url\":\"https:\/\/www.ecodos.eu\/de\/produkten\/easy\/technik\/\",\"name\":\"Easy Technik - Ecodos\",\"isPartOf\":{\"@id\":\"https:\/\/www.ecodos.eu\/#website\"},\"datePublished\":\"2016-05-06T14:24:07+00:00\",\"dateModified\":\"2016-05-06T14:39:07+00:00\",\"breadcrumb\":{\"@id\":\"https:\/\/www.ecodos.eu\/de\/produkten\/easy\/technik\/#breadcrumb\"},\"inLanguage\":\"de\",\"potentialAction\":[{\"@type\":\"ReadAction\",\"target\":[\"https:\/\/www.ecodos.eu\/de\/produkten\/easy\/technik\/\"]}]},{\"@type\":\"BreadcrumbList\",\"@id\":\"https:\/\/www.ecodos.eu\/de\/produkten\/easy\/technik\/#breadcrumb\",\"itemListElement\":[{\"@type\":\"ListItem\",\"position\":1,\"name\":\"Home\",\"item\":\"https:\/\/www.ecodos.eu\/de\/\"},{\"@type\":\"ListItem\",\"position\":2,\"name\":\"Produkten\",\"item\":\"https:\/\/www.ecodos.eu\/de\/produkten\/\"},{\"@type\":\"ListItem\",\"position\":3,\"name\":\"Easy\",\"item\":\"https:\/\/www.ecodos.eu\/de\/produkten\/easy\/\"},{\"@type\":\"ListItem\",\"position\":4,\"name\":\"Easy Technik\"}]}]}<\/script>\n<!-- \/ Yoast SEO plugin. -->","yoast_head_json":{"title":"Easy Technik - Ecodos","robots":{"index":"index","follow":"follow","max-snippet":"max-snippet:-1","max-image-preview":"max-image-preview:large","max-video-preview":"max-video-preview:-1"},"canonical":"https:\/\/www.ecodos.eu\/de\/produkten\/easy\/technik\/","og_locale":"de_DE","og_type":"article","og_title":"Easy Technik - Ecodos","og_description":"Easy Technik Ecodos Easy bedient sich der neuesten Technologien im Bereich der Sonnenenergie, Energiespeicherung und Datenverarbeitung. Technik und Design patentiert Hightech \u2022 Effizientes Solarpanel \u2022 Wiederau adbare Batterien \u2022 Intelligente Datenregistrierung Benutzerfreundlich \u2022 Eingebauter Verz\u00f6gerungs-Timer \u2022 Zwei Dosierungen einstellbar (1-100 ml) \u2022 Praktische Touch-Keys \u2022 Benutzerfreundliche Farben, Nummern, Symbole und &hellip; Read more &rarr;","og_url":"https:\/\/www.ecodos.eu\/de\/produkten\/easy\/technik\/","og_site_name":"Ecodos","article_modified_time":"2016-05-06T14:39:07+00:00","og_image":[{"url":"https:\/\/www.ecodos.eu\/wp-content\/uploads\/Ecodos-Easy-technique.png"}],"twitter_card":"summary","schema":{"@context":"https:\/\/schema.org","@graph":[{"@type":"WebSite","@id":"https:\/\/www.ecodos.eu\/#website","url":"https:\/\/www.ecodos.eu\/","name":"Ecodos","description":"En nog een WordPress site","potentialAction":[{"@type":"SearchAction","target":{"@type":"EntryPoint","urlTemplate":"https:\/\/www.ecodos.eu\/?s={search_term_string}"},"query-input":"required name=search_term_string"}],"inLanguage":"de"},{"@type":"WebPage","@id":"https:\/\/www.ecodos.eu\/de\/produkten\/easy\/technik\/","url":"https:\/\/www.ecodos.eu\/de\/produkten\/easy\/technik\/","name":"Easy Technik - Ecodos","isPartOf":{"@id":"https:\/\/www.ecodos.eu\/#website"},"datePublished":"2016-05-06T14:24:07+00:00","dateModified":"2016-05-06T14:39:07+00:00","breadcrumb":{"@id":"https:\/\/www.ecodos.eu\/de\/produkten\/easy\/technik\/#breadcrumb"},"inLanguage":"de","potentialAction":[{"@type":"ReadAction","target":["https:\/\/www.ecodos.eu\/de\/produkten\/easy\/technik\/"]}]},{"@type":"BreadcrumbList","@id":"https:\/\/www.ecodos.eu\/de\/produkten\/easy\/technik\/#breadcrumb","itemListElement":[{"@type":"ListItem","position":1,"name":"Home","item":"https:\/\/www.ecodos.eu\/de\/"},{"@type":"ListItem","position":2,"name":"Produkten","item":"https:\/\/www.ecodos.eu\/de\/produkten\/"},{"@type":"ListItem","position":3,"name":"Easy","item":"https:\/\/www.ecodos.eu\/de\/produkten\/easy\/"},{"@type":"ListItem","position":4,"name":"Easy Technik"}]}]}},"_links":{"self":[{"href":"https:\/\/www.ecodos.eu\/de\/wp-json\/wp\/v2\/pages\/979\/"}],"collection":[{"href":"https:\/\/www.ecodos.eu\/de\/wp-json\/wp\/v2\/pages\/"}],"about":[{"href":"https:\/\/www.ecodos.eu\/de\/wp-json\/wp\/v2\/types\/page\/"}],"author":[{"embeddable":true,"href":"https:\/\/www.ecodos.eu\/de\/wp-json\/wp\/v2\/users\/2\/"}],"replies":[{"embeddable":true,"href":"https:\/\/www.ecodos.eu\/de\/wp-json\/wp\/v2\/comments\/?post=979"}],"version-history":[{"count":2,"href":"https:\/\/www.ecodos.eu\/de\/wp-json\/wp\/v2\/pages\/979\/revisions\/"}],"predecessor-version":[{"id":994,"href":"https:\/\/www.ecodos.eu\/de\/wp-json\/wp\/v2\/pages\/979\/revisions\/994\/"}],"up":[{"embeddable":true,"href":"https:\/\/www.ecodos.eu\/de\/wp-json\/wp\/v2\/pages\/965\/"}],"wp:attachment":[{"href":"https:\/\/www.ecodos.eu\/de\/wp-json\/wp\/v2\/media\/?parent=979"}],"curies":[{"name":"wp","href":"https:\/\/api.w.org\/{rel}","templated":true}]}}