{"id":965,"date":"2016-05-06T15:06:36","date_gmt":"2016-05-06T14:06:36","guid":{"rendered":"http:\/\/www.ecodos.eu\/?page_id=965"},"modified":"2016-10-24T08:38:16","modified_gmt":"2016-10-24T07:38:16","slug":"easy","status":"publish","type":"page","link":"https:\/\/www.ecodos.eu\/de\/produkten\/easy\/","title":{"rendered":"Easy"},"content":{"rendered":"<div class=\"block-title\"><span>Easy<\/span><\/div>\n<div class=\"block half\">\nEcodos Easy ist weltweit der erste intelligente und Energieneutrale Spender f\u00fcr Reinigungsmitteln. Der Einsatz <a href=\"https:\/\/www.ecodos.eu\/de\/produkten\/easy\/technik\/\">intelligenter Technologien<\/a> f\u00fchrt zu einem besonders effizienten Gebrauch unserer \u00f6kologischen Reinigungsmittel f\u00fcr <a href=\"https:\/\/www.ecodos.eu\/de\/easy-gebaeudereinigung\/\">Geb\u00e4udereinigung<\/a>, <a href=\"https:\/\/www.ecodos.eu\/de\/easy-kuechenhygiene\/\">K\u00fcchen<\/a> und <a href=\"https:\/\/www.ecodos.eu\/de\/1213-2\/\">Ecodet Waschmitteln<\/a>.<\/p>\n<img src=\"https:\/\/www.ecodos.eu\/wp-content\/uploads\/Ecodos-Easy-Kitchen-Hygiene-2.png\" alt=\"Ecodos Easy Kitchen Hygiene 2\" width=\"490\" class=\"alignleft size-full wp-image-928\" srcset=\"https:\/\/www.ecodos.eu\/wp-content\/uploads\/Ecodos-Easy-Kitchen-Hygiene-2.png 800w, https:\/\/www.ecodos.eu\/wp-content\/uploads\/Ecodos-Easy-Kitchen-Hygiene-2-768x527.png 768w\" sizes=\"(max-width: 800px) 100vw, 800px\" \/>\n<img src=\"https:\/\/www.ecodos.eu\/wp-content\/uploads\/Easy-intelligent.png\" alt=\"Easy intelligent\" width=\"490\" size-full wp-image-910\" srcset=\"https:\/\/www.ecodos.eu\/wp-content\/uploads\/Easy-intelligent.png 800w, https:\/\/www.ecodos.eu\/wp-content\/uploads\/Easy-intelligent-768x539.png 768w\" sizes=\"(max-width: 800px) 100vw, 800px\" \/>\n<img src=\"https:\/\/www.ecodos.eu\/wp-content\/uploads\/Easy-Solar-and-Scrubber-Drier-2.png\" alt=\"Easy Solar and Scrubber Drier\" width=\"490\" class=\"alignleft size-full wp-image-949\" srcset=\"https:\/\/www.ecodos.eu\/wp-content\/uploads\/Easy-Solar-and-Scrubber-Drier-2.png 800w, https:\/\/www.ecodos.eu\/wp-content\/uploads\/Easy-Solar-and-Scrubber-Drier-2-768x543.png 768w\" sizes=\"(max-width: 800px) 100vw, 800px\" \/>\n<\/div>\n<div class=\"block half last\">\n<em>Mit unseren hochkonzentrierten Reinigungsmitteln (bis zu zehnmal konzentrierter als herk\u00f6mmliche Erzeugnisse) bringen wir das Reinigen auf die n\u00e4chste Ebene. F\u00fcr die t\u00e4glichen Reinigungsarbeiten sind nur drei Produkte erforderlich, ohne dass dabei Abstriche im Hinblick auf die Reinigungsqualit\u00e4t gemacht werden m\u00fcssen.<\/em><\/p>\n<p><strong>Auf Basis von Daten steuern<\/strong><br \/>\nEf zient und nachhaltig reinigen bezieht sich jedoch auch auf die Intelligenz des Spenders. Ecodos Easy verschafft Ihnen einen Einblick<br \/>\nin den Verbrauch der Reinigungsmittel. Die Daten, die der Spender generiert, lassen sich problemlos in Ihrem Reinigungs- oder HACCP- Plan integrieren. So k\u00f6nnen Sie ganz gezielt auf Ef ciency und \u00f6kologische Leistung steuern.<\/p>\n<p><strong>Benutzerfreundlich und sparsam<\/strong><br \/>\nEcodos Easy ist zudem ein benutzerfreundlicher Spender, der besonders akkurat die richtige Dosierung spendet. Sie k\u00f6nnen zwei Dosierungen verwenden, die separat auf 1-100 ml einzustellen sind. Mit einem Verz\u00f6gerungs-Timer wird vermieden, dass Mitarbeiter zu viel Reinigungsmittel verwenden.<\/p>\n<p><strong>Kostenreduzierend<\/strong><br \/>\nUnsere hochkonzentrierten Reinigungsmittel bieten Ihnen geringe Kosten pro Dosierung. Au\u00dferdem bleibt die Anzahl der Transportbewegungen, Ihr Lagerbestand sowie die Abfallmenge auf ein Minimum beschr\u00e4nkt (die Beutel werden vollst\u00e4ndig entleert). Unsere Erzeugnisse k\u00f6nnen zudem nicht ohne unseren Spender verwendet werden. Diebstahl ist dadurch sinnlos.<\/p>\n<p><strong>Schulung und Anleitung<\/strong><br \/>\nWir schulen Ihr Personal in der Nutzung der Spender und Erzeugnisse. Und was vielleicht noch wichtiger ist: wir helfen Ihnen, hygienischer, sicherer und umweltfreundlicher zu arbeiten.<\/p>\n<p>\u2022 \u00dcberdosierung unm\u00f6glich<br \/>\n\u2022 Datenspeicherung und -Kommunikation<br \/>\n\u2022 Besonders akkurate Dosierung<br \/>\n\u2022 Sehr einfache Nutzung<br \/>\n\u2022 Energieneutral<br \/>\n\u2022 Wartungsfrei<br \/>\n<a href=\"https:\/\/www.youtube.com\/watch?v=14cQY_XYiF4\" target=\"_blank\"><img loading=\"lazy\" src=\"https:\/\/www.ecodos.eu\/wp-content\/uploads\/EasyYoutube.png\" alt=\"EasyYoutube\" width=\"242\" height=\"137\" class=\"alignleft size-full wp-image-1085\" \/><\/a>\n<\/div>\n","protected":false},"excerpt":{"rendered":"<p>Easy Ecodos Easy ist weltweit der erste intelligente und Energieneutrale Spender f\u00fcr Reinigungsmitteln. Der Einsatz intelligenter Technologien f\u00fchrt zu einem besonders effizienten Gebrauch unserer \u00f6kologischen Reinigungsmittel f\u00fcr Geb\u00e4udereinigung, K\u00fcchen und Ecodet Waschmitteln.<\/p>\n","protected":false},"author":2,"featured_media":0,"parent":505,"menu_order":0,"comment_status":"closed","ping_status":"closed","template":"template-fullwidth.php","meta":[],"acf":[],"yoast_head":"<!-- This site is optimized with the Yoast SEO plugin v19.4 - https:\/\/yoast.com\/wordpress\/plugins\/seo\/ -->\n<title>Easy - Ecodos<\/title>\n<meta name=\"robots\" content=\"index, follow, max-snippet:-1, max-image-preview:large, max-video-preview:-1\" \/>\n<link rel=\"canonical\" href=\"https:\/\/www.ecodos.eu\/de\/produkten\/easy\/\" \/>\n<meta property=\"og:locale\" content=\"de_DE\" \/>\n<meta property=\"og:type\" content=\"article\" \/>\n<meta property=\"og:title\" content=\"Easy - Ecodos\" \/>\n<meta property=\"og:description\" content=\"Easy Ecodos Easy ist weltweit der erste intelligente und Energieneutrale Spender f\u00fcr Reinigungsmitteln. Der Einsatz intelligenter Technologien f\u00fchrt zu einem besonders effizienten Gebrauch unserer \u00f6kologischen Reinigungsmittel f\u00fcr Geb\u00e4udereinigung, K\u00fcchen und Ecodet Waschmitteln.\" \/>\n<meta property=\"og:url\" content=\"https:\/\/www.ecodos.eu\/de\/produkten\/easy\/\" \/>\n<meta property=\"og:site_name\" content=\"Ecodos\" \/>\n<meta property=\"article:modified_time\" content=\"2016-10-24T07:38:16+00:00\" \/>\n<meta property=\"og:image\" content=\"https:\/\/www.ecodos.eu\/wp-content\/uploads\/Ecodos-Easy-Kitchen-Hygiene-2.png\" \/>\n<meta name=\"twitter:card\" content=\"summary\" \/>\n<script type=\"application\/ld+json\" class=\"yoast-schema-graph\">{\"@context\":\"https:\/\/schema.org\",\"@graph\":[{\"@type\":\"WebSite\",\"@id\":\"https:\/\/www.ecodos.eu\/#website\",\"url\":\"https:\/\/www.ecodos.eu\/\",\"name\":\"Ecodos\",\"description\":\"En nog een WordPress site\",\"potentialAction\":[{\"@type\":\"SearchAction\",\"target\":{\"@type\":\"EntryPoint\",\"urlTemplate\":\"https:\/\/www.ecodos.eu\/?s={search_term_string}\"},\"query-input\":\"required name=search_term_string\"}],\"inLanguage\":\"de\"},{\"@type\":\"WebPage\",\"@id\":\"https:\/\/www.ecodos.eu\/de\/produkten\/easy\/\",\"url\":\"https:\/\/www.ecodos.eu\/de\/produkten\/easy\/\",\"name\":\"Easy - Ecodos\",\"isPartOf\":{\"@id\":\"https:\/\/www.ecodos.eu\/#website\"},\"datePublished\":\"2016-05-06T14:06:36+00:00\",\"dateModified\":\"2016-10-24T07:38:16+00:00\",\"breadcrumb\":{\"@id\":\"https:\/\/www.ecodos.eu\/de\/produkten\/easy\/#breadcrumb\"},\"inLanguage\":\"de\",\"potentialAction\":[{\"@type\":\"ReadAction\",\"target\":[\"https:\/\/www.ecodos.eu\/de\/produkten\/easy\/\"]}]},{\"@type\":\"BreadcrumbList\",\"@id\":\"https:\/\/www.ecodos.eu\/de\/produkten\/easy\/#breadcrumb\",\"itemListElement\":[{\"@type\":\"ListItem\",\"position\":1,\"name\":\"Home\",\"item\":\"https:\/\/www.ecodos.eu\/de\/\"},{\"@type\":\"ListItem\",\"position\":2,\"name\":\"Produkten\",\"item\":\"https:\/\/www.ecodos.eu\/de\/produkten\/\"},{\"@type\":\"ListItem\",\"position\":3,\"name\":\"Easy\"}]}]}<\/script>\n<!-- \/ Yoast SEO plugin. -->","yoast_head_json":{"title":"Easy - Ecodos","robots":{"index":"index","follow":"follow","max-snippet":"max-snippet:-1","max-image-preview":"max-image-preview:large","max-video-preview":"max-video-preview:-1"},"canonical":"https:\/\/www.ecodos.eu\/de\/produkten\/easy\/","og_locale":"de_DE","og_type":"article","og_title":"Easy - Ecodos","og_description":"Easy Ecodos Easy ist weltweit der erste intelligente und Energieneutrale Spender f\u00fcr Reinigungsmitteln. Der Einsatz intelligenter Technologien f\u00fchrt zu einem besonders effizienten Gebrauch unserer \u00f6kologischen Reinigungsmittel f\u00fcr Geb\u00e4udereinigung, K\u00fcchen und Ecodet Waschmitteln.","og_url":"https:\/\/www.ecodos.eu\/de\/produkten\/easy\/","og_site_name":"Ecodos","article_modified_time":"2016-10-24T07:38:16+00:00","og_image":[{"url":"https:\/\/www.ecodos.eu\/wp-content\/uploads\/Ecodos-Easy-Kitchen-Hygiene-2.png"}],"twitter_card":"summary","schema":{"@context":"https:\/\/schema.org","@graph":[{"@type":"WebSite","@id":"https:\/\/www.ecodos.eu\/#website","url":"https:\/\/www.ecodos.eu\/","name":"Ecodos","description":"En nog een WordPress site","potentialAction":[{"@type":"SearchAction","target":{"@type":"EntryPoint","urlTemplate":"https:\/\/www.ecodos.eu\/?s={search_term_string}"},"query-input":"required name=search_term_string"}],"inLanguage":"de"},{"@type":"WebPage","@id":"https:\/\/www.ecodos.eu\/de\/produkten\/easy\/","url":"https:\/\/www.ecodos.eu\/de\/produkten\/easy\/","name":"Easy - Ecodos","isPartOf":{"@id":"https:\/\/www.ecodos.eu\/#website"},"datePublished":"2016-05-06T14:06:36+00:00","dateModified":"2016-10-24T07:38:16+00:00","breadcrumb":{"@id":"https:\/\/www.ecodos.eu\/de\/produkten\/easy\/#breadcrumb"},"inLanguage":"de","potentialAction":[{"@type":"ReadAction","target":["https:\/\/www.ecodos.eu\/de\/produkten\/easy\/"]}]},{"@type":"BreadcrumbList","@id":"https:\/\/www.ecodos.eu\/de\/produkten\/easy\/#breadcrumb","itemListElement":[{"@type":"ListItem","position":1,"name":"Home","item":"https:\/\/www.ecodos.eu\/de\/"},{"@type":"ListItem","position":2,"name":"Produkten","item":"https:\/\/www.ecodos.eu\/de\/produkten\/"},{"@type":"ListItem","position":3,"name":"Easy"}]}]}},"_links":{"self":[{"href":"https:\/\/www.ecodos.eu\/de\/wp-json\/wp\/v2\/pages\/965\/"}],"collection":[{"href":"https:\/\/www.ecodos.eu\/de\/wp-json\/wp\/v2\/pages\/"}],"about":[{"href":"https:\/\/www.ecodos.eu\/de\/wp-json\/wp\/v2\/types\/page\/"}],"author":[{"embeddable":true,"href":"https:\/\/www.ecodos.eu\/de\/wp-json\/wp\/v2\/users\/2\/"}],"replies":[{"embeddable":true,"href":"https:\/\/www.ecodos.eu\/de\/wp-json\/wp\/v2\/comments\/?post=965"}],"version-history":[{"count":12,"href":"https:\/\/www.ecodos.eu\/de\/wp-json\/wp\/v2\/pages\/965\/revisions\/"}],"predecessor-version":[{"id":1298,"href":"https:\/\/www.ecodos.eu\/de\/wp-json\/wp\/v2\/pages\/965\/revisions\/1298\/"}],"up":[{"embeddable":true,"href":"https:\/\/www.ecodos.eu\/de\/wp-json\/wp\/v2\/pages\/505\/"}],"wp:attachment":[{"href":"https:\/\/www.ecodos.eu\/de\/wp-json\/wp\/v2\/media\/?parent=965"}],"curies":[{"name":"wp","href":"https:\/\/api.w.org\/{rel}","templated":true}]}}