{"id":544,"date":"2014-06-21T14:33:59","date_gmt":"2014-06-21T13:33:59","guid":{"rendered":"http:\/\/www.ecodos.eu\/?page_id=544"},"modified":"2016-08-19T11:27:04","modified_gmt":"2016-08-19T10:27:04","slug":"kontakt","status":"publish","type":"page","link":"https:\/\/www.ecodos.eu\/de\/kontakt\/","title":{"rendered":"Kontakt"},"content":{"rendered":"<div class=\"block-title\"><span>Kontakt\/ impressum<\/span><\/div>\n<div class=\"block half\">\nEcodos ist ein registriertes Markenzeichen von Spectro B.V.: Hersteller von Reinigungsmitteln zur professionellen Anwendung. Weitere Informationen \u00fcber Spectro erhalten Sie auf unserer Webseite: <a href=\"http:\/\/www.spectro.nl\" target=\"_blank\">www.spectro.nl<\/a><\/p>\n<p>Ecodos wird ausschlie\u00dflich \u00fcber ein Netzwerk ausgew\u00e4hlter H\u00e4ndler vertrieben. Bei Fragen zum H\u00e4ndler in Ihrer N\u00e4he k\u00f6nnen Sie uns kontaktieren:<\/p>\n<p>Spectro B.V.<br \/>\nGrevelingenmeer 2<br \/>\n5347 JP Oss<br \/>\nNiederlande<br \/>\nTel: +31 412-631956<br \/>\nFax: +31 412-645487<br \/>\nMail: info@ecodos.eu<\/p>\n<p>Gesch\u00e4ftsf\u00fchrung:<br \/>\nDipl.-Ing C.W.L. Metternich<br \/>\nDipl. L.S. Metternich<br \/>\nDipl.-MBA Q.M. Metternich<\/p>\n<p>KvK: 1605.27.67<br \/>\nUSt-ID-Nr: NL8065.17.724B01<\/p>\n<a href=\"https:\/\/twitter.com\/spectrobv\" target=\"_blank\"><img loading=\"lazy\" src=\"https:\/\/www.ecodos.eu\/wp-content\/uploads\/twitter.png\" alt=\"twitter\" width=\"50\" height=\"50\" class=\"alignleft size-full wp-image-598\" \/><\/a>\n<a href=\"https:\/\/www.facebook.com\/SpectroBV\" target=\"_blank\"><img loading=\"lazy\" src=\"https:\/\/www.ecodos.eu\/wp-content\/uploads\/facebook1.png\" alt=\"facebook\" width=\"50\" height=\"50\" class=\"alignleft size-full wp-image-605\" \/><\/a>\n<a href=\"https:\/\/www.youtube.com\/user\/SpectroBV\" target=\"_blank\"><img loading=\"lazy\" src=\"https:\/\/www.ecodos.eu\/wp-content\/uploads\/youtube.png\" alt=\"youtube\" width=\"50\" height=\"50\" class=\"alignleft size-full wp-image-599\" \/><\/a>\n<a href=\"https:\/\/www.linkedin.com\/company\/2460445?trk=\" target=\"_blank\"><img loading=\"lazy\" src=\"https:\/\/www.ecodos.eu\/wp-content\/uploads\/linkedin.png\" alt=\"linkedin\" width=\"50\" height=\"50\" class=\"alignleft size-full wp-image-597\" \/><\/a>\n<a href=\"https:\/\/plus.google.com\/+SpectroNl\" target=\"_blank\"><img loading=\"lazy\" src=\"https:\/\/www.ecodos.eu\/wp-content\/uploads\/google-plus.png\" alt=\"google-plus\" width=\"50\" height=\"50\" class=\"alignleft size-full wp-image-596\" \/><\/a>\n<\/div>\n<div class=\"block half last\">\n<p>Bei Fragen k\u00f6nnen Sie uns telefonisch erreichen unter: +31-412-631956, das unten stehende Formular ausf\u00fcllen oder direkt eine Mail an info@ecodos.eu senden und wir melden uns so schnell wie m\u00f6glich bei Ihnen.<br \/>\n<div role=\"form\" class=\"wpcf7\" id=\"wpcf7-f586-o1\" lang=\"nl-NL\" dir=\"ltr\">\n<div class=\"screen-reader-response\"><p role=\"status\" aria-live=\"polite\" aria-atomic=\"true\"><\/p> <ul><\/ul><\/div>\n<form action=\"\/de\/wp-json\/wp\/v2\/pages\/544\/#wpcf7-f586-o1\" method=\"post\" class=\"wpcf7-form init\" novalidate=\"novalidate\" data-status=\"init\">\n<div style=\"display: none;\">\n<input type=\"hidden\" name=\"_wpcf7\" value=\"586\" \/>\n<input type=\"hidden\" name=\"_wpcf7_version\" value=\"5.5.6.1\" \/>\n<input type=\"hidden\" name=\"_wpcf7_locale\" value=\"nl_NL\" \/>\n<input type=\"hidden\" name=\"_wpcf7_unit_tag\" value=\"wpcf7-f586-o1\" \/>\n<input type=\"hidden\" name=\"_wpcf7_container_post\" value=\"0\" \/>\n<input type=\"hidden\" name=\"_wpcf7_posted_data_hash\" value=\"\" \/>\n<input type=\"hidden\" name=\"_wpcf7_recaptcha_response\" value=\"\" \/>\n<\/div>\n<p>Ihr Name (Pflichtangabe)<br \/>\n    <span class=\"wpcf7-form-control-wrap your-name\"><input type=\"text\" name=\"your-name\" value=\"\" size=\"40\" class=\"wpcf7-form-control wpcf7-text wpcf7-validates-as-required\" aria-required=\"true\" aria-invalid=\"false\" \/><\/span> <\/p>\n<p>Adresse<br \/>\n    <span class=\"wpcf7-form-control-wrap your-adres\"><input type=\"text\" name=\"your-adres\" value=\"\" size=\"40\" class=\"wpcf7-form-control wpcf7-text\" aria-invalid=\"false\" \/><\/span> <\/p>\n<p>Wohnort<br \/>\n    <span class=\"wpcf7-form-control-wrap your-city\"><input type=\"text\" name=\"your-city\" value=\"\" size=\"40\" class=\"wpcf7-form-control wpcf7-text\" aria-invalid=\"false\" \/><\/span> <\/p>\n<p>Land<br \/>\n    <span class=\"wpcf7-form-control-wrap your-country\"><input type=\"text\" name=\"your-country\" value=\"\" size=\"40\" class=\"wpcf7-form-control wpcf7-text\" aria-invalid=\"false\" \/><\/span> <\/p>\n<p>Telefon<br \/>\n    <span class=\"wpcf7-form-control-wrap your-phone\"><input type=\"text\" name=\"your-phone\" value=\"\" size=\"40\" class=\"wpcf7-form-control wpcf7-text\" aria-invalid=\"false\" \/><\/span> <\/p>\n<p>Ihre Email (Pflichtangabe)<br \/>\n    <span class=\"wpcf7-form-control-wrap your-email\"><input type=\"email\" name=\"your-email\" value=\"\" size=\"40\" class=\"wpcf7-form-control wpcf7-text wpcf7-email wpcf7-validates-as-required wpcf7-validates-as-email\" aria-required=\"true\" aria-invalid=\"false\" \/><\/span> <\/p>\n<p><span id=\"wpcf7-69e5c43846ecb-wrapper\" class=\"wpcf7-form-control-wrap email2-wrap\" style=\"display:none !important; visibility:hidden !important;\"><label for=\"wpcf7-69e5c43846ecb-field\" class=\"hp-message\">Bitte lasse dieses Feld leer.<\/label><input id=\"wpcf7-69e5c43846ecb-field\"  class=\"wpcf7-form-control wpcf7-text\" type=\"text\" name=\"email2\" value=\"\" size=\"40\" tabindex=\"-1\" autocomplete=\"new-password\" \/><\/span><\/p>\n<p>Ihre Nachricht<br \/>\n    <span class=\"wpcf7-form-control-wrap your-message\"><textarea name=\"your-message\" cols=\"40\" rows=\"10\" class=\"wpcf7-form-control wpcf7-textarea\" aria-invalid=\"false\"><\/textarea><\/span> <\/p>\n<p><input type=\"submit\" value=\"Absenden\" class=\"wpcf7-form-control has-spinner wpcf7-submit\" \/><\/p>\n<div class=\"wpcf7-response-output\" aria-hidden=\"true\"><\/div><\/form><\/div>\n<\/p><\/div>\n","protected":false},"excerpt":{"rendered":"<p>Kontakt\/ impressum Ecodos ist ein registriertes Markenzeichen von Spectro B.V.: Hersteller von Reinigungsmitteln zur professionellen Anwendung. Weitere Informationen \u00fcber Spectro erhalten Sie auf unserer Webseite: www.spectro.nl Ecodos wird ausschlie\u00dflich \u00fcber ein Netzwerk ausgew\u00e4hlter H\u00e4ndler vertrieben. Bei Fragen zum H\u00e4ndler in Ihrer N\u00e4he k\u00f6nnen Sie uns kontaktieren: Spectro B.V. Grevelingenmeer 2 &hellip; <a href=\"https:\/\/www.ecodos.eu\/de\/kontakt\/\" class=\"morelink\">Read more &rarr;<\/a><\/p>\n","protected":false},"author":2,"featured_media":0,"parent":0,"menu_order":0,"comment_status":"open","ping_status":"open","template":"template-fullwidth.php","meta":[],"acf":[],"yoast_head":"<!-- This site is optimized with the Yoast SEO plugin v19.4 - https:\/\/yoast.com\/wordpress\/plugins\/seo\/ -->\n<title>Kontakt - Ecodos<\/title>\n<meta name=\"robots\" content=\"index, follow, max-snippet:-1, max-image-preview:large, max-video-preview:-1\" \/>\n<link rel=\"canonical\" href=\"https:\/\/www.ecodos.eu\/de\/kontakt\/\" \/>\n<meta property=\"og:locale\" content=\"de_DE\" \/>\n<meta property=\"og:type\" content=\"article\" \/>\n<meta property=\"og:title\" content=\"Kontakt - Ecodos\" \/>\n<meta property=\"og:description\" content=\"Kontakt\/ impressum Ecodos ist ein registriertes Markenzeichen von Spectro B.V.: Hersteller von Reinigungsmitteln zur professionellen Anwendung. Weitere Informationen \u00fcber Spectro erhalten Sie auf unserer Webseite: www.spectro.nl Ecodos wird ausschlie\u00dflich \u00fcber ein Netzwerk ausgew\u00e4hlter H\u00e4ndler vertrieben. Bei Fragen zum H\u00e4ndler in Ihrer N\u00e4he k\u00f6nnen Sie uns kontaktieren: Spectro B.V. Grevelingenmeer 2 &hellip; Read more &rarr;\" \/>\n<meta property=\"og:url\" content=\"https:\/\/www.ecodos.eu\/de\/kontakt\/\" \/>\n<meta property=\"og:site_name\" content=\"Ecodos\" \/>\n<meta property=\"article:modified_time\" content=\"2016-08-19T10:27:04+00:00\" \/>\n<meta property=\"og:image\" content=\"https:\/\/www.ecodos.eu\/wp-content\/uploads\/twitter.png\" \/>\n<meta name=\"twitter:card\" content=\"summary\" \/>\n<meta name=\"twitter:label1\" content=\"Gesch\u00e4tzte Lesezeit\" \/>\n\t<meta name=\"twitter:data1\" content=\"1\u00a0Minute\" \/>\n<script type=\"application\/ld+json\" class=\"yoast-schema-graph\">{\"@context\":\"https:\/\/schema.org\",\"@graph\":[{\"@type\":\"WebSite\",\"@id\":\"https:\/\/www.ecodos.eu\/#website\",\"url\":\"https:\/\/www.ecodos.eu\/\",\"name\":\"Ecodos\",\"description\":\"En nog een WordPress site\",\"potentialAction\":[{\"@type\":\"SearchAction\",\"target\":{\"@type\":\"EntryPoint\",\"urlTemplate\":\"https:\/\/www.ecodos.eu\/?s={search_term_string}\"},\"query-input\":\"required name=search_term_string\"}],\"inLanguage\":\"de\"},{\"@type\":\"WebPage\",\"@id\":\"https:\/\/www.ecodos.eu\/de\/kontakt\/\",\"url\":\"https:\/\/www.ecodos.eu\/de\/kontakt\/\",\"name\":\"Kontakt - Ecodos\",\"isPartOf\":{\"@id\":\"https:\/\/www.ecodos.eu\/#website\"},\"datePublished\":\"2014-06-21T13:33:59+00:00\",\"dateModified\":\"2016-08-19T10:27:04+00:00\",\"breadcrumb\":{\"@id\":\"https:\/\/www.ecodos.eu\/de\/kontakt\/#breadcrumb\"},\"inLanguage\":\"de\",\"potentialAction\":[{\"@type\":\"ReadAction\",\"target\":[\"https:\/\/www.ecodos.eu\/de\/kontakt\/\"]}]},{\"@type\":\"BreadcrumbList\",\"@id\":\"https:\/\/www.ecodos.eu\/de\/kontakt\/#breadcrumb\",\"itemListElement\":[{\"@type\":\"ListItem\",\"position\":1,\"name\":\"Home\",\"item\":\"https:\/\/www.ecodos.eu\/de\/\"},{\"@type\":\"ListItem\",\"position\":2,\"name\":\"Kontakt\"}]}]}<\/script>\n<!-- \/ Yoast SEO plugin. -->","yoast_head_json":{"title":"Kontakt - Ecodos","robots":{"index":"index","follow":"follow","max-snippet":"max-snippet:-1","max-image-preview":"max-image-preview:large","max-video-preview":"max-video-preview:-1"},"canonical":"https:\/\/www.ecodos.eu\/de\/kontakt\/","og_locale":"de_DE","og_type":"article","og_title":"Kontakt - Ecodos","og_description":"Kontakt\/ impressum Ecodos ist ein registriertes Markenzeichen von Spectro B.V.: Hersteller von Reinigungsmitteln zur professionellen Anwendung. Weitere Informationen \u00fcber Spectro erhalten Sie auf unserer Webseite: www.spectro.nl Ecodos wird ausschlie\u00dflich \u00fcber ein Netzwerk ausgew\u00e4hlter H\u00e4ndler vertrieben. Bei Fragen zum H\u00e4ndler in Ihrer N\u00e4he k\u00f6nnen Sie uns kontaktieren: Spectro B.V. Grevelingenmeer 2 &hellip; Read more &rarr;","og_url":"https:\/\/www.ecodos.eu\/de\/kontakt\/","og_site_name":"Ecodos","article_modified_time":"2016-08-19T10:27:04+00:00","og_image":[{"url":"https:\/\/www.ecodos.eu\/wp-content\/uploads\/twitter.png"}],"twitter_card":"summary","twitter_misc":{"Gesch\u00e4tzte Lesezeit":"1\u00a0Minute"},"schema":{"@context":"https:\/\/schema.org","@graph":[{"@type":"WebSite","@id":"https:\/\/www.ecodos.eu\/#website","url":"https:\/\/www.ecodos.eu\/","name":"Ecodos","description":"En nog een WordPress site","potentialAction":[{"@type":"SearchAction","target":{"@type":"EntryPoint","urlTemplate":"https:\/\/www.ecodos.eu\/?s={search_term_string}"},"query-input":"required name=search_term_string"}],"inLanguage":"de"},{"@type":"WebPage","@id":"https:\/\/www.ecodos.eu\/de\/kontakt\/","url":"https:\/\/www.ecodos.eu\/de\/kontakt\/","name":"Kontakt - Ecodos","isPartOf":{"@id":"https:\/\/www.ecodos.eu\/#website"},"datePublished":"2014-06-21T13:33:59+00:00","dateModified":"2016-08-19T10:27:04+00:00","breadcrumb":{"@id":"https:\/\/www.ecodos.eu\/de\/kontakt\/#breadcrumb"},"inLanguage":"de","potentialAction":[{"@type":"ReadAction","target":["https:\/\/www.ecodos.eu\/de\/kontakt\/"]}]},{"@type":"BreadcrumbList","@id":"https:\/\/www.ecodos.eu\/de\/kontakt\/#breadcrumb","itemListElement":[{"@type":"ListItem","position":1,"name":"Home","item":"https:\/\/www.ecodos.eu\/de\/"},{"@type":"ListItem","position":2,"name":"Kontakt"}]}]}},"_links":{"self":[{"href":"https:\/\/www.ecodos.eu\/de\/wp-json\/wp\/v2\/pages\/544\/"}],"collection":[{"href":"https:\/\/www.ecodos.eu\/de\/wp-json\/wp\/v2\/pages\/"}],"about":[{"href":"https:\/\/www.ecodos.eu\/de\/wp-json\/wp\/v2\/types\/page\/"}],"author":[{"embeddable":true,"href":"https:\/\/www.ecodos.eu\/de\/wp-json\/wp\/v2\/users\/2\/"}],"replies":[{"embeddable":true,"href":"https:\/\/www.ecodos.eu\/de\/wp-json\/wp\/v2\/comments\/?post=544"}],"version-history":[{"count":15,"href":"https:\/\/www.ecodos.eu\/de\/wp-json\/wp\/v2\/pages\/544\/revisions\/"}],"predecessor-version":[{"id":1172,"href":"https:\/\/www.ecodos.eu\/de\/wp-json\/wp\/v2\/pages\/544\/revisions\/1172\/"}],"wp:attachment":[{"href":"https:\/\/www.ecodos.eu\/de\/wp-json\/wp\/v2\/media\/?parent=544"}],"curies":[{"name":"wp","href":"https:\/\/api.w.org\/{rel}","templated":true}]}}