{"id":526,"date":"2014-06-21T14:19:42","date_gmt":"2014-06-21T13:19:42","guid":{"rendered":"http:\/\/www.ecodos.eu\/?page_id=526"},"modified":"2014-06-21T15:02:51","modified_gmt":"2014-06-21T14:02:51","slug":"service","status":"publish","type":"page","link":"https:\/\/www.ecodos.eu\/de\/service\/","title":{"rendered":"Service"},"content":{"rendered":"<div class=\"block-title\"><span>Service<\/span><\/div>\n<p><strong>iHACCP <\/strong><br \/>\niHACCP ist ein Online-Tool zur Anfertigung von Reinigungspl\u00e4nen, Checklisten, Produktinformationsbl\u00e4ttern Hygieneanweisungen usw. in 3 Stufen. Mit fast jedem Smartphone oder Tablet kann ein H\u00e4ndler vor Ort alle zu reinigenden Objekte feststellen.<br \/>\nAnschlie\u00dfend generiert iHACCP einen vollst\u00e4ndigen ma\u00dfgeschneiderten Hygieneplan. Letztere Stufe ist eine ausgezeichnete Schulung f\u00fcr das Personal im Hinblick auf ein hygienisches, sicheres und umweltbewusstes Arbeiten. Informieren Sie sich bei Ihrem Ansprechpartner \u00fcber die M\u00f6glichkeiten von iHACCP.<\/p>\n<p><strong>Schulung und Anleitung<\/strong><br \/>\nWir schulen Reinigungpersonal und statten es mit Informationen zu einer effektiveren, hygienischeren, sichereren und umweltfreundlicheren Reinigung aus. Au\u00dferdem haben wir auf unserem YouTube-Kanal Anleitungsfilme dar\u00fcber ver\u00f6ffentlicht, wie unsere Produkte verwendet werden m\u00fcssen.<\/p>\n<p><strong>Montage und Wartung<\/strong><br \/>\nUnser Installations- und St\u00f6rungsteam arbeitet sowohl in Belgien wie in den Niederlanden. Die Monteure sind SEI (Stiftung Zulassung Installationsbetriebe) und VCA** (Sicherheits-, Gesundheits- und Umwelt-Checkliste Unternehmer) zertifiziert. Unsere Berater werden ausf\u00fchrlich und kontinuierlich geschult, um den Wissensstand so hoch wie m\u00f6glich zu halten.<\/p>\n","protected":false},"excerpt":{"rendered":"<p>Service iHACCP iHACCP ist ein Online-Tool zur Anfertigung von Reinigungspl\u00e4nen, Checklisten, Produktinformationsbl\u00e4ttern Hygieneanweisungen usw. in 3 Stufen. Mit fast jedem Smartphone oder Tablet kann ein H\u00e4ndler vor Ort alle zu reinigenden Objekte feststellen. Anschlie\u00dfend generiert iHACCP einen vollst\u00e4ndigen ma\u00dfgeschneiderten Hygieneplan. Letztere Stufe ist eine ausgezeichnete Schulung f\u00fcr das Personal im &hellip; <a href=\"https:\/\/www.ecodos.eu\/de\/service\/\" class=\"morelink\">Read more &rarr;<\/a><\/p>\n","protected":false},"author":2,"featured_media":0,"parent":0,"menu_order":0,"comment_status":"open","ping_status":"open","template":"template-fullwidth.php","meta":[],"acf":[],"yoast_head":"<!-- This site is optimized with the Yoast SEO plugin v19.4 - https:\/\/yoast.com\/wordpress\/plugins\/seo\/ -->\n<title>Service - Ecodos<\/title>\n<meta name=\"robots\" content=\"index, follow, max-snippet:-1, max-image-preview:large, max-video-preview:-1\" \/>\n<link rel=\"canonical\" href=\"https:\/\/www.ecodos.eu\/de\/service\/\" \/>\n<meta property=\"og:locale\" content=\"de_DE\" \/>\n<meta property=\"og:type\" content=\"article\" \/>\n<meta property=\"og:title\" content=\"Service - Ecodos\" \/>\n<meta property=\"og:description\" content=\"Service iHACCP iHACCP ist ein Online-Tool zur Anfertigung von Reinigungspl\u00e4nen, Checklisten, Produktinformationsbl\u00e4ttern Hygieneanweisungen usw. in 3 Stufen. Mit fast jedem Smartphone oder Tablet kann ein H\u00e4ndler vor Ort alle zu reinigenden Objekte feststellen. Anschlie\u00dfend generiert iHACCP einen vollst\u00e4ndigen ma\u00dfgeschneiderten Hygieneplan. Letztere Stufe ist eine ausgezeichnete Schulung f\u00fcr das Personal im &hellip; Read more &rarr;\" \/>\n<meta property=\"og:url\" content=\"https:\/\/www.ecodos.eu\/de\/service\/\" \/>\n<meta property=\"og:site_name\" content=\"Ecodos\" \/>\n<meta property=\"article:modified_time\" content=\"2014-06-21T14:02:51+00:00\" \/>\n<meta name=\"twitter:card\" content=\"summary\" \/>\n<meta name=\"twitter:label1\" content=\"Gesch\u00e4tzte Lesezeit\" \/>\n\t<meta name=\"twitter:data1\" content=\"1\u00a0Minute\" \/>\n<script type=\"application\/ld+json\" class=\"yoast-schema-graph\">{\"@context\":\"https:\/\/schema.org\",\"@graph\":[{\"@type\":\"WebSite\",\"@id\":\"https:\/\/www.ecodos.eu\/#website\",\"url\":\"https:\/\/www.ecodos.eu\/\",\"name\":\"Ecodos\",\"description\":\"En nog een WordPress site\",\"potentialAction\":[{\"@type\":\"SearchAction\",\"target\":{\"@type\":\"EntryPoint\",\"urlTemplate\":\"https:\/\/www.ecodos.eu\/?s={search_term_string}\"},\"query-input\":\"required name=search_term_string\"}],\"inLanguage\":\"de\"},{\"@type\":\"WebPage\",\"@id\":\"https:\/\/www.ecodos.eu\/de\/service\/\",\"url\":\"https:\/\/www.ecodos.eu\/de\/service\/\",\"name\":\"Service - Ecodos\",\"isPartOf\":{\"@id\":\"https:\/\/www.ecodos.eu\/#website\"},\"datePublished\":\"2014-06-21T13:19:42+00:00\",\"dateModified\":\"2014-06-21T14:02:51+00:00\",\"breadcrumb\":{\"@id\":\"https:\/\/www.ecodos.eu\/de\/service\/#breadcrumb\"},\"inLanguage\":\"de\",\"potentialAction\":[{\"@type\":\"ReadAction\",\"target\":[\"https:\/\/www.ecodos.eu\/de\/service\/\"]}]},{\"@type\":\"BreadcrumbList\",\"@id\":\"https:\/\/www.ecodos.eu\/de\/service\/#breadcrumb\",\"itemListElement\":[{\"@type\":\"ListItem\",\"position\":1,\"name\":\"Home\",\"item\":\"https:\/\/www.ecodos.eu\/de\/\"},{\"@type\":\"ListItem\",\"position\":2,\"name\":\"Service\"}]}]}<\/script>\n<!-- \/ Yoast SEO plugin. -->","yoast_head_json":{"title":"Service - Ecodos","robots":{"index":"index","follow":"follow","max-snippet":"max-snippet:-1","max-image-preview":"max-image-preview:large","max-video-preview":"max-video-preview:-1"},"canonical":"https:\/\/www.ecodos.eu\/de\/service\/","og_locale":"de_DE","og_type":"article","og_title":"Service - Ecodos","og_description":"Service iHACCP iHACCP ist ein Online-Tool zur Anfertigung von Reinigungspl\u00e4nen, Checklisten, Produktinformationsbl\u00e4ttern Hygieneanweisungen usw. in 3 Stufen. Mit fast jedem Smartphone oder Tablet kann ein H\u00e4ndler vor Ort alle zu reinigenden Objekte feststellen. Anschlie\u00dfend generiert iHACCP einen vollst\u00e4ndigen ma\u00dfgeschneiderten Hygieneplan. Letztere Stufe ist eine ausgezeichnete Schulung f\u00fcr das Personal im &hellip; Read more &rarr;","og_url":"https:\/\/www.ecodos.eu\/de\/service\/","og_site_name":"Ecodos","article_modified_time":"2014-06-21T14:02:51+00:00","twitter_card":"summary","twitter_misc":{"Gesch\u00e4tzte Lesezeit":"1\u00a0Minute"},"schema":{"@context":"https:\/\/schema.org","@graph":[{"@type":"WebSite","@id":"https:\/\/www.ecodos.eu\/#website","url":"https:\/\/www.ecodos.eu\/","name":"Ecodos","description":"En nog een WordPress site","potentialAction":[{"@type":"SearchAction","target":{"@type":"EntryPoint","urlTemplate":"https:\/\/www.ecodos.eu\/?s={search_term_string}"},"query-input":"required name=search_term_string"}],"inLanguage":"de"},{"@type":"WebPage","@id":"https:\/\/www.ecodos.eu\/de\/service\/","url":"https:\/\/www.ecodos.eu\/de\/service\/","name":"Service - Ecodos","isPartOf":{"@id":"https:\/\/www.ecodos.eu\/#website"},"datePublished":"2014-06-21T13:19:42+00:00","dateModified":"2014-06-21T14:02:51+00:00","breadcrumb":{"@id":"https:\/\/www.ecodos.eu\/de\/service\/#breadcrumb"},"inLanguage":"de","potentialAction":[{"@type":"ReadAction","target":["https:\/\/www.ecodos.eu\/de\/service\/"]}]},{"@type":"BreadcrumbList","@id":"https:\/\/www.ecodos.eu\/de\/service\/#breadcrumb","itemListElement":[{"@type":"ListItem","position":1,"name":"Home","item":"https:\/\/www.ecodos.eu\/de\/"},{"@type":"ListItem","position":2,"name":"Service"}]}]}},"_links":{"self":[{"href":"https:\/\/www.ecodos.eu\/de\/wp-json\/wp\/v2\/pages\/526\/"}],"collection":[{"href":"https:\/\/www.ecodos.eu\/de\/wp-json\/wp\/v2\/pages\/"}],"about":[{"href":"https:\/\/www.ecodos.eu\/de\/wp-json\/wp\/v2\/types\/page\/"}],"author":[{"embeddable":true,"href":"https:\/\/www.ecodos.eu\/de\/wp-json\/wp\/v2\/users\/2\/"}],"replies":[{"embeddable":true,"href":"https:\/\/www.ecodos.eu\/de\/wp-json\/wp\/v2\/comments\/?post=526"}],"version-history":[{"count":2,"href":"https:\/\/www.ecodos.eu\/de\/wp-json\/wp\/v2\/pages\/526\/revisions\/"}],"predecessor-version":[{"id":528,"href":"https:\/\/www.ecodos.eu\/de\/wp-json\/wp\/v2\/pages\/526\/revisions\/528\/"}],"wp:attachment":[{"href":"https:\/\/www.ecodos.eu\/de\/wp-json\/wp\/v2\/media\/?parent=526"}],"curies":[{"name":"wp","href":"https:\/\/api.w.org\/{rel}","templated":true}]}}