{"id":522,"date":"2014-06-21T14:16:03","date_gmt":"2014-06-21T13:16:03","guid":{"rendered":"http:\/\/www.ecodos.eu\/?page_id=522"},"modified":"2016-05-23T07:37:02","modified_gmt":"2016-05-23T06:37:02","slug":"kuchenhygiene","status":"publish","type":"page","link":"https:\/\/www.ecodos.eu\/de\/kuchenhygiene\/","title":{"rendered":"K\u00fcchenhygiene"},"content":{"rendered":"<div class=\"block-title\"><span>K\u00fcchenhygiene<\/span><\/div>\n<p><strong>0. Sp\u00fclmittel<\/strong><br \/>\nEffektives Produkt f\u00fcr manuelles Geschirrsp\u00fclen. Frei von Farb- oder Duftstoffen. Ist dadurch sehr hautfreundlich.<br \/>\n<a href=\"https:\/\/www.ecodos.eu\/wp-content\/uploads\/PIB-00748A-Ecodos-Geschirrsp\u00fclmittel.pdf\">Produktdatenblatt<\/a><br \/>\n<a href=\"https:\/\/www.ecodos.eu\/wp-content\/uploads\/EU-Ecolabel-certificate-Ecodos-Dishwashing-Liquid.pdf\">EU-\u00d6kolabel Zertifikat<\/a><\/p>\n<p><strong>1. K\u00fcchenreiniger<\/strong><br \/>\nF\u00fcr die t\u00e4gliche Reinigung fast der gesamten K\u00fcche: Fu\u00dfboden, Fliesenw\u00e4nde, Arbeitstische, Kochkessel, Apparaturen usw. Gem\u00e4\u00dfigte Schaumbildung, geeignet als Vorweichmittel.<br \/>\n<a href=\"https:\/\/www.ecodos.eu\/wp-content\/uploads\/PIB-00755A-Ecodos-K\u00fcchenreiniger.pdf\">Produktdatenblatt<\/a><br \/>\n<a href=\"https:\/\/www.ecodos.eu\/wp-content\/uploads\/EU-Ecolabel-certificate-Ecodos.pdf\">EU-\u00d6kolabel Zertifikat<\/a><\/p>\n<p><strong>2. Fettl\u00f6ser<\/strong><br \/>\nZur Entfernung der hartn\u00e4ckigsten Verschmutzungen wie Fett, Rost, Rauchablagerungen usw. Geeignet f\u00fcr die Entfettung\/Reinigung von Abzugskappen, Filtern, Fliesen, Herden und Textilbez\u00fcgen u.a.<br \/>\n<a href=\"https:\/\/www.ecodos.eu\/wp-content\/uploads\/PIB-00777-Ecodos-Fettl\u00f6ser.pdf\">Produktdatenblatt<\/a><br \/>\n<a href=\"https:\/\/www.ecodos.eu\/wp-content\/uploads\/EU-Ecolabel-certificate-Ecodos.pdf\">EU-\u00d6kolabel Zertifikat<\/a><\/p>\n<p><strong>3. Desinfektionsmittel<\/strong><br \/>\nZur schnellen und sicheren Desinfektion aller wasserfesten Oberfl\u00e4chen.<br \/>\n<a href=\"https:\/\/www.ecodos.eu\/wp-content\/uploads\/PIB-00757A-Ecodos-Desinfektionsmittel.pdf\">Produktdatenblatt<\/a><\/p>\n<a href=\"https:\/\/www.ecodos.eu\/wp-content\/uploads\/KeukenreinigingRZ.jpg\" rel=\"gallery-522\"><img loading=\"lazy\" src=\"https:\/\/www.ecodos.eu\/wp-content\/uploads\/KeukenreinigingRZ.jpg\" alt=\"KeukenreinigingRZ\" width=\"400\" height=\"400\" class=\"alignleft size-full wp-image-280\" srcset=\"https:\/\/www.ecodos.eu\/wp-content\/uploads\/KeukenreinigingRZ.jpg 400w, https:\/\/www.ecodos.eu\/wp-content\/uploads\/KeukenreinigingRZ-150x150.jpg 150w\" sizes=\"(max-width: 400px) 100vw, 400px\" \/><\/a>\n","protected":false},"excerpt":{"rendered":"<p>K\u00fcchenhygiene 0. Sp\u00fclmittel Effektives Produkt f\u00fcr manuelles Geschirrsp\u00fclen. Frei von Farb- oder Duftstoffen. Ist dadurch sehr hautfreundlich. Produktdatenblatt EU-\u00d6kolabel Zertifikat 1. K\u00fcchenreiniger F\u00fcr die t\u00e4gliche Reinigung fast der gesamten K\u00fcche: Fu\u00dfboden, Fliesenw\u00e4nde, Arbeitstische, Kochkessel, Apparaturen usw. Gem\u00e4\u00dfigte Schaumbildung, geeignet als Vorweichmittel. Produktdatenblatt EU-\u00d6kolabel Zertifikat 2. Fettl\u00f6ser Zur Entfernung der hartn\u00e4ckigsten &hellip; <a href=\"https:\/\/www.ecodos.eu\/de\/kuchenhygiene\/\" class=\"morelink\">Read more &rarr;<\/a><\/p>\n","protected":false},"author":2,"featured_media":0,"parent":0,"menu_order":0,"comment_status":"open","ping_status":"open","template":"template-fullwidth.php","meta":[],"acf":[],"yoast_head":"<!-- This site is optimized with the Yoast SEO plugin v19.4 - https:\/\/yoast.com\/wordpress\/plugins\/seo\/ -->\n<title>K\u00fcchenhygiene - Ecodos<\/title>\n<meta name=\"robots\" content=\"index, follow, max-snippet:-1, max-image-preview:large, max-video-preview:-1\" \/>\n<link rel=\"canonical\" href=\"https:\/\/www.ecodos.eu\/de\/kuchenhygiene\/\" \/>\n<meta property=\"og:locale\" content=\"de_DE\" \/>\n<meta property=\"og:type\" content=\"article\" \/>\n<meta property=\"og:title\" content=\"K\u00fcchenhygiene - Ecodos\" \/>\n<meta property=\"og:description\" content=\"K\u00fcchenhygiene 0. Sp\u00fclmittel Effektives Produkt f\u00fcr manuelles Geschirrsp\u00fclen. Frei von Farb- oder Duftstoffen. Ist dadurch sehr hautfreundlich. Produktdatenblatt EU-\u00d6kolabel Zertifikat 1. K\u00fcchenreiniger F\u00fcr die t\u00e4gliche Reinigung fast der gesamten K\u00fcche: Fu\u00dfboden, Fliesenw\u00e4nde, Arbeitstische, Kochkessel, Apparaturen usw. Gem\u00e4\u00dfigte Schaumbildung, geeignet als Vorweichmittel. Produktdatenblatt EU-\u00d6kolabel Zertifikat 2. Fettl\u00f6ser Zur Entfernung der hartn\u00e4ckigsten &hellip; Read more &rarr;\" \/>\n<meta property=\"og:url\" content=\"https:\/\/www.ecodos.eu\/de\/kuchenhygiene\/\" \/>\n<meta property=\"og:site_name\" content=\"Ecodos\" \/>\n<meta property=\"article:modified_time\" content=\"2016-05-23T06:37:02+00:00\" \/>\n<meta property=\"og:image\" content=\"https:\/\/www.ecodos.eu\/wp-content\/uploads\/KeukenreinigingRZ.jpg\" \/>\n<meta name=\"twitter:card\" content=\"summary\" \/>\n<script type=\"application\/ld+json\" class=\"yoast-schema-graph\">{\"@context\":\"https:\/\/schema.org\",\"@graph\":[{\"@type\":\"WebSite\",\"@id\":\"https:\/\/www.ecodos.eu\/#website\",\"url\":\"https:\/\/www.ecodos.eu\/\",\"name\":\"Ecodos\",\"description\":\"En nog een WordPress site\",\"potentialAction\":[{\"@type\":\"SearchAction\",\"target\":{\"@type\":\"EntryPoint\",\"urlTemplate\":\"https:\/\/www.ecodos.eu\/?s={search_term_string}\"},\"query-input\":\"required name=search_term_string\"}],\"inLanguage\":\"de\"},{\"@type\":\"WebPage\",\"@id\":\"https:\/\/www.ecodos.eu\/de\/kuchenhygiene\/\",\"url\":\"https:\/\/www.ecodos.eu\/de\/kuchenhygiene\/\",\"name\":\"K\u00fcchenhygiene - Ecodos\",\"isPartOf\":{\"@id\":\"https:\/\/www.ecodos.eu\/#website\"},\"datePublished\":\"2014-06-21T13:16:03+00:00\",\"dateModified\":\"2016-05-23T06:37:02+00:00\",\"breadcrumb\":{\"@id\":\"https:\/\/www.ecodos.eu\/de\/kuchenhygiene\/#breadcrumb\"},\"inLanguage\":\"de\",\"potentialAction\":[{\"@type\":\"ReadAction\",\"target\":[\"https:\/\/www.ecodos.eu\/de\/kuchenhygiene\/\"]}]},{\"@type\":\"BreadcrumbList\",\"@id\":\"https:\/\/www.ecodos.eu\/de\/kuchenhygiene\/#breadcrumb\",\"itemListElement\":[{\"@type\":\"ListItem\",\"position\":1,\"name\":\"Home\",\"item\":\"https:\/\/www.ecodos.eu\/de\/\"},{\"@type\":\"ListItem\",\"position\":2,\"name\":\"K\u00fcchenhygiene\"}]}]}<\/script>\n<!-- \/ Yoast SEO plugin. -->","yoast_head_json":{"title":"K\u00fcchenhygiene - Ecodos","robots":{"index":"index","follow":"follow","max-snippet":"max-snippet:-1","max-image-preview":"max-image-preview:large","max-video-preview":"max-video-preview:-1"},"canonical":"https:\/\/www.ecodos.eu\/de\/kuchenhygiene\/","og_locale":"de_DE","og_type":"article","og_title":"K\u00fcchenhygiene - Ecodos","og_description":"K\u00fcchenhygiene 0. Sp\u00fclmittel Effektives Produkt f\u00fcr manuelles Geschirrsp\u00fclen. Frei von Farb- oder Duftstoffen. Ist dadurch sehr hautfreundlich. Produktdatenblatt EU-\u00d6kolabel Zertifikat 1. K\u00fcchenreiniger F\u00fcr die t\u00e4gliche Reinigung fast der gesamten K\u00fcche: Fu\u00dfboden, Fliesenw\u00e4nde, Arbeitstische, Kochkessel, Apparaturen usw. Gem\u00e4\u00dfigte Schaumbildung, geeignet als Vorweichmittel. Produktdatenblatt EU-\u00d6kolabel Zertifikat 2. Fettl\u00f6ser Zur Entfernung der hartn\u00e4ckigsten &hellip; Read more &rarr;","og_url":"https:\/\/www.ecodos.eu\/de\/kuchenhygiene\/","og_site_name":"Ecodos","article_modified_time":"2016-05-23T06:37:02+00:00","og_image":[{"url":"https:\/\/www.ecodos.eu\/wp-content\/uploads\/KeukenreinigingRZ.jpg"}],"twitter_card":"summary","schema":{"@context":"https:\/\/schema.org","@graph":[{"@type":"WebSite","@id":"https:\/\/www.ecodos.eu\/#website","url":"https:\/\/www.ecodos.eu\/","name":"Ecodos","description":"En nog een WordPress site","potentialAction":[{"@type":"SearchAction","target":{"@type":"EntryPoint","urlTemplate":"https:\/\/www.ecodos.eu\/?s={search_term_string}"},"query-input":"required name=search_term_string"}],"inLanguage":"de"},{"@type":"WebPage","@id":"https:\/\/www.ecodos.eu\/de\/kuchenhygiene\/","url":"https:\/\/www.ecodos.eu\/de\/kuchenhygiene\/","name":"K\u00fcchenhygiene - Ecodos","isPartOf":{"@id":"https:\/\/www.ecodos.eu\/#website"},"datePublished":"2014-06-21T13:16:03+00:00","dateModified":"2016-05-23T06:37:02+00:00","breadcrumb":{"@id":"https:\/\/www.ecodos.eu\/de\/kuchenhygiene\/#breadcrumb"},"inLanguage":"de","potentialAction":[{"@type":"ReadAction","target":["https:\/\/www.ecodos.eu\/de\/kuchenhygiene\/"]}]},{"@type":"BreadcrumbList","@id":"https:\/\/www.ecodos.eu\/de\/kuchenhygiene\/#breadcrumb","itemListElement":[{"@type":"ListItem","position":1,"name":"Home","item":"https:\/\/www.ecodos.eu\/de\/"},{"@type":"ListItem","position":2,"name":"K\u00fcchenhygiene"}]}]}},"_links":{"self":[{"href":"https:\/\/www.ecodos.eu\/de\/wp-json\/wp\/v2\/pages\/522\/"}],"collection":[{"href":"https:\/\/www.ecodos.eu\/de\/wp-json\/wp\/v2\/pages\/"}],"about":[{"href":"https:\/\/www.ecodos.eu\/de\/wp-json\/wp\/v2\/types\/page\/"}],"author":[{"embeddable":true,"href":"https:\/\/www.ecodos.eu\/de\/wp-json\/wp\/v2\/users\/2\/"}],"replies":[{"embeddable":true,"href":"https:\/\/www.ecodos.eu\/de\/wp-json\/wp\/v2\/comments\/?post=522"}],"version-history":[{"count":9,"href":"https:\/\/www.ecodos.eu\/de\/wp-json\/wp\/v2\/pages\/522\/revisions\/"}],"predecessor-version":[{"id":1073,"href":"https:\/\/www.ecodos.eu\/de\/wp-json\/wp\/v2\/pages\/522\/revisions\/1073\/"}],"wp:attachment":[{"href":"https:\/\/www.ecodos.eu\/de\/wp-json\/wp\/v2\/media\/?parent=522"}],"curies":[{"name":"wp","href":"https:\/\/api.w.org\/{rel}","templated":true}]}}