{"id":520,"date":"2014-06-21T14:12:53","date_gmt":"2014-06-21T13:12:53","guid":{"rendered":"http:\/\/www.ecodos.eu\/?page_id=520"},"modified":"2015-05-15T08:47:16","modified_gmt":"2015-05-15T07:47:16","slug":"gebaudereinigung-2","status":"publish","type":"page","link":"https:\/\/www.ecodos.eu\/de\/gebaudereinigung-2\/","title":{"rendered":"Geb\u00e4udereinigung"},"content":{"rendered":"<div class=\"block-title\"><span>Geb\u00e4udereinigung<\/span><\/div>\n<p><strong>1. Allzweckreiniger<\/strong><br \/>\nNeutrales Produkte f\u00fcr die t\u00e4gliche Reinigung in Innenr\u00e4umen: B\u00fcros, Tische, St\u00fchle, T\u00fcren, T\u00fcrpfosten usw.<br \/>\n<a href=\"https:\/\/www.ecodos.eu\/wp-content\/uploads\/PIB-00750-Ecodos-Allzweckreiniger.pdf\">Produktdatenblatt<\/a><br \/>\n<a href=\"https:\/\/www.ecodos.eu\/wp-content\/uploads\/EU-Ecolabel-certificate-Ecodos.pdf\">EU-\u00d6kolabel Zertifikat<\/a><\/p>\n<p><strong>2. Sanit\u00e4rreiniger +<\/strong><br \/>\nNeutrales Produkt f\u00fcr die t\u00e4gliche Reinigung von Sanit\u00e4ranlagen. Entfernt Fett und Schmutz und bindet Kalk.<br \/>\n<a href=\"https:\/\/www.ecodos.eu\/wp-content\/uploads\/PIB-00779-Ecodos-Sanit\u00e4rreiniger-+.pdf\">Produktdatenblatt<\/a><br \/>\n<a href=\"https:\/\/www.ecodos.eu\/wp-content\/uploads\/EU-Ecolabel-certificate-Ecodos.pdf\">EU-\u00d6kolabel Zertifikat<\/a><\/p>\n<p><strong>3. Bodenreiniger<\/strong><br \/>\nNeutrales, schwachsch\u00e4umendes Produkt zur t\u00e4glichen Reinigung aller wasserfesten Fu\u00dfb\u00f6den wie Linoleum, Vinyl, Kunststoff, Gummi, Stein usw. Trocknet ohne Streifen ab und ist f\u00fcr Scheuersaugmaschinen geeignet. Dieses Produkt eignet auch f\u00fcr Microfaser.<br \/>\n<a href=\"https:\/\/www.ecodos.eu\/wp-content\/uploads\/PIB-00772-Ecodos-Bodenreiniger.pdf\">Produktdatenblatt<\/a><br \/>\n<a href=\"https:\/\/www.ecodos.eu\/wp-content\/uploads\/EU-Ecolabel-certificate-Ecodos.pdf\">EU-\u00d6kolabel Zertifikat<\/a><\/p>\n<a href=\"https:\/\/www.ecodos.eu\/wp-content\/uploads\/GebouwenreinigingRZ.jpg\" rel=\"gallery-520\"><img loading=\"lazy\" src=\"https:\/\/www.ecodos.eu\/wp-content\/uploads\/GebouwenreinigingRZ.jpg\" alt=\"GebouwenreinigingRZ\" width=\"341\" height=\"400\" class=\"alignleft size-full wp-image-279\" \/><\/a>\n","protected":false},"excerpt":{"rendered":"<p>Geb\u00e4udereinigung 1. Allzweckreiniger Neutrales Produkte f\u00fcr die t\u00e4gliche Reinigung in Innenr\u00e4umen: B\u00fcros, Tische, St\u00fchle, T\u00fcren, T\u00fcrpfosten usw. Produktdatenblatt EU-\u00d6kolabel Zertifikat 2. Sanit\u00e4rreiniger + Neutrales Produkt f\u00fcr die t\u00e4gliche Reinigung von Sanit\u00e4ranlagen. Entfernt Fett und Schmutz und bindet Kalk. Produktdatenblatt EU-\u00d6kolabel Zertifikat 3. Bodenreiniger Neutrales, schwachsch\u00e4umendes Produkt zur t\u00e4glichen Reinigung aller &hellip; <a href=\"https:\/\/www.ecodos.eu\/de\/gebaudereinigung-2\/\" class=\"morelink\">Read more &rarr;<\/a><\/p>\n","protected":false},"author":2,"featured_media":0,"parent":0,"menu_order":0,"comment_status":"open","ping_status":"open","template":"template-fullwidth.php","meta":[],"acf":[],"yoast_head":"<!-- This site is optimized with the Yoast SEO plugin v19.4 - https:\/\/yoast.com\/wordpress\/plugins\/seo\/ -->\n<title>Geb\u00e4udereinigung - Ecodos<\/title>\n<meta name=\"robots\" content=\"index, follow, max-snippet:-1, max-image-preview:large, max-video-preview:-1\" \/>\n<link rel=\"canonical\" href=\"https:\/\/www.ecodos.eu\/de\/gebaudereinigung-2\/\" \/>\n<meta property=\"og:locale\" content=\"de_DE\" \/>\n<meta property=\"og:type\" content=\"article\" \/>\n<meta property=\"og:title\" content=\"Geb\u00e4udereinigung - Ecodos\" \/>\n<meta property=\"og:description\" content=\"Geb\u00e4udereinigung 1. Allzweckreiniger Neutrales Produkte f\u00fcr die t\u00e4gliche Reinigung in Innenr\u00e4umen: B\u00fcros, Tische, St\u00fchle, T\u00fcren, T\u00fcrpfosten usw. Produktdatenblatt EU-\u00d6kolabel Zertifikat 2. Sanit\u00e4rreiniger + Neutrales Produkt f\u00fcr die t\u00e4gliche Reinigung von Sanit\u00e4ranlagen. Entfernt Fett und Schmutz und bindet Kalk. Produktdatenblatt EU-\u00d6kolabel Zertifikat 3. Bodenreiniger Neutrales, schwachsch\u00e4umendes Produkt zur t\u00e4glichen Reinigung aller &hellip; Read more &rarr;\" \/>\n<meta property=\"og:url\" content=\"https:\/\/www.ecodos.eu\/de\/gebaudereinigung-2\/\" \/>\n<meta property=\"og:site_name\" content=\"Ecodos\" \/>\n<meta property=\"article:modified_time\" content=\"2015-05-15T07:47:16+00:00\" \/>\n<meta property=\"og:image\" content=\"https:\/\/www.ecodos.eu\/wp-content\/uploads\/GebouwenreinigingRZ.jpg\" \/>\n<meta name=\"twitter:card\" content=\"summary\" \/>\n<script type=\"application\/ld+json\" class=\"yoast-schema-graph\">{\"@context\":\"https:\/\/schema.org\",\"@graph\":[{\"@type\":\"WebSite\",\"@id\":\"https:\/\/www.ecodos.eu\/#website\",\"url\":\"https:\/\/www.ecodos.eu\/\",\"name\":\"Ecodos\",\"description\":\"En nog een WordPress site\",\"potentialAction\":[{\"@type\":\"SearchAction\",\"target\":{\"@type\":\"EntryPoint\",\"urlTemplate\":\"https:\/\/www.ecodos.eu\/?s={search_term_string}\"},\"query-input\":\"required name=search_term_string\"}],\"inLanguage\":\"de\"},{\"@type\":\"WebPage\",\"@id\":\"https:\/\/www.ecodos.eu\/de\/gebaudereinigung-2\/\",\"url\":\"https:\/\/www.ecodos.eu\/de\/gebaudereinigung-2\/\",\"name\":\"Geb\u00e4udereinigung - Ecodos\",\"isPartOf\":{\"@id\":\"https:\/\/www.ecodos.eu\/#website\"},\"datePublished\":\"2014-06-21T13:12:53+00:00\",\"dateModified\":\"2015-05-15T07:47:16+00:00\",\"breadcrumb\":{\"@id\":\"https:\/\/www.ecodos.eu\/de\/gebaudereinigung-2\/#breadcrumb\"},\"inLanguage\":\"de\",\"potentialAction\":[{\"@type\":\"ReadAction\",\"target\":[\"https:\/\/www.ecodos.eu\/de\/gebaudereinigung-2\/\"]}]},{\"@type\":\"BreadcrumbList\",\"@id\":\"https:\/\/www.ecodos.eu\/de\/gebaudereinigung-2\/#breadcrumb\",\"itemListElement\":[{\"@type\":\"ListItem\",\"position\":1,\"name\":\"Home\",\"item\":\"https:\/\/www.ecodos.eu\/de\/\"},{\"@type\":\"ListItem\",\"position\":2,\"name\":\"Geb\u00e4udereinigung\"}]}]}<\/script>\n<!-- \/ Yoast SEO plugin. -->","yoast_head_json":{"title":"Geb\u00e4udereinigung - Ecodos","robots":{"index":"index","follow":"follow","max-snippet":"max-snippet:-1","max-image-preview":"max-image-preview:large","max-video-preview":"max-video-preview:-1"},"canonical":"https:\/\/www.ecodos.eu\/de\/gebaudereinigung-2\/","og_locale":"de_DE","og_type":"article","og_title":"Geb\u00e4udereinigung - Ecodos","og_description":"Geb\u00e4udereinigung 1. Allzweckreiniger Neutrales Produkte f\u00fcr die t\u00e4gliche Reinigung in Innenr\u00e4umen: B\u00fcros, Tische, St\u00fchle, T\u00fcren, T\u00fcrpfosten usw. Produktdatenblatt EU-\u00d6kolabel Zertifikat 2. Sanit\u00e4rreiniger + Neutrales Produkt f\u00fcr die t\u00e4gliche Reinigung von Sanit\u00e4ranlagen. Entfernt Fett und Schmutz und bindet Kalk. Produktdatenblatt EU-\u00d6kolabel Zertifikat 3. Bodenreiniger Neutrales, schwachsch\u00e4umendes Produkt zur t\u00e4glichen Reinigung aller &hellip; Read more &rarr;","og_url":"https:\/\/www.ecodos.eu\/de\/gebaudereinigung-2\/","og_site_name":"Ecodos","article_modified_time":"2015-05-15T07:47:16+00:00","og_image":[{"url":"https:\/\/www.ecodos.eu\/wp-content\/uploads\/GebouwenreinigingRZ.jpg"}],"twitter_card":"summary","schema":{"@context":"https:\/\/schema.org","@graph":[{"@type":"WebSite","@id":"https:\/\/www.ecodos.eu\/#website","url":"https:\/\/www.ecodos.eu\/","name":"Ecodos","description":"En nog een WordPress site","potentialAction":[{"@type":"SearchAction","target":{"@type":"EntryPoint","urlTemplate":"https:\/\/www.ecodos.eu\/?s={search_term_string}"},"query-input":"required name=search_term_string"}],"inLanguage":"de"},{"@type":"WebPage","@id":"https:\/\/www.ecodos.eu\/de\/gebaudereinigung-2\/","url":"https:\/\/www.ecodos.eu\/de\/gebaudereinigung-2\/","name":"Geb\u00e4udereinigung - Ecodos","isPartOf":{"@id":"https:\/\/www.ecodos.eu\/#website"},"datePublished":"2014-06-21T13:12:53+00:00","dateModified":"2015-05-15T07:47:16+00:00","breadcrumb":{"@id":"https:\/\/www.ecodos.eu\/de\/gebaudereinigung-2\/#breadcrumb"},"inLanguage":"de","potentialAction":[{"@type":"ReadAction","target":["https:\/\/www.ecodos.eu\/de\/gebaudereinigung-2\/"]}]},{"@type":"BreadcrumbList","@id":"https:\/\/www.ecodos.eu\/de\/gebaudereinigung-2\/#breadcrumb","itemListElement":[{"@type":"ListItem","position":1,"name":"Home","item":"https:\/\/www.ecodos.eu\/de\/"},{"@type":"ListItem","position":2,"name":"Geb\u00e4udereinigung"}]}]}},"_links":{"self":[{"href":"https:\/\/www.ecodos.eu\/de\/wp-json\/wp\/v2\/pages\/520\/"}],"collection":[{"href":"https:\/\/www.ecodos.eu\/de\/wp-json\/wp\/v2\/pages\/"}],"about":[{"href":"https:\/\/www.ecodos.eu\/de\/wp-json\/wp\/v2\/types\/page\/"}],"author":[{"embeddable":true,"href":"https:\/\/www.ecodos.eu\/de\/wp-json\/wp\/v2\/users\/2\/"}],"replies":[{"embeddable":true,"href":"https:\/\/www.ecodos.eu\/de\/wp-json\/wp\/v2\/comments\/?post=520"}],"version-history":[{"count":10,"href":"https:\/\/www.ecodos.eu\/de\/wp-json\/wp\/v2\/pages\/520\/revisions\/"}],"predecessor-version":[{"id":873,"href":"https:\/\/www.ecodos.eu\/de\/wp-json\/wp\/v2\/pages\/520\/revisions\/873\/"}],"wp:attachment":[{"href":"https:\/\/www.ecodos.eu\/de\/wp-json\/wp\/v2\/media\/?parent=520"}],"curies":[{"name":"wp","href":"https:\/\/api.w.org\/{rel}","templated":true}]}}