{"id":516,"date":"2014-06-21T14:07:32","date_gmt":"2014-06-21T13:07:32","guid":{"rendered":"http:\/\/www.ecodos.eu\/?page_id=516"},"modified":"2016-11-24T09:06:48","modified_gmt":"2016-11-24T08:06:48","slug":"geschirrspulmittel","status":"publish","type":"page","link":"https:\/\/www.ecodos.eu\/de\/geschirrspulmittel\/","title":{"rendered":"Geschirrsp\u00fclmittel"},"content":{"rendered":"<div class=\"block-title\"><span>Geschirrsp\u00fclmittel<\/span><\/div>\n<p><strong>1. Geschirrsp\u00fclmittel<\/strong><br \/>\nAlkalisches, chlorfreies Produkt, f\u00fcr alle Geschirrarten und Verschmutzungen in gewerblichen Sp\u00fclmaschinen geeignet. Entfernt auch Kaffee- und Teer\u00fcckst\u00e4nde.<br \/>\n<a href=\"https:\/\/www.ecodos.eu\/wp-content\/uploads\/EU-Ecolabel-certificate-Ecodos-Dishwashing.pdf\">EU-\u00d6kolabel Zertifikat<\/a><br \/>\n<a href=\"https:\/\/www.ecodos.eu\/wp-content\/uploads\/PIB-00766-Ecodos-Geschirrsp\u00fclmittel1.pdf\">Produktdatenblatt<\/a><\/p>\n<p><strong>2. Klarsp\u00fcler<\/strong><br \/>\nMild-saures Produkt f\u00fcr streifenloses Nachsp\u00fclen aller Abwascharten.<br \/>\n<a href=\"https:\/\/www.ecodos.eu\/wp-content\/uploads\/EU-Ecolabel-certificate-Ecodos-Dishwashing.pdf\">EU-\u00d6kolabel Zertifikat<\/a><br \/>\n<a href=\"https:\/\/www.ecodos.eu\/wp-content\/uploads\/PIB-00767-Ecodos-Klarsp\u00fcler1.pdf\">Produktdatenblatt<\/a><\/p>\n<img loading=\"lazy\" src=\"https:\/\/www.ecodos.eu\/wp-content\/uploads\/Ecodos-Compact-cartridges.jpg\" alt=\"Ecodos Compact cartridges\" width=\"400\" height=\"400\" class=\"alignleft size-full wp-image-414\" srcset=\"https:\/\/www.ecodos.eu\/wp-content\/uploads\/Ecodos-Compact-cartridges.jpg 400w, https:\/\/www.ecodos.eu\/wp-content\/uploads\/Ecodos-Compact-cartridges-150x150.jpg 150w\" sizes=\"(max-width: 400px) 100vw, 400px\" \/>\n","protected":false},"excerpt":{"rendered":"<p>Geschirrsp\u00fclmittel 1. Geschirrsp\u00fclmittel Alkalisches, chlorfreies Produkt, f\u00fcr alle Geschirrarten und Verschmutzungen in gewerblichen Sp\u00fclmaschinen geeignet. Entfernt auch Kaffee- und Teer\u00fcckst\u00e4nde. EU-\u00d6kolabel Zertifikat Produktdatenblatt 2. Klarsp\u00fcler Mild-saures Produkt f\u00fcr streifenloses Nachsp\u00fclen aller Abwascharten. EU-\u00d6kolabel Zertifikat Produktdatenblatt<\/p>\n","protected":false},"author":2,"featured_media":0,"parent":0,"menu_order":0,"comment_status":"open","ping_status":"open","template":"template-fullwidth.php","meta":[],"acf":[],"yoast_head":"<!-- This site is optimized with the Yoast SEO plugin v19.4 - https:\/\/yoast.com\/wordpress\/plugins\/seo\/ -->\n<title>Geschirrsp\u00fclmittel - Ecodos<\/title>\n<meta name=\"robots\" content=\"index, follow, max-snippet:-1, max-image-preview:large, max-video-preview:-1\" \/>\n<link rel=\"canonical\" href=\"https:\/\/www.ecodos.eu\/de\/geschirrspulmittel\/\" \/>\n<meta property=\"og:locale\" content=\"de_DE\" \/>\n<meta property=\"og:type\" content=\"article\" \/>\n<meta property=\"og:title\" content=\"Geschirrsp\u00fclmittel - Ecodos\" \/>\n<meta property=\"og:description\" content=\"Geschirrsp\u00fclmittel 1. Geschirrsp\u00fclmittel Alkalisches, chlorfreies Produkt, f\u00fcr alle Geschirrarten und Verschmutzungen in gewerblichen Sp\u00fclmaschinen geeignet. Entfernt auch Kaffee- und Teer\u00fcckst\u00e4nde. EU-\u00d6kolabel Zertifikat Produktdatenblatt 2. Klarsp\u00fcler Mild-saures Produkt f\u00fcr streifenloses Nachsp\u00fclen aller Abwascharten. EU-\u00d6kolabel Zertifikat Produktdatenblatt\" \/>\n<meta property=\"og:url\" content=\"https:\/\/www.ecodos.eu\/de\/geschirrspulmittel\/\" \/>\n<meta property=\"og:site_name\" content=\"Ecodos\" \/>\n<meta property=\"article:modified_time\" content=\"2016-11-24T08:06:48+00:00\" \/>\n<meta property=\"og:image\" content=\"https:\/\/www.ecodos.eu\/wp-content\/uploads\/Ecodos-Compact-cartridges.jpg\" \/>\n<meta name=\"twitter:card\" content=\"summary\" \/>\n<script type=\"application\/ld+json\" class=\"yoast-schema-graph\">{\"@context\":\"https:\/\/schema.org\",\"@graph\":[{\"@type\":\"WebSite\",\"@id\":\"https:\/\/www.ecodos.eu\/#website\",\"url\":\"https:\/\/www.ecodos.eu\/\",\"name\":\"Ecodos\",\"description\":\"En nog een WordPress site\",\"potentialAction\":[{\"@type\":\"SearchAction\",\"target\":{\"@type\":\"EntryPoint\",\"urlTemplate\":\"https:\/\/www.ecodos.eu\/?s={search_term_string}\"},\"query-input\":\"required name=search_term_string\"}],\"inLanguage\":\"de\"},{\"@type\":\"WebPage\",\"@id\":\"https:\/\/www.ecodos.eu\/de\/geschirrspulmittel\/\",\"url\":\"https:\/\/www.ecodos.eu\/de\/geschirrspulmittel\/\",\"name\":\"Geschirrsp\u00fclmittel - Ecodos\",\"isPartOf\":{\"@id\":\"https:\/\/www.ecodos.eu\/#website\"},\"datePublished\":\"2014-06-21T13:07:32+00:00\",\"dateModified\":\"2016-11-24T08:06:48+00:00\",\"breadcrumb\":{\"@id\":\"https:\/\/www.ecodos.eu\/de\/geschirrspulmittel\/#breadcrumb\"},\"inLanguage\":\"de\",\"potentialAction\":[{\"@type\":\"ReadAction\",\"target\":[\"https:\/\/www.ecodos.eu\/de\/geschirrspulmittel\/\"]}]},{\"@type\":\"BreadcrumbList\",\"@id\":\"https:\/\/www.ecodos.eu\/de\/geschirrspulmittel\/#breadcrumb\",\"itemListElement\":[{\"@type\":\"ListItem\",\"position\":1,\"name\":\"Home\",\"item\":\"https:\/\/www.ecodos.eu\/de\/\"},{\"@type\":\"ListItem\",\"position\":2,\"name\":\"Geschirrsp\u00fclmittel\"}]}]}<\/script>\n<!-- \/ Yoast SEO plugin. -->","yoast_head_json":{"title":"Geschirrsp\u00fclmittel - Ecodos","robots":{"index":"index","follow":"follow","max-snippet":"max-snippet:-1","max-image-preview":"max-image-preview:large","max-video-preview":"max-video-preview:-1"},"canonical":"https:\/\/www.ecodos.eu\/de\/geschirrspulmittel\/","og_locale":"de_DE","og_type":"article","og_title":"Geschirrsp\u00fclmittel - Ecodos","og_description":"Geschirrsp\u00fclmittel 1. Geschirrsp\u00fclmittel Alkalisches, chlorfreies Produkt, f\u00fcr alle Geschirrarten und Verschmutzungen in gewerblichen Sp\u00fclmaschinen geeignet. Entfernt auch Kaffee- und Teer\u00fcckst\u00e4nde. EU-\u00d6kolabel Zertifikat Produktdatenblatt 2. Klarsp\u00fcler Mild-saures Produkt f\u00fcr streifenloses Nachsp\u00fclen aller Abwascharten. EU-\u00d6kolabel Zertifikat Produktdatenblatt","og_url":"https:\/\/www.ecodos.eu\/de\/geschirrspulmittel\/","og_site_name":"Ecodos","article_modified_time":"2016-11-24T08:06:48+00:00","og_image":[{"url":"https:\/\/www.ecodos.eu\/wp-content\/uploads\/Ecodos-Compact-cartridges.jpg"}],"twitter_card":"summary","schema":{"@context":"https:\/\/schema.org","@graph":[{"@type":"WebSite","@id":"https:\/\/www.ecodos.eu\/#website","url":"https:\/\/www.ecodos.eu\/","name":"Ecodos","description":"En nog een WordPress site","potentialAction":[{"@type":"SearchAction","target":{"@type":"EntryPoint","urlTemplate":"https:\/\/www.ecodos.eu\/?s={search_term_string}"},"query-input":"required name=search_term_string"}],"inLanguage":"de"},{"@type":"WebPage","@id":"https:\/\/www.ecodos.eu\/de\/geschirrspulmittel\/","url":"https:\/\/www.ecodos.eu\/de\/geschirrspulmittel\/","name":"Geschirrsp\u00fclmittel - Ecodos","isPartOf":{"@id":"https:\/\/www.ecodos.eu\/#website"},"datePublished":"2014-06-21T13:07:32+00:00","dateModified":"2016-11-24T08:06:48+00:00","breadcrumb":{"@id":"https:\/\/www.ecodos.eu\/de\/geschirrspulmittel\/#breadcrumb"},"inLanguage":"de","potentialAction":[{"@type":"ReadAction","target":["https:\/\/www.ecodos.eu\/de\/geschirrspulmittel\/"]}]},{"@type":"BreadcrumbList","@id":"https:\/\/www.ecodos.eu\/de\/geschirrspulmittel\/#breadcrumb","itemListElement":[{"@type":"ListItem","position":1,"name":"Home","item":"https:\/\/www.ecodos.eu\/de\/"},{"@type":"ListItem","position":2,"name":"Geschirrsp\u00fclmittel"}]}]}},"_links":{"self":[{"href":"https:\/\/www.ecodos.eu\/de\/wp-json\/wp\/v2\/pages\/516\/"}],"collection":[{"href":"https:\/\/www.ecodos.eu\/de\/wp-json\/wp\/v2\/pages\/"}],"about":[{"href":"https:\/\/www.ecodos.eu\/de\/wp-json\/wp\/v2\/types\/page\/"}],"author":[{"embeddable":true,"href":"https:\/\/www.ecodos.eu\/de\/wp-json\/wp\/v2\/users\/2\/"}],"replies":[{"embeddable":true,"href":"https:\/\/www.ecodos.eu\/de\/wp-json\/wp\/v2\/comments\/?post=516"}],"version-history":[{"count":8,"href":"https:\/\/www.ecodos.eu\/de\/wp-json\/wp\/v2\/pages\/516\/revisions\/"}],"predecessor-version":[{"id":1364,"href":"https:\/\/www.ecodos.eu\/de\/wp-json\/wp\/v2\/pages\/516\/revisions\/1364\/"}],"wp:attachment":[{"href":"https:\/\/www.ecodos.eu\/de\/wp-json\/wp\/v2\/media\/?parent=516"}],"curies":[{"name":"wp","href":"https:\/\/api.w.org\/{rel}","templated":true}]}}