{"id":513,"date":"2014-06-21T14:05:26","date_gmt":"2014-06-21T13:05:26","guid":{"rendered":"http:\/\/www.ecodos.eu\/?page_id=513"},"modified":"2018-02-05T20:13:49","modified_gmt":"2018-02-05T19:13:49","slug":"dosierflasche","status":"publish","type":"page","link":"https:\/\/www.ecodos.eu\/de\/produkten\/dosierflasche\/","title":{"rendered":"Dosierflasche"},"content":{"rendered":"<div class=\"block-title\"><span>Dosierflasche<\/span><\/div>\n<div class=\"block half\">\nHochkonzentrierte, \u00f6kologische Reinigungsmittel (bis zu 5 mal konzentrierter als herk\u00f6mmliche Produkte) und anwendungsfreundliche Dosierflaschen zur t\u00e4glichen professionellen Reinigung von <a href=\"https:\/\/www.ecodos.eu\/de\/gebaudereinigung-2\/\" title=\"Geb\u00e4udereinigung\">Geb\u00e4uden<\/a>, <a href=\"https:\/\/www.ecodos.eu\/de\/kuchenhygiene\/\" title=\"K\u00fcchenhygiene\">K\u00fcchen<\/a> und <a href=\"https:\/\/www.ecodos.eu\/de\/ecodet-waschmittel\/\" title=\"Waschmittel\">Waschmittel<\/a>.<\/p>\n<a href=\"https:\/\/www.ecodos.eu\/wp-content\/uploads\/Dosage-Bottle.png\" rel=\"gallery-513\"><img loading=\"lazy\" src=\"https:\/\/www.ecodos.eu\/wp-content\/uploads\/Dosage-Bottle.png\" alt=\"Dosage Bottle\" width=\"490\" height=\"490\" class=\"alignnone size-full wp-image-188\" srcset=\"https:\/\/www.ecodos.eu\/wp-content\/uploads\/Dosage-Bottle.png 490w, https:\/\/www.ecodos.eu\/wp-content\/uploads\/Dosage-Bottle-150x150.png 150w\" sizes=\"(max-width: 490px) 100vw, 490px\" \/><\/a>\n<p><iframe loading=\"lazy\" width=\"700\" height=\"394\" src=\"https:\/\/www.youtube.com\/embed\/QnmSOiCOotw?feature=oembed\" frameborder=\"0\" allow=\"autoplay; encrypted-media\" allowfullscreen><\/iframe>\n<\/div>\n<div class=\"block half last\">\n<strong>Exakte Dosierung<\/strong><br \/>\nDie Spezialkappen auf den Dosierflaschen garantieren eine exakte Produktmenge.<\/p>\n<p><strong>100% Recycelter Kunststoff<\/strong><br \/>\nDie Dosierflaschen werden aus 100% recyceltem Kunststoff hergestellt.<\/p>\n<p><strong>Ergonomie und Sicherheit<\/strong><br \/>\nDank seiner klaren Farben, Zahlen und Symbole ist das System f\u00fcr jedermann einfach in der Anwendung. Die kompakten und hochkonzentrierten Nachf\u00fcllpackungen sind einfach anzuwenden.<\/p>\n<p><strong>Ausgezeichnete Reinigung<\/strong><br \/>\nEs werden nur drei Produkte f\u00fcr alle t\u00e4glichen Reinigungsarbeiten ben\u00f6tigt, ohne Abstriche bei der Reinigungsqualit\u00e4t.<\/p>\n<p><strong>Schulung und Anleitung<\/strong><br \/>\nWir schulen Ihr Personal in der Anwendung der Dispenser und der Produkte. Und was vielleicht noch wichtiger ist: wir unterst\u00fctzen Ihr Personal bei einer hygienischeren, sichereren und umweltfreundlicheren Arbeit.<\/p>\n<p><strong>Weniger Transport, Lagerung und M\u00fcll<\/strong><br \/>\nDurch die hochkonzentrierten Produkte ist weniger Transport erforderlich, Sie m\u00fcssen weniger vorr\u00e4tig halten und der M\u00fcll wird auf ein absolutes Minimum reduziert. Die Nachf\u00fcllpackungen werden vollst\u00e4ndig entleert.<\/p>\n","protected":false},"excerpt":{"rendered":"<p>Dosierflasche Hochkonzentrierte, \u00f6kologische Reinigungsmittel (bis zu 5 mal konzentrierter als herk\u00f6mmliche Produkte) und anwendungsfreundliche Dosierflaschen zur t\u00e4glichen professionellen Reinigung von Geb\u00e4uden, K\u00fcchen und Waschmittel. Exakte Dosierung Die Spezialkappen auf den Dosierflaschen garantieren eine exakte Produktmenge. 100% Recycelter Kunststoff Die Dosierflaschen werden aus 100% recyceltem Kunststoff hergestellt. Ergonomie und Sicherheit Dank &hellip; <a href=\"https:\/\/www.ecodos.eu\/de\/produkten\/dosierflasche\/\" class=\"morelink\">Read more &rarr;<\/a><\/p>\n","protected":false},"author":2,"featured_media":0,"parent":505,"menu_order":0,"comment_status":"open","ping_status":"open","template":"template-fullwidth.php","meta":[],"acf":[],"yoast_head":"<!-- This site is optimized with the Yoast SEO plugin v19.4 - https:\/\/yoast.com\/wordpress\/plugins\/seo\/ -->\n<title>Dosierflasche - Ecodos<\/title>\n<meta name=\"robots\" content=\"index, follow, max-snippet:-1, max-image-preview:large, max-video-preview:-1\" \/>\n<link rel=\"canonical\" href=\"https:\/\/www.ecodos.eu\/de\/produkten\/dosierflasche\/\" \/>\n<meta property=\"og:locale\" content=\"de_DE\" \/>\n<meta property=\"og:type\" content=\"article\" \/>\n<meta property=\"og:title\" content=\"Dosierflasche - Ecodos\" \/>\n<meta property=\"og:description\" content=\"Dosierflasche Hochkonzentrierte, \u00f6kologische Reinigungsmittel (bis zu 5 mal konzentrierter als herk\u00f6mmliche Produkte) und anwendungsfreundliche Dosierflaschen zur t\u00e4glichen professionellen Reinigung von Geb\u00e4uden, K\u00fcchen und Waschmittel. Exakte Dosierung Die Spezialkappen auf den Dosierflaschen garantieren eine exakte Produktmenge. 100% Recycelter Kunststoff Die Dosierflaschen werden aus 100% recyceltem Kunststoff hergestellt. Ergonomie und Sicherheit Dank &hellip; Read more &rarr;\" \/>\n<meta property=\"og:url\" content=\"https:\/\/www.ecodos.eu\/de\/produkten\/dosierflasche\/\" \/>\n<meta property=\"og:site_name\" content=\"Ecodos\" \/>\n<meta property=\"article:modified_time\" content=\"2018-02-05T19:13:49+00:00\" \/>\n<meta property=\"og:image\" content=\"https:\/\/www.ecodos.eu\/wp-content\/uploads\/Dosage-Bottle.png\" \/>\n<meta name=\"twitter:card\" content=\"summary\" \/>\n<meta name=\"twitter:label1\" content=\"Gesch\u00e4tzte Lesezeit\" \/>\n\t<meta name=\"twitter:data1\" content=\"1\u00a0Minute\" \/>\n<script type=\"application\/ld+json\" class=\"yoast-schema-graph\">{\"@context\":\"https:\/\/schema.org\",\"@graph\":[{\"@type\":\"WebSite\",\"@id\":\"https:\/\/www.ecodos.eu\/#website\",\"url\":\"https:\/\/www.ecodos.eu\/\",\"name\":\"Ecodos\",\"description\":\"En nog een WordPress site\",\"potentialAction\":[{\"@type\":\"SearchAction\",\"target\":{\"@type\":\"EntryPoint\",\"urlTemplate\":\"https:\/\/www.ecodos.eu\/?s={search_term_string}\"},\"query-input\":\"required name=search_term_string\"}],\"inLanguage\":\"de\"},{\"@type\":\"WebPage\",\"@id\":\"https:\/\/www.ecodos.eu\/de\/produkten\/dosierflasche\/\",\"url\":\"https:\/\/www.ecodos.eu\/de\/produkten\/dosierflasche\/\",\"name\":\"Dosierflasche - Ecodos\",\"isPartOf\":{\"@id\":\"https:\/\/www.ecodos.eu\/#website\"},\"datePublished\":\"2014-06-21T13:05:26+00:00\",\"dateModified\":\"2018-02-05T19:13:49+00:00\",\"breadcrumb\":{\"@id\":\"https:\/\/www.ecodos.eu\/de\/produkten\/dosierflasche\/#breadcrumb\"},\"inLanguage\":\"de\",\"potentialAction\":[{\"@type\":\"ReadAction\",\"target\":[\"https:\/\/www.ecodos.eu\/de\/produkten\/dosierflasche\/\"]}]},{\"@type\":\"BreadcrumbList\",\"@id\":\"https:\/\/www.ecodos.eu\/de\/produkten\/dosierflasche\/#breadcrumb\",\"itemListElement\":[{\"@type\":\"ListItem\",\"position\":1,\"name\":\"Home\",\"item\":\"https:\/\/www.ecodos.eu\/de\/\"},{\"@type\":\"ListItem\",\"position\":2,\"name\":\"Produkten\",\"item\":\"https:\/\/www.ecodos.eu\/de\/produkten\/\"},{\"@type\":\"ListItem\",\"position\":3,\"name\":\"Dosierflasche\"}]}]}<\/script>\n<!-- \/ Yoast SEO plugin. -->","yoast_head_json":{"title":"Dosierflasche - Ecodos","robots":{"index":"index","follow":"follow","max-snippet":"max-snippet:-1","max-image-preview":"max-image-preview:large","max-video-preview":"max-video-preview:-1"},"canonical":"https:\/\/www.ecodos.eu\/de\/produkten\/dosierflasche\/","og_locale":"de_DE","og_type":"article","og_title":"Dosierflasche - Ecodos","og_description":"Dosierflasche Hochkonzentrierte, \u00f6kologische Reinigungsmittel (bis zu 5 mal konzentrierter als herk\u00f6mmliche Produkte) und anwendungsfreundliche Dosierflaschen zur t\u00e4glichen professionellen Reinigung von Geb\u00e4uden, K\u00fcchen und Waschmittel. Exakte Dosierung Die Spezialkappen auf den Dosierflaschen garantieren eine exakte Produktmenge. 100% Recycelter Kunststoff Die Dosierflaschen werden aus 100% recyceltem Kunststoff hergestellt. Ergonomie und Sicherheit Dank &hellip; Read more &rarr;","og_url":"https:\/\/www.ecodos.eu\/de\/produkten\/dosierflasche\/","og_site_name":"Ecodos","article_modified_time":"2018-02-05T19:13:49+00:00","og_image":[{"url":"https:\/\/www.ecodos.eu\/wp-content\/uploads\/Dosage-Bottle.png"}],"twitter_card":"summary","twitter_misc":{"Gesch\u00e4tzte Lesezeit":"1\u00a0Minute"},"schema":{"@context":"https:\/\/schema.org","@graph":[{"@type":"WebSite","@id":"https:\/\/www.ecodos.eu\/#website","url":"https:\/\/www.ecodos.eu\/","name":"Ecodos","description":"En nog een WordPress site","potentialAction":[{"@type":"SearchAction","target":{"@type":"EntryPoint","urlTemplate":"https:\/\/www.ecodos.eu\/?s={search_term_string}"},"query-input":"required name=search_term_string"}],"inLanguage":"de"},{"@type":"WebPage","@id":"https:\/\/www.ecodos.eu\/de\/produkten\/dosierflasche\/","url":"https:\/\/www.ecodos.eu\/de\/produkten\/dosierflasche\/","name":"Dosierflasche - Ecodos","isPartOf":{"@id":"https:\/\/www.ecodos.eu\/#website"},"datePublished":"2014-06-21T13:05:26+00:00","dateModified":"2018-02-05T19:13:49+00:00","breadcrumb":{"@id":"https:\/\/www.ecodos.eu\/de\/produkten\/dosierflasche\/#breadcrumb"},"inLanguage":"de","potentialAction":[{"@type":"ReadAction","target":["https:\/\/www.ecodos.eu\/de\/produkten\/dosierflasche\/"]}]},{"@type":"BreadcrumbList","@id":"https:\/\/www.ecodos.eu\/de\/produkten\/dosierflasche\/#breadcrumb","itemListElement":[{"@type":"ListItem","position":1,"name":"Home","item":"https:\/\/www.ecodos.eu\/de\/"},{"@type":"ListItem","position":2,"name":"Produkten","item":"https:\/\/www.ecodos.eu\/de\/produkten\/"},{"@type":"ListItem","position":3,"name":"Dosierflasche"}]}]}},"_links":{"self":[{"href":"https:\/\/www.ecodos.eu\/de\/wp-json\/wp\/v2\/pages\/513\/"}],"collection":[{"href":"https:\/\/www.ecodos.eu\/de\/wp-json\/wp\/v2\/pages\/"}],"about":[{"href":"https:\/\/www.ecodos.eu\/de\/wp-json\/wp\/v2\/types\/page\/"}],"author":[{"embeddable":true,"href":"https:\/\/www.ecodos.eu\/de\/wp-json\/wp\/v2\/users\/2\/"}],"replies":[{"embeddable":true,"href":"https:\/\/www.ecodos.eu\/de\/wp-json\/wp\/v2\/comments\/?post=513"}],"version-history":[{"count":6,"href":"https:\/\/www.ecodos.eu\/de\/wp-json\/wp\/v2\/pages\/513\/revisions\/"}],"predecessor-version":[{"id":1750,"href":"https:\/\/www.ecodos.eu\/de\/wp-json\/wp\/v2\/pages\/513\/revisions\/1750\/"}],"up":[{"embeddable":true,"href":"https:\/\/www.ecodos.eu\/de\/wp-json\/wp\/v2\/pages\/505\/"}],"wp:attachment":[{"href":"https:\/\/www.ecodos.eu\/de\/wp-json\/wp\/v2\/media\/?parent=513"}],"curies":[{"name":"wp","href":"https:\/\/api.w.org\/{rel}","templated":true}]}}