{"id":511,"date":"2014-06-21T14:03:09","date_gmt":"2014-06-21T13:03:09","guid":{"rendered":"http:\/\/www.ecodos.eu\/?page_id=511"},"modified":"2014-06-21T15:02:08","modified_gmt":"2014-06-21T14:02:08","slug":"dispenser","status":"publish","type":"page","link":"https:\/\/www.ecodos.eu\/de\/produkten\/dispenser\/","title":{"rendered":"Dispenser"},"content":{"rendered":"<div class=\"block-title\"><span>Dispenser<\/span><\/div>\n<div class=\"block half\">\nHochkonzentrierte, \u00f6kologische Reinigungsmittel (bis zu 5 mal konzentrierter als herk\u00f6mmliche Produkte) und effektive Dosiereinrichtung f\u00fcr die t\u00e4gliche professionelle Reinigung von <a href=\"https:\/\/www.ecodos.eu\/de\/gebaudereinigung\/\" title=\"Geb\u00e4udereinigung\">Geb\u00e4uden<\/a> und <a href=\"https:\/\/www.ecodos.eu\/de\/kuchenreiniger\/\" title=\"K\u00fcchenreiniger\">K\u00fcchen<\/a>.<\/p>\n<a href=\"https:\/\/www.ecodos.eu\/wp-content\/uploads\/Dispenser.png\" rel=\"gallery-511\"><img loading=\"lazy\" src=\"https:\/\/www.ecodos.eu\/wp-content\/uploads\/Dispenser.png\" alt=\"Dispenser\" width=\"490\" height=\"736\" class=\"alignnone size-full wp-image-178\" \/><\/a>\n<p><iframe loading=\"lazy\" width=\"700\" height=\"394\" src=\"https:\/\/www.youtube.com\/embed\/ZOZ6LNvi_vM?feature=oembed\" frameborder=\"0\" allowfullscreen><\/iframe>\n<\/div>\n<div class=\"block half last\">\n<strong>Die Zeit der \u00dcberdosierung ist vorbei<\/strong><br \/>\nDie Dispenser verhindern \u00dcberdosierungen und garantieren jedes Mal eine exakte Dosierung. Kein Strom- und Wasseranschluss erforderlich.<\/p>\n<p><strong>Ergonomie und Sicherheit<\/strong><br \/>\nDank seiner klaren Farben, Zahlen und Symbole ist das System f\u00fcr jedermann einfach in der Anwendung. Die kompakten und hochkonzentrierten Nachf\u00fcllpackungen sind einfach anzuwenden.<\/p>\n<p><strong>Ausgezeichnete Reinigung<\/strong><br \/>\nEs werden nur drei Produkte f\u00fcr alle t\u00e4glichen Reinigungsarbeiten ben\u00f6tigt, ohne Abstriche bei der Reinigungsqualit\u00e4t.<\/p>\n<p><strong>Schulung und Anleitung<\/strong><br \/>\nWir schulen Ihr Personal in der Anwendung der Dispenser und der Produkte. Und was vielleicht noch wichtiger ist: wir unterst\u00fctzen Ihr Personal bei einer hygienischeren, sichereren und umweltfreundlicheren Arbeit.<\/p>\n<p><strong>Weniger Transport, Lagerung und M\u00fcll<\/strong><br \/>\nDurch die hochkonzentrierten Produkte ist weniger Transport erforderlich, Sie m\u00fcssen weniger vorr\u00e4tig halten und der M\u00fcll wird auf ein absolutes Minimum reduziert. Die Nachf\u00fcllpackungen werden vollst\u00e4ndig entleert.<\/p>\n<p><strong>Diebstahlfrei<\/strong><br \/>\nProduktdiebstahl ist in unserer Branche ein Problem. Unsere Produkte k\u00f6nnen ohne unsere Dispenser nicht verwendet werden. Daher ist ein Diebstahl nutzlos. Wenn die Nachf\u00fcllpackungen einmal sicher im Dispenser untergebracht sind, k\u00f6nnen sie nur mit einem Spezialschl\u00fcssel entfernt werden.<\/p>\n<\/div>\n","protected":false},"excerpt":{"rendered":"<p>Dispenser Hochkonzentrierte, \u00f6kologische Reinigungsmittel (bis zu 5 mal konzentrierter als herk\u00f6mmliche Produkte) und effektive Dosiereinrichtung f\u00fcr die t\u00e4gliche professionelle Reinigung von Geb\u00e4uden und K\u00fcchen. Die Zeit der \u00dcberdosierung ist vorbei Die Dispenser verhindern \u00dcberdosierungen und garantieren jedes Mal eine exakte Dosierung. Kein Strom- und Wasseranschluss erforderlich. Ergonomie und Sicherheit Dank &hellip; <a href=\"https:\/\/www.ecodos.eu\/de\/produkten\/dispenser\/\" class=\"morelink\">Read more &rarr;<\/a><\/p>\n","protected":false},"author":2,"featured_media":0,"parent":505,"menu_order":0,"comment_status":"open","ping_status":"open","template":"template-fullwidth.php","meta":[],"acf":[],"yoast_head":"<!-- This site is optimized with the Yoast SEO plugin v19.4 - https:\/\/yoast.com\/wordpress\/plugins\/seo\/ -->\n<title>Dispenser - Ecodos<\/title>\n<meta name=\"robots\" content=\"index, follow, max-snippet:-1, max-image-preview:large, max-video-preview:-1\" \/>\n<link rel=\"canonical\" href=\"https:\/\/www.ecodos.eu\/de\/produkten\/dispenser\/\" \/>\n<meta property=\"og:locale\" content=\"de_DE\" \/>\n<meta property=\"og:type\" content=\"article\" \/>\n<meta property=\"og:title\" content=\"Dispenser - Ecodos\" \/>\n<meta property=\"og:description\" content=\"Dispenser Hochkonzentrierte, \u00f6kologische Reinigungsmittel (bis zu 5 mal konzentrierter als herk\u00f6mmliche Produkte) und effektive Dosiereinrichtung f\u00fcr die t\u00e4gliche professionelle Reinigung von Geb\u00e4uden und K\u00fcchen. Die Zeit der \u00dcberdosierung ist vorbei Die Dispenser verhindern \u00dcberdosierungen und garantieren jedes Mal eine exakte Dosierung. Kein Strom- und Wasseranschluss erforderlich. Ergonomie und Sicherheit Dank &hellip; Read more &rarr;\" \/>\n<meta property=\"og:url\" content=\"https:\/\/www.ecodos.eu\/de\/produkten\/dispenser\/\" \/>\n<meta property=\"og:site_name\" content=\"Ecodos\" \/>\n<meta property=\"article:modified_time\" content=\"2014-06-21T14:02:08+00:00\" \/>\n<meta property=\"og:image\" content=\"https:\/\/www.ecodos.eu\/wp-content\/uploads\/Dispenser.png\" \/>\n<meta name=\"twitter:card\" content=\"summary\" \/>\n<meta name=\"twitter:label1\" content=\"Gesch\u00e4tzte Lesezeit\" \/>\n\t<meta name=\"twitter:data1\" content=\"1\u00a0Minute\" \/>\n<script type=\"application\/ld+json\" class=\"yoast-schema-graph\">{\"@context\":\"https:\/\/schema.org\",\"@graph\":[{\"@type\":\"WebSite\",\"@id\":\"https:\/\/www.ecodos.eu\/#website\",\"url\":\"https:\/\/www.ecodos.eu\/\",\"name\":\"Ecodos\",\"description\":\"En nog een WordPress site\",\"potentialAction\":[{\"@type\":\"SearchAction\",\"target\":{\"@type\":\"EntryPoint\",\"urlTemplate\":\"https:\/\/www.ecodos.eu\/?s={search_term_string}\"},\"query-input\":\"required name=search_term_string\"}],\"inLanguage\":\"de\"},{\"@type\":\"WebPage\",\"@id\":\"https:\/\/www.ecodos.eu\/de\/produkten\/dispenser\/\",\"url\":\"https:\/\/www.ecodos.eu\/de\/produkten\/dispenser\/\",\"name\":\"Dispenser - Ecodos\",\"isPartOf\":{\"@id\":\"https:\/\/www.ecodos.eu\/#website\"},\"datePublished\":\"2014-06-21T13:03:09+00:00\",\"dateModified\":\"2014-06-21T14:02:08+00:00\",\"breadcrumb\":{\"@id\":\"https:\/\/www.ecodos.eu\/de\/produkten\/dispenser\/#breadcrumb\"},\"inLanguage\":\"de\",\"potentialAction\":[{\"@type\":\"ReadAction\",\"target\":[\"https:\/\/www.ecodos.eu\/de\/produkten\/dispenser\/\"]}]},{\"@type\":\"BreadcrumbList\",\"@id\":\"https:\/\/www.ecodos.eu\/de\/produkten\/dispenser\/#breadcrumb\",\"itemListElement\":[{\"@type\":\"ListItem\",\"position\":1,\"name\":\"Home\",\"item\":\"https:\/\/www.ecodos.eu\/de\/\"},{\"@type\":\"ListItem\",\"position\":2,\"name\":\"Produkten\",\"item\":\"https:\/\/www.ecodos.eu\/de\/produkten\/\"},{\"@type\":\"ListItem\",\"position\":3,\"name\":\"Dispenser\"}]}]}<\/script>\n<!-- \/ Yoast SEO plugin. -->","yoast_head_json":{"title":"Dispenser - Ecodos","robots":{"index":"index","follow":"follow","max-snippet":"max-snippet:-1","max-image-preview":"max-image-preview:large","max-video-preview":"max-video-preview:-1"},"canonical":"https:\/\/www.ecodos.eu\/de\/produkten\/dispenser\/","og_locale":"de_DE","og_type":"article","og_title":"Dispenser - Ecodos","og_description":"Dispenser Hochkonzentrierte, \u00f6kologische Reinigungsmittel (bis zu 5 mal konzentrierter als herk\u00f6mmliche Produkte) und effektive Dosiereinrichtung f\u00fcr die t\u00e4gliche professionelle Reinigung von Geb\u00e4uden und K\u00fcchen. Die Zeit der \u00dcberdosierung ist vorbei Die Dispenser verhindern \u00dcberdosierungen und garantieren jedes Mal eine exakte Dosierung. Kein Strom- und Wasseranschluss erforderlich. Ergonomie und Sicherheit Dank &hellip; Read more &rarr;","og_url":"https:\/\/www.ecodos.eu\/de\/produkten\/dispenser\/","og_site_name":"Ecodos","article_modified_time":"2014-06-21T14:02:08+00:00","og_image":[{"url":"https:\/\/www.ecodos.eu\/wp-content\/uploads\/Dispenser.png"}],"twitter_card":"summary","twitter_misc":{"Gesch\u00e4tzte Lesezeit":"1\u00a0Minute"},"schema":{"@context":"https:\/\/schema.org","@graph":[{"@type":"WebSite","@id":"https:\/\/www.ecodos.eu\/#website","url":"https:\/\/www.ecodos.eu\/","name":"Ecodos","description":"En nog een WordPress site","potentialAction":[{"@type":"SearchAction","target":{"@type":"EntryPoint","urlTemplate":"https:\/\/www.ecodos.eu\/?s={search_term_string}"},"query-input":"required name=search_term_string"}],"inLanguage":"de"},{"@type":"WebPage","@id":"https:\/\/www.ecodos.eu\/de\/produkten\/dispenser\/","url":"https:\/\/www.ecodos.eu\/de\/produkten\/dispenser\/","name":"Dispenser - Ecodos","isPartOf":{"@id":"https:\/\/www.ecodos.eu\/#website"},"datePublished":"2014-06-21T13:03:09+00:00","dateModified":"2014-06-21T14:02:08+00:00","breadcrumb":{"@id":"https:\/\/www.ecodos.eu\/de\/produkten\/dispenser\/#breadcrumb"},"inLanguage":"de","potentialAction":[{"@type":"ReadAction","target":["https:\/\/www.ecodos.eu\/de\/produkten\/dispenser\/"]}]},{"@type":"BreadcrumbList","@id":"https:\/\/www.ecodos.eu\/de\/produkten\/dispenser\/#breadcrumb","itemListElement":[{"@type":"ListItem","position":1,"name":"Home","item":"https:\/\/www.ecodos.eu\/de\/"},{"@type":"ListItem","position":2,"name":"Produkten","item":"https:\/\/www.ecodos.eu\/de\/produkten\/"},{"@type":"ListItem","position":3,"name":"Dispenser"}]}]}},"_links":{"self":[{"href":"https:\/\/www.ecodos.eu\/de\/wp-json\/wp\/v2\/pages\/511\/"}],"collection":[{"href":"https:\/\/www.ecodos.eu\/de\/wp-json\/wp\/v2\/pages\/"}],"about":[{"href":"https:\/\/www.ecodos.eu\/de\/wp-json\/wp\/v2\/types\/page\/"}],"author":[{"embeddable":true,"href":"https:\/\/www.ecodos.eu\/de\/wp-json\/wp\/v2\/users\/2\/"}],"replies":[{"embeddable":true,"href":"https:\/\/www.ecodos.eu\/de\/wp-json\/wp\/v2\/comments\/?post=511"}],"version-history":[{"count":3,"href":"https:\/\/www.ecodos.eu\/de\/wp-json\/wp\/v2\/pages\/511\/revisions\/"}],"predecessor-version":[{"id":540,"href":"https:\/\/www.ecodos.eu\/de\/wp-json\/wp\/v2\/pages\/511\/revisions\/540\/"}],"up":[{"embeddable":true,"href":"https:\/\/www.ecodos.eu\/de\/wp-json\/wp\/v2\/pages\/505\/"}],"wp:attachment":[{"href":"https:\/\/www.ecodos.eu\/de\/wp-json\/wp\/v2\/media\/?parent=511"}],"curies":[{"name":"wp","href":"https:\/\/api.w.org\/{rel}","templated":true}]}}