{"id":509,"date":"2014-06-21T14:01:03","date_gmt":"2014-06-21T13:01:03","guid":{"rendered":"http:\/\/www.ecodos.eu\/?page_id=509"},"modified":"2016-11-24T09:05:21","modified_gmt":"2016-11-24T08:05:21","slug":"compact","status":"publish","type":"page","link":"https:\/\/www.ecodos.eu\/de\/produkten\/compact\/","title":{"rendered":"Compact"},"content":{"rendered":"<div class=\"block-title\"><span>Compact<\/span><\/div>\n<div class=\"block half\">\nIntelligente Dosierger\u00e4te und hochkonzentrierte \u00f6kologische <a href=\"https:\/\/www.ecodos.eu\/de\/geschirrspulmittel\/\" title=\"Geschirrsp\u00fclmittel\">Geschirrsp\u00fclmittel<\/a>  (bis zu 5 Mal konzentrierter als herk\u00f6mmliche Produkte) f\u00fcr einen perfekt sauberen Abwasch in professionellen Umgebungen.<\/p>\n<img src=\"https:\/\/www.ecodos.eu\/wp-content\/uploads\/Ecodos-Compact-front.png\" alt=\"Ecodos Compact front\" width=\"490\"  class=\"alignleft size-full wp-image-951\" \/>\n<img src=\"https:\/\/www.ecodos.eu\/wp-content\/uploads\/Ecodos-Compact-Intelligent-and-place.png\" alt=\"Ecodos Compact Intelligent and place\" width=\"490\" class=\"alignleft size-full wp-image-954\" srcset=\"https:\/\/www.ecodos.eu\/wp-content\/uploads\/Ecodos-Compact-Intelligent-and-place.png 1547w, https:\/\/www.ecodos.eu\/wp-content\/uploads\/Ecodos-Compact-Intelligent-and-place-768x351.png 768w\" sizes=\"(max-width: 1547px) 100vw, 1547px\" \/>\n<p>Komplett in den Niederlanden entwickelt und produziert<\/p>\n<\/div>\n<div class=\"block half last\">\n<strong>Intelligentes System<\/strong><br \/>\nDas intelligente Dosiersystem verschafft einen Einblick in den Sp\u00fclmittelverbrauch. Anhand der Daten k\u00f6nnen Sie im Hinblick auf Ef\ufb01 ciency, Kosten, Hygiene und Umweltfreundlichkeit steuern.<\/p>\n<p><strong>Ergonomie und Sicherheit<\/strong><br \/>\nDas System leistet dank des Einsatzes von Farben, Sicherheitsverschl\u00fcssen und leicht handhabbarer Leichtverpackungen einen Beitrag zur Ergonomie und Sicherheit am Arbeitsplatz.<\/p>\n<p><strong>Hervorragende Reinigung<\/strong><br \/>\nDie Produkte entfernen m\u00fchelos alle Verschmutzungen, inklusive Kaffee- und Teer\u00fcckst\u00e4nde. F\u00fcr alle Wasserh\u00e4rten geeignet.<\/p>\n<p><strong>Weniger Wartung, weniger Kosten<\/strong><br \/>\nDank des hochwertigen und intelligenten Dosiersystems fallen deutlich weniger Wartungsarbeiten (und Wartungskosten) an. Au\u00dferdem sind die Produkte hochkonzentriert, was zu einem geringerem Transport- und Lagerbedarf sowie weniger Abfall f\u00fchrt. Die Kartuschen werden vollst\u00e4ndig entleert.<\/p>\n<p><strong>Installation und Service <\/strong><br \/>\nUnsere erfahrenen Monteure sorgen f\u00fcr die Installation der Produkte und garantieren deren problemlose Verwendung, rund um die Uhr. Au\u00dferdem weisen wir die Nutzer in die korrekte Anwendung ein. Wir gew\u00e4hren lebenslange Garantie auf die Sp\u00fclmittelspender.<\/p>\n<p><a href=\"https:\/\/www.youtube.com\/watch?v=y4hb7WttNGY\" target=\"_blank\">YouTube clip<\/a\n\n<\/div>\n","protected":false},"excerpt":{"rendered":"<p>Compact Intelligente Dosierger\u00e4te und hochkonzentrierte \u00f6kologische Geschirrsp\u00fclmittel (bis zu 5 Mal konzentrierter als herk\u00f6mmliche Produkte) f\u00fcr einen perfekt sauberen Abwasch in professionellen Umgebungen. Komplett in den Niederlanden entwickelt und produziert Intelligentes System Das intelligente Dosiersystem verschafft einen Einblick in den Sp\u00fclmittelverbrauch. Anhand der Daten k\u00f6nnen Sie im Hinblick auf Ef\ufb01 &hellip; <a href=\"https:\/\/www.ecodos.eu\/de\/produkten\/compact\/\" class=\"morelink\">Read more &rarr;<\/a><\/p>\n","protected":false},"author":2,"featured_media":0,"parent":505,"menu_order":0,"comment_status":"open","ping_status":"open","template":"template-fullwidth.php","meta":[],"acf":[],"yoast_head":"<!-- This site is optimized with the Yoast SEO plugin v19.4 - https:\/\/yoast.com\/wordpress\/plugins\/seo\/ -->\n<title>Compact - Ecodos<\/title>\n<meta name=\"robots\" content=\"index, follow, max-snippet:-1, max-image-preview:large, max-video-preview:-1\" \/>\n<link rel=\"canonical\" href=\"https:\/\/www.ecodos.eu\/de\/produkten\/compact\/\" \/>\n<meta property=\"og:locale\" content=\"de_DE\" \/>\n<meta property=\"og:type\" content=\"article\" \/>\n<meta property=\"og:title\" content=\"Compact - Ecodos\" \/>\n<meta property=\"og:description\" content=\"Compact Intelligente Dosierger\u00e4te und hochkonzentrierte \u00f6kologische Geschirrsp\u00fclmittel (bis zu 5 Mal konzentrierter als herk\u00f6mmliche Produkte) f\u00fcr einen perfekt sauberen Abwasch in professionellen Umgebungen. Komplett in den Niederlanden entwickelt und produziert Intelligentes System Das intelligente Dosiersystem verschafft einen Einblick in den Sp\u00fclmittelverbrauch. Anhand der Daten k\u00f6nnen Sie im Hinblick auf Ef\ufb01 &hellip; Read more &rarr;\" \/>\n<meta property=\"og:url\" content=\"https:\/\/www.ecodos.eu\/de\/produkten\/compact\/\" \/>\n<meta property=\"og:site_name\" content=\"Ecodos\" \/>\n<meta property=\"article:modified_time\" content=\"2016-11-24T08:05:21+00:00\" \/>\n<meta property=\"og:image\" content=\"https:\/\/www.ecodos.eu\/wp-content\/uploads\/Ecodos-Compact-front.png\" \/>\n<meta name=\"twitter:card\" content=\"summary\" \/>\n<meta name=\"twitter:label1\" content=\"Gesch\u00e4tzte Lesezeit\" \/>\n\t<meta name=\"twitter:data1\" content=\"1\u00a0Minute\" \/>\n<script type=\"application\/ld+json\" class=\"yoast-schema-graph\">{\"@context\":\"https:\/\/schema.org\",\"@graph\":[{\"@type\":\"WebSite\",\"@id\":\"https:\/\/www.ecodos.eu\/#website\",\"url\":\"https:\/\/www.ecodos.eu\/\",\"name\":\"Ecodos\",\"description\":\"En nog een WordPress site\",\"potentialAction\":[{\"@type\":\"SearchAction\",\"target\":{\"@type\":\"EntryPoint\",\"urlTemplate\":\"https:\/\/www.ecodos.eu\/?s={search_term_string}\"},\"query-input\":\"required name=search_term_string\"}],\"inLanguage\":\"de\"},{\"@type\":\"WebPage\",\"@id\":\"https:\/\/www.ecodos.eu\/de\/produkten\/compact\/\",\"url\":\"https:\/\/www.ecodos.eu\/de\/produkten\/compact\/\",\"name\":\"Compact - Ecodos\",\"isPartOf\":{\"@id\":\"https:\/\/www.ecodos.eu\/#website\"},\"datePublished\":\"2014-06-21T13:01:03+00:00\",\"dateModified\":\"2016-11-24T08:05:21+00:00\",\"breadcrumb\":{\"@id\":\"https:\/\/www.ecodos.eu\/de\/produkten\/compact\/#breadcrumb\"},\"inLanguage\":\"de\",\"potentialAction\":[{\"@type\":\"ReadAction\",\"target\":[\"https:\/\/www.ecodos.eu\/de\/produkten\/compact\/\"]}]},{\"@type\":\"BreadcrumbList\",\"@id\":\"https:\/\/www.ecodos.eu\/de\/produkten\/compact\/#breadcrumb\",\"itemListElement\":[{\"@type\":\"ListItem\",\"position\":1,\"name\":\"Home\",\"item\":\"https:\/\/www.ecodos.eu\/de\/\"},{\"@type\":\"ListItem\",\"position\":2,\"name\":\"Produkten\",\"item\":\"https:\/\/www.ecodos.eu\/de\/produkten\/\"},{\"@type\":\"ListItem\",\"position\":3,\"name\":\"Compact\"}]}]}<\/script>\n<!-- \/ Yoast SEO plugin. -->","yoast_head_json":{"title":"Compact - Ecodos","robots":{"index":"index","follow":"follow","max-snippet":"max-snippet:-1","max-image-preview":"max-image-preview:large","max-video-preview":"max-video-preview:-1"},"canonical":"https:\/\/www.ecodos.eu\/de\/produkten\/compact\/","og_locale":"de_DE","og_type":"article","og_title":"Compact - Ecodos","og_description":"Compact Intelligente Dosierger\u00e4te und hochkonzentrierte \u00f6kologische Geschirrsp\u00fclmittel (bis zu 5 Mal konzentrierter als herk\u00f6mmliche Produkte) f\u00fcr einen perfekt sauberen Abwasch in professionellen Umgebungen. Komplett in den Niederlanden entwickelt und produziert Intelligentes System Das intelligente Dosiersystem verschafft einen Einblick in den Sp\u00fclmittelverbrauch. Anhand der Daten k\u00f6nnen Sie im Hinblick auf Ef\ufb01 &hellip; Read more &rarr;","og_url":"https:\/\/www.ecodos.eu\/de\/produkten\/compact\/","og_site_name":"Ecodos","article_modified_time":"2016-11-24T08:05:21+00:00","og_image":[{"url":"https:\/\/www.ecodos.eu\/wp-content\/uploads\/Ecodos-Compact-front.png"}],"twitter_card":"summary","twitter_misc":{"Gesch\u00e4tzte Lesezeit":"1\u00a0Minute"},"schema":{"@context":"https:\/\/schema.org","@graph":[{"@type":"WebSite","@id":"https:\/\/www.ecodos.eu\/#website","url":"https:\/\/www.ecodos.eu\/","name":"Ecodos","description":"En nog een WordPress site","potentialAction":[{"@type":"SearchAction","target":{"@type":"EntryPoint","urlTemplate":"https:\/\/www.ecodos.eu\/?s={search_term_string}"},"query-input":"required name=search_term_string"}],"inLanguage":"de"},{"@type":"WebPage","@id":"https:\/\/www.ecodos.eu\/de\/produkten\/compact\/","url":"https:\/\/www.ecodos.eu\/de\/produkten\/compact\/","name":"Compact - Ecodos","isPartOf":{"@id":"https:\/\/www.ecodos.eu\/#website"},"datePublished":"2014-06-21T13:01:03+00:00","dateModified":"2016-11-24T08:05:21+00:00","breadcrumb":{"@id":"https:\/\/www.ecodos.eu\/de\/produkten\/compact\/#breadcrumb"},"inLanguage":"de","potentialAction":[{"@type":"ReadAction","target":["https:\/\/www.ecodos.eu\/de\/produkten\/compact\/"]}]},{"@type":"BreadcrumbList","@id":"https:\/\/www.ecodos.eu\/de\/produkten\/compact\/#breadcrumb","itemListElement":[{"@type":"ListItem","position":1,"name":"Home","item":"https:\/\/www.ecodos.eu\/de\/"},{"@type":"ListItem","position":2,"name":"Produkten","item":"https:\/\/www.ecodos.eu\/de\/produkten\/"},{"@type":"ListItem","position":3,"name":"Compact"}]}]}},"_links":{"self":[{"href":"https:\/\/www.ecodos.eu\/de\/wp-json\/wp\/v2\/pages\/509\/"}],"collection":[{"href":"https:\/\/www.ecodos.eu\/de\/wp-json\/wp\/v2\/pages\/"}],"about":[{"href":"https:\/\/www.ecodos.eu\/de\/wp-json\/wp\/v2\/types\/page\/"}],"author":[{"embeddable":true,"href":"https:\/\/www.ecodos.eu\/de\/wp-json\/wp\/v2\/users\/2\/"}],"replies":[{"embeddable":true,"href":"https:\/\/www.ecodos.eu\/de\/wp-json\/wp\/v2\/comments\/?post=509"}],"version-history":[{"count":10,"href":"https:\/\/www.ecodos.eu\/de\/wp-json\/wp\/v2\/pages\/509\/revisions\/"}],"predecessor-version":[{"id":1363,"href":"https:\/\/www.ecodos.eu\/de\/wp-json\/wp\/v2\/pages\/509\/revisions\/1363\/"}],"up":[{"embeddable":true,"href":"https:\/\/www.ecodos.eu\/de\/wp-json\/wp\/v2\/pages\/505\/"}],"wp:attachment":[{"href":"https:\/\/www.ecodos.eu\/de\/wp-json\/wp\/v2\/media\/?parent=509"}],"curies":[{"name":"wp","href":"https:\/\/api.w.org\/{rel}","templated":true}]}}