{"id":505,"date":"2014-06-11T12:12:07","date_gmt":"2014-06-11T11:12:07","guid":{"rendered":"http:\/\/www.ecodos.eu\/?page_id=505"},"modified":"2018-04-23T14:18:54","modified_gmt":"2018-04-23T13:18:54","slug":"produkten","status":"publish","type":"page","link":"https:\/\/www.ecodos.eu\/de\/produkten\/","title":{"rendered":"Produkten"},"content":{"rendered":"<div style=\"float: left; padding-bottom: 30px;\">\n<img loading=\"lazy\" class=\"alignleft wp-image-1888 size-full\" src=\"https:\/\/www.ecodos.eu\/wp-content\/uploads\/compact.png\" alt=\"Ecodos Compact\" width=\"235\" height=\"191\" \/><\/p>\n<h2 style=\"margin-top: -15px;\">Compact<\/h2>\n<p>Intelligente Dosierger\u00e4te und hochkonzentrierte \u00f6kologische Geschirrsp\u00fclmittel (bis zu 5 Mal konzentrierter als herk\u00f6mmliche Produkte) f\u00fcr einen perfekt sauberen Abwasch in professionellen Umgebungen.<\/p>\n<div style=\"margin: 25px auto; text-align: left;\"><a style=\"padding: 10px 60px; background: #E66F3D; font-weight: bold; color: #fff; border-radius: 5px;\" href=\"https:\/\/www.ecodos.eu\/de\/produkten\/compact\/\">Lesen Sie mehr<\/a><\/div>\n<\/div>\n<div style=\"float: left; padding-bottom: 30px;\">\n<img loading=\"lazy\" class=\"alignleft wp-image-1889 size-full\" src=\"https:\/\/www.ecodos.eu\/wp-content\/uploads\/dispencer.png\" alt=\"Ecodos Dispenser\" width=\"235\" height=\"191\" \/><\/p>\n<h2 style=\"margin-top: -15px;\">Dispenser<\/h2>\n<p>Hochkonzentrierte, \u00f6kologische Reinigungsmittel (bis zu 5 mal konzentrierter als herk\u00f6mmliche Produkte) und effektive Dosiereinrichtung f\u00fcr die t\u00e4gliche professionelle Reinigung von Geb\u00e4uden und K\u00fcchen.<\/p>\n<div style=\"margin: 25px auto; text-align: left;\"><a style=\"padding: 10px 60px; background: #E66F3D; font-weight: bold; color: #fff; border-radius: 5px;\" href=\"https:\/\/www.ecodos.eu\/de\/produkten\/dispenser\/\">Lesen Sie mehr<\/a><\/div>\n<\/div>\n<div style=\"float: left; padding-bottom: 30px;\">\n<img loading=\"lazy\" class=\"alignleft wp-image-1891 size-full\" src=\"https:\/\/www.ecodos.eu\/wp-content\/uploads\/doseer-fles.png\" alt=\"Ecodos Dosage Bottle\" width=\"234\" height=\"190\" \/><\/p>\n<h2 style=\"margin-top: -15px;\">Dosierflasche<\/h2>\n<p>Hochkonzentrierte, \u00f6kologische Reinigungsmittel (bis zu 5 mal konzentrierter als herk\u00f6mmliche Produkte) und anwendungsfreundliche Dosierflaschen zur t\u00e4glichen professionellen Reinigung von Geb\u00e4uden, K\u00fcchen und Waschmittel.<\/p>\n<div style=\"margin: 25px auto; text-align: left;\"><a style=\"padding: 10px 60px; background: #E66F3D; font-weight: bold; color: #fff; border-radius: 5px;\" href=\"https:\/\/www.ecodos.eu\/de\/produkten\/dosierflasche\/\">Lesen Sie mehr<\/a><\/div>\n<\/div>\n<div style=\"float: left; padding-bottom: 30px;\">\n<img loading=\"lazy\" class=\"alignleft wp-image-1892 size-full\" src=\"https:\/\/www.ecodos.eu\/wp-content\/uploads\/easy.png\" alt=\"Ecodos Easy\" width=\"235\" height=\"191\" \/><\/p>\n<h2 style=\"margin-top: -15px;\">Easy<\/h2>\n<p>Ecodos Easy ist weltweit der erste intelligente und Energieneutrale Spender f\u00fcr Reinigungsmitteln. Der Einsatz intelligenter Technologien f\u00fchrt zu einem besonders effizienten Gebrauch unserer \u00f6kologischen Reinigungsmittel f\u00fcr Geb\u00e4udereinigung, K\u00fcchen und Ecodet Waschmitteln.<\/p>\n<div style=\"margin: 25px auto; text-align: left;\"><a style=\"padding: 10px 60px; background: #E66F3D; font-weight: bold; color: #fff; border-radius: 5px;\" href=\"https:\/\/www.ecodos.eu\/de\/produkten\/easy\/\">Lesen Sie mehr<\/a><\/div>\n<\/div>\n","protected":false},"excerpt":{"rendered":"<p>Compact Intelligente Dosierger\u00e4te und hochkonzentrierte \u00f6kologische Geschirrsp\u00fclmittel (bis zu 5 Mal konzentrierter als herk\u00f6mmliche Produkte) f\u00fcr einen perfekt sauberen Abwasch in professionellen Umgebungen. Lesen Sie mehr Dispenser Hochkonzentrierte, \u00f6kologische Reinigungsmittel (bis zu 5 mal konzentrierter als herk\u00f6mmliche Produkte) und effektive Dosiereinrichtung f\u00fcr die t\u00e4gliche professionelle Reinigung von Geb\u00e4uden und K\u00fcchen. &hellip; <a href=\"https:\/\/www.ecodos.eu\/de\/produkten\/\" class=\"morelink\">Read more &rarr;<\/a><\/p>\n","protected":false},"author":2,"featured_media":0,"parent":0,"menu_order":0,"comment_status":"open","ping_status":"open","template":"template-fullwidth.php","meta":[],"acf":[],"yoast_head":"<!-- This site is optimized with the Yoast SEO plugin v19.4 - https:\/\/yoast.com\/wordpress\/plugins\/seo\/ -->\n<title>Produkten - Ecodos<\/title>\n<meta name=\"robots\" content=\"index, follow, max-snippet:-1, max-image-preview:large, max-video-preview:-1\" \/>\n<link rel=\"canonical\" href=\"https:\/\/www.ecodos.eu\/de\/produkten\/\" \/>\n<meta property=\"og:locale\" content=\"de_DE\" \/>\n<meta property=\"og:type\" content=\"article\" \/>\n<meta property=\"og:title\" content=\"Produkten - Ecodos\" \/>\n<meta property=\"og:description\" content=\"Compact Intelligente Dosierger\u00e4te und hochkonzentrierte \u00f6kologische Geschirrsp\u00fclmittel (bis zu 5 Mal konzentrierter als herk\u00f6mmliche Produkte) f\u00fcr einen perfekt sauberen Abwasch in professionellen Umgebungen. Lesen Sie mehr Dispenser Hochkonzentrierte, \u00f6kologische Reinigungsmittel (bis zu 5 mal konzentrierter als herk\u00f6mmliche Produkte) und effektive Dosiereinrichtung f\u00fcr die t\u00e4gliche professionelle Reinigung von Geb\u00e4uden und K\u00fcchen. &hellip; Read more &rarr;\" \/>\n<meta property=\"og:url\" content=\"https:\/\/www.ecodos.eu\/de\/produkten\/\" \/>\n<meta property=\"og:site_name\" content=\"Ecodos\" \/>\n<meta property=\"article:modified_time\" content=\"2018-04-23T13:18:54+00:00\" \/>\n<meta property=\"og:image\" content=\"https:\/\/www.ecodos.eu\/wp-content\/uploads\/compact.png\" \/>\n<meta name=\"twitter:card\" content=\"summary\" \/>\n<meta name=\"twitter:label1\" content=\"Gesch\u00e4tzte Lesezeit\" \/>\n\t<meta name=\"twitter:data1\" content=\"1\u00a0Minute\" \/>\n<script type=\"application\/ld+json\" class=\"yoast-schema-graph\">{\"@context\":\"https:\/\/schema.org\",\"@graph\":[{\"@type\":\"WebSite\",\"@id\":\"https:\/\/www.ecodos.eu\/#website\",\"url\":\"https:\/\/www.ecodos.eu\/\",\"name\":\"Ecodos\",\"description\":\"En nog een WordPress site\",\"potentialAction\":[{\"@type\":\"SearchAction\",\"target\":{\"@type\":\"EntryPoint\",\"urlTemplate\":\"https:\/\/www.ecodos.eu\/?s={search_term_string}\"},\"query-input\":\"required name=search_term_string\"}],\"inLanguage\":\"de\"},{\"@type\":\"WebPage\",\"@id\":\"https:\/\/www.ecodos.eu\/de\/produkten\/\",\"url\":\"https:\/\/www.ecodos.eu\/de\/produkten\/\",\"name\":\"Produkten - Ecodos\",\"isPartOf\":{\"@id\":\"https:\/\/www.ecodos.eu\/#website\"},\"datePublished\":\"2014-06-11T11:12:07+00:00\",\"dateModified\":\"2018-04-23T13:18:54+00:00\",\"breadcrumb\":{\"@id\":\"https:\/\/www.ecodos.eu\/de\/produkten\/#breadcrumb\"},\"inLanguage\":\"de\",\"potentialAction\":[{\"@type\":\"ReadAction\",\"target\":[\"https:\/\/www.ecodos.eu\/de\/produkten\/\"]}]},{\"@type\":\"BreadcrumbList\",\"@id\":\"https:\/\/www.ecodos.eu\/de\/produkten\/#breadcrumb\",\"itemListElement\":[{\"@type\":\"ListItem\",\"position\":1,\"name\":\"Home\",\"item\":\"https:\/\/www.ecodos.eu\/de\/\"},{\"@type\":\"ListItem\",\"position\":2,\"name\":\"Produkten\"}]}]}<\/script>\n<!-- \/ Yoast SEO plugin. -->","yoast_head_json":{"title":"Produkten - Ecodos","robots":{"index":"index","follow":"follow","max-snippet":"max-snippet:-1","max-image-preview":"max-image-preview:large","max-video-preview":"max-video-preview:-1"},"canonical":"https:\/\/www.ecodos.eu\/de\/produkten\/","og_locale":"de_DE","og_type":"article","og_title":"Produkten - Ecodos","og_description":"Compact Intelligente Dosierger\u00e4te und hochkonzentrierte \u00f6kologische Geschirrsp\u00fclmittel (bis zu 5 Mal konzentrierter als herk\u00f6mmliche Produkte) f\u00fcr einen perfekt sauberen Abwasch in professionellen Umgebungen. Lesen Sie mehr Dispenser Hochkonzentrierte, \u00f6kologische Reinigungsmittel (bis zu 5 mal konzentrierter als herk\u00f6mmliche Produkte) und effektive Dosiereinrichtung f\u00fcr die t\u00e4gliche professionelle Reinigung von Geb\u00e4uden und K\u00fcchen. &hellip; Read more &rarr;","og_url":"https:\/\/www.ecodos.eu\/de\/produkten\/","og_site_name":"Ecodos","article_modified_time":"2018-04-23T13:18:54+00:00","og_image":[{"url":"https:\/\/www.ecodos.eu\/wp-content\/uploads\/compact.png"}],"twitter_card":"summary","twitter_misc":{"Gesch\u00e4tzte Lesezeit":"1\u00a0Minute"},"schema":{"@context":"https:\/\/schema.org","@graph":[{"@type":"WebSite","@id":"https:\/\/www.ecodos.eu\/#website","url":"https:\/\/www.ecodos.eu\/","name":"Ecodos","description":"En nog een WordPress site","potentialAction":[{"@type":"SearchAction","target":{"@type":"EntryPoint","urlTemplate":"https:\/\/www.ecodos.eu\/?s={search_term_string}"},"query-input":"required name=search_term_string"}],"inLanguage":"de"},{"@type":"WebPage","@id":"https:\/\/www.ecodos.eu\/de\/produkten\/","url":"https:\/\/www.ecodos.eu\/de\/produkten\/","name":"Produkten - Ecodos","isPartOf":{"@id":"https:\/\/www.ecodos.eu\/#website"},"datePublished":"2014-06-11T11:12:07+00:00","dateModified":"2018-04-23T13:18:54+00:00","breadcrumb":{"@id":"https:\/\/www.ecodos.eu\/de\/produkten\/#breadcrumb"},"inLanguage":"de","potentialAction":[{"@type":"ReadAction","target":["https:\/\/www.ecodos.eu\/de\/produkten\/"]}]},{"@type":"BreadcrumbList","@id":"https:\/\/www.ecodos.eu\/de\/produkten\/#breadcrumb","itemListElement":[{"@type":"ListItem","position":1,"name":"Home","item":"https:\/\/www.ecodos.eu\/de\/"},{"@type":"ListItem","position":2,"name":"Produkten"}]}]}},"_links":{"self":[{"href":"https:\/\/www.ecodos.eu\/de\/wp-json\/wp\/v2\/pages\/505\/"}],"collection":[{"href":"https:\/\/www.ecodos.eu\/de\/wp-json\/wp\/v2\/pages\/"}],"about":[{"href":"https:\/\/www.ecodos.eu\/de\/wp-json\/wp\/v2\/types\/page\/"}],"author":[{"embeddable":true,"href":"https:\/\/www.ecodos.eu\/de\/wp-json\/wp\/v2\/users\/2\/"}],"replies":[{"embeddable":true,"href":"https:\/\/www.ecodos.eu\/de\/wp-json\/wp\/v2\/comments\/?post=505"}],"version-history":[{"count":6,"href":"https:\/\/www.ecodos.eu\/de\/wp-json\/wp\/v2\/pages\/505\/revisions\/"}],"predecessor-version":[{"id":1900,"href":"https:\/\/www.ecodos.eu\/de\/wp-json\/wp\/v2\/pages\/505\/revisions\/1900\/"}],"wp:attachment":[{"href":"https:\/\/www.ecodos.eu\/de\/wp-json\/wp\/v2\/media\/?parent=505"}],"curies":[{"name":"wp","href":"https:\/\/api.w.org\/{rel}","templated":true}]}}