{"id":497,"date":"2014-06-02T12:09:19","date_gmt":"2014-06-02T11:09:19","guid":{"rendered":"http:\/\/www.ecodos.eu\/?page_id=497"},"modified":"2014-10-02T11:25:03","modified_gmt":"2014-10-02T10:25:03","slug":"svo","status":"publish","type":"page","link":"https:\/\/www.ecodos.eu\/de\/svo\/","title":{"rendered":"SVO"},"content":{"rendered":"<div class=\"block-title\"><span>Nachhaltig reinigen &#8211; das bezieht sich gleicherma\u00dfen auf das Produkt und seine Anwendung.<\/span><\/div>\n<p>Deshalb stellen wir hochkonzentrierte, \u00f6kologische Reinigungsmittel her und kombinieren sie mit intelligenten Dosiersystemen. Dadurch helfen wir Ihnen, die Reinigung effizienter, hygienischer, sicherer und umweltvertr\u00e4glicher durchzuf\u00fchren. Das ist unsere Mission: den gesamten Einfluss auf die Umwelt durch unsere Produkte zu verkleinern und die Reinigungskosten zu reduzieren.<\/p>\n<a href=\"https:\/\/www.ecodos.eu\/wp-content\/uploads\/LCA-EcodosRZ1.jpg\" rel=\"gallery-497\"><img loading=\"lazy\" src=\"https:\/\/www.ecodos.eu\/wp-content\/uploads\/LCA-EcodosRZ1.jpg\" alt=\"LCA\" width=\"500\" height=\"353\" class=\"aligncenter size-full wp-image-273\" \/><\/a>\n<p>Die meisten Produkte sind durch das Europ\u00e4ische \u00d6kolabel zertifiziert und erf\u00fcllen die Kriterien von Agentschap NL, OVAM und Green Key. Die Herstellung f\u00e4llt unter die A.I.S.E. Charter for Sustainable Cleaning.<br \/>\nAuf unserer Webseite <a href=\"http:\/\/www.spectro.nl\/mvo\" title=\"www.spectro.nl\/mvo\" target=\"_blank\">www.spectro.nl\/mvo<\/a> erfahren Sie mehr \u00fcber das, was wir als Hersteller tun. Dort finden Sie auch die aktuelle Version unseres SVO-Berichts.<\/p>\n","protected":false},"excerpt":{"rendered":"<p>Nachhaltig reinigen &#8211; das bezieht sich gleicherma\u00dfen auf das Produkt und seine Anwendung. Deshalb stellen wir hochkonzentrierte, \u00f6kologische Reinigungsmittel her und kombinieren sie mit intelligenten Dosiersystemen. Dadurch helfen wir Ihnen, die Reinigung effizienter, hygienischer, sicherer und umweltvertr\u00e4glicher durchzuf\u00fchren. Das ist unsere Mission: den gesamten Einfluss auf die Umwelt durch unsere &hellip; <a href=\"https:\/\/www.ecodos.eu\/de\/svo\/\" class=\"morelink\">Read more &rarr;<\/a><\/p>\n","protected":false},"author":2,"featured_media":0,"parent":0,"menu_order":0,"comment_status":"open","ping_status":"open","template":"template-fullwidth.php","meta":[],"acf":[],"yoast_head":"<!-- This site is optimized with the Yoast SEO plugin v19.4 - https:\/\/yoast.com\/wordpress\/plugins\/seo\/ -->\n<title>SVO - Ecodos<\/title>\n<meta name=\"robots\" content=\"index, follow, max-snippet:-1, max-image-preview:large, max-video-preview:-1\" \/>\n<link rel=\"canonical\" href=\"https:\/\/www.ecodos.eu\/de\/svo\/\" \/>\n<meta property=\"og:locale\" content=\"de_DE\" \/>\n<meta property=\"og:type\" content=\"article\" \/>\n<meta property=\"og:title\" content=\"SVO - Ecodos\" \/>\n<meta property=\"og:description\" content=\"Nachhaltig reinigen &#8211; das bezieht sich gleicherma\u00dfen auf das Produkt und seine Anwendung. Deshalb stellen wir hochkonzentrierte, \u00f6kologische Reinigungsmittel her und kombinieren sie mit intelligenten Dosiersystemen. Dadurch helfen wir Ihnen, die Reinigung effizienter, hygienischer, sicherer und umweltvertr\u00e4glicher durchzuf\u00fchren. Das ist unsere Mission: den gesamten Einfluss auf die Umwelt durch unsere &hellip; Read more &rarr;\" \/>\n<meta property=\"og:url\" content=\"https:\/\/www.ecodos.eu\/de\/svo\/\" \/>\n<meta property=\"og:site_name\" content=\"Ecodos\" \/>\n<meta property=\"article:modified_time\" content=\"2014-10-02T10:25:03+00:00\" \/>\n<meta property=\"og:image\" content=\"https:\/\/www.ecodos.eu\/wp-content\/uploads\/LCA-EcodosRZ1.jpg\" \/>\n<meta name=\"twitter:card\" content=\"summary\" \/>\n<meta name=\"twitter:label1\" content=\"Gesch\u00e4tzte Lesezeit\" \/>\n\t<meta name=\"twitter:data1\" content=\"1\u00a0Minute\" \/>\n<script type=\"application\/ld+json\" class=\"yoast-schema-graph\">{\"@context\":\"https:\/\/schema.org\",\"@graph\":[{\"@type\":\"WebSite\",\"@id\":\"https:\/\/www.ecodos.eu\/#website\",\"url\":\"https:\/\/www.ecodos.eu\/\",\"name\":\"Ecodos\",\"description\":\"En nog een WordPress site\",\"potentialAction\":[{\"@type\":\"SearchAction\",\"target\":{\"@type\":\"EntryPoint\",\"urlTemplate\":\"https:\/\/www.ecodos.eu\/?s={search_term_string}\"},\"query-input\":\"required name=search_term_string\"}],\"inLanguage\":\"de\"},{\"@type\":\"WebPage\",\"@id\":\"https:\/\/www.ecodos.eu\/de\/svo\/\",\"url\":\"https:\/\/www.ecodos.eu\/de\/svo\/\",\"name\":\"SVO - Ecodos\",\"isPartOf\":{\"@id\":\"https:\/\/www.ecodos.eu\/#website\"},\"datePublished\":\"2014-06-02T11:09:19+00:00\",\"dateModified\":\"2014-10-02T10:25:03+00:00\",\"breadcrumb\":{\"@id\":\"https:\/\/www.ecodos.eu\/de\/svo\/#breadcrumb\"},\"inLanguage\":\"de\",\"potentialAction\":[{\"@type\":\"ReadAction\",\"target\":[\"https:\/\/www.ecodos.eu\/de\/svo\/\"]}]},{\"@type\":\"BreadcrumbList\",\"@id\":\"https:\/\/www.ecodos.eu\/de\/svo\/#breadcrumb\",\"itemListElement\":[{\"@type\":\"ListItem\",\"position\":1,\"name\":\"Home\",\"item\":\"https:\/\/www.ecodos.eu\/de\/\"},{\"@type\":\"ListItem\",\"position\":2,\"name\":\"SVO\"}]}]}<\/script>\n<!-- \/ Yoast SEO plugin. -->","yoast_head_json":{"title":"SVO - Ecodos","robots":{"index":"index","follow":"follow","max-snippet":"max-snippet:-1","max-image-preview":"max-image-preview:large","max-video-preview":"max-video-preview:-1"},"canonical":"https:\/\/www.ecodos.eu\/de\/svo\/","og_locale":"de_DE","og_type":"article","og_title":"SVO - Ecodos","og_description":"Nachhaltig reinigen &#8211; das bezieht sich gleicherma\u00dfen auf das Produkt und seine Anwendung. Deshalb stellen wir hochkonzentrierte, \u00f6kologische Reinigungsmittel her und kombinieren sie mit intelligenten Dosiersystemen. Dadurch helfen wir Ihnen, die Reinigung effizienter, hygienischer, sicherer und umweltvertr\u00e4glicher durchzuf\u00fchren. Das ist unsere Mission: den gesamten Einfluss auf die Umwelt durch unsere &hellip; Read more &rarr;","og_url":"https:\/\/www.ecodos.eu\/de\/svo\/","og_site_name":"Ecodos","article_modified_time":"2014-10-02T10:25:03+00:00","og_image":[{"url":"https:\/\/www.ecodos.eu\/wp-content\/uploads\/LCA-EcodosRZ1.jpg"}],"twitter_card":"summary","twitter_misc":{"Gesch\u00e4tzte Lesezeit":"1\u00a0Minute"},"schema":{"@context":"https:\/\/schema.org","@graph":[{"@type":"WebSite","@id":"https:\/\/www.ecodos.eu\/#website","url":"https:\/\/www.ecodos.eu\/","name":"Ecodos","description":"En nog een WordPress site","potentialAction":[{"@type":"SearchAction","target":{"@type":"EntryPoint","urlTemplate":"https:\/\/www.ecodos.eu\/?s={search_term_string}"},"query-input":"required name=search_term_string"}],"inLanguage":"de"},{"@type":"WebPage","@id":"https:\/\/www.ecodos.eu\/de\/svo\/","url":"https:\/\/www.ecodos.eu\/de\/svo\/","name":"SVO - Ecodos","isPartOf":{"@id":"https:\/\/www.ecodos.eu\/#website"},"datePublished":"2014-06-02T11:09:19+00:00","dateModified":"2014-10-02T10:25:03+00:00","breadcrumb":{"@id":"https:\/\/www.ecodos.eu\/de\/svo\/#breadcrumb"},"inLanguage":"de","potentialAction":[{"@type":"ReadAction","target":["https:\/\/www.ecodos.eu\/de\/svo\/"]}]},{"@type":"BreadcrumbList","@id":"https:\/\/www.ecodos.eu\/de\/svo\/#breadcrumb","itemListElement":[{"@type":"ListItem","position":1,"name":"Home","item":"https:\/\/www.ecodos.eu\/de\/"},{"@type":"ListItem","position":2,"name":"SVO"}]}]}},"_links":{"self":[{"href":"https:\/\/www.ecodos.eu\/de\/wp-json\/wp\/v2\/pages\/497\/"}],"collection":[{"href":"https:\/\/www.ecodos.eu\/de\/wp-json\/wp\/v2\/pages\/"}],"about":[{"href":"https:\/\/www.ecodos.eu\/de\/wp-json\/wp\/v2\/types\/page\/"}],"author":[{"embeddable":true,"href":"https:\/\/www.ecodos.eu\/de\/wp-json\/wp\/v2\/users\/2\/"}],"replies":[{"embeddable":true,"href":"https:\/\/www.ecodos.eu\/de\/wp-json\/wp\/v2\/comments\/?post=497"}],"version-history":[{"count":5,"href":"https:\/\/www.ecodos.eu\/de\/wp-json\/wp\/v2\/pages\/497\/revisions\/"}],"predecessor-version":[{"id":817,"href":"https:\/\/www.ecodos.eu\/de\/wp-json\/wp\/v2\/pages\/497\/revisions\/817\/"}],"wp:attachment":[{"href":"https:\/\/www.ecodos.eu\/de\/wp-json\/wp\/v2\/media\/?parent=497"}],"curies":[{"name":"wp","href":"https:\/\/api.w.org\/{rel}","templated":true}]}}