{"id":2555,"date":"2019-09-19T19:33:02","date_gmt":"2019-09-19T18:33:02","guid":{"rendered":"https:\/\/www.ecodos.eu\/?page_id=2555"},"modified":"2019-09-21T08:45:33","modified_gmt":"2019-09-21T07:45:33","slug":"use","status":"publish","type":"page","link":"https:\/\/www.ecodos.eu\/de\/use\/","title":{"rendered":"Use"},"content":{"rendered":"<p><a name=\"top\"><\/a><\/p>\n<h2>Was w\u00fcrden Sie reinigen m\u00f6chten?<\/h2>\n<p><a href=\"#interior\">Allzweck Reinigung:<img loading=\"lazy\" class=\"alignleft size-full wp-image-2390\" src=\"https:\/\/www.ecodos.eu\/wp-content\/uploads\/Interior.jpg\" alt=\"\" width=\"500\" height=\"334\" \/><\/a><\/p>\n<p>&nbsp;<\/p>\n<p>&nbsp;<\/p>\n<p>&nbsp;<\/p>\n<p>&nbsp;<\/p>\n<p>&nbsp;<\/p>\n<p>&nbsp;<\/p>\n<p>&nbsp;<\/p>\n<p>&nbsp;<\/p>\n<p>&nbsp;<\/p>\n<p><a href=\"#washroom\">Sanitair Reinigung:<img loading=\"lazy\" class=\"size-full wp-image-2398 alignleft\" src=\"https:\/\/www.ecodos.eu\/wp-content\/uploads\/Washroom.jpg\" alt=\"\" width=\"500\" height=\"334\" \/><\/a><\/p>\n<p>&nbsp;<\/p>\n<p>&nbsp;<\/p>\n<p>&nbsp;<\/p>\n<p>&nbsp;<\/p>\n<p>&nbsp;<\/p>\n<p>&nbsp;<\/p>\n<p>&nbsp;<\/p>\n<p>&nbsp;<\/p>\n<p>&nbsp;<\/p>\n<p><a href=\"#floor\">Boden Reinigung:<img loading=\"lazy\" class=\"alignleft size-full wp-image-2386\" src=\"https:\/\/www.ecodos.eu\/wp-content\/uploads\/Floor.jpg\" alt=\"\" width=\"500\" height=\"334\" \/><\/a><\/p>\n<p>&nbsp;<\/p>\n<p>&nbsp;<\/p>\n<p>&nbsp;<\/p>\n<p>&nbsp;<\/p>\n<p>&nbsp;<\/p>\n<p>&nbsp;<\/p>\n<p>&nbsp;<\/p>\n<p>&nbsp;<\/p>\n<p>&nbsp;<\/p>\n<p><a href=\"#laundry\">Waschen:<img loading=\"lazy\" class=\"alignleft size-full wp-image-2394\" src=\"https:\/\/www.ecodos.eu\/wp-content\/uploads\/Laundry.jpg\" alt=\"\" width=\"500\" height=\"334\" \/><\/a><\/p>\n<p>&nbsp;<\/p>\n<p>&nbsp;<\/p>\n<p>&nbsp;<\/p>\n<p>&nbsp;<\/p>\n<p>&nbsp;<\/p>\n<p>&nbsp;<\/p>\n<p>&nbsp;<\/p>\n<p>&nbsp;<\/p>\n<p><a name=\"interior\"><\/a><\/p>\n<h2>Allzweck Reinigung<\/h2>\n<p><iframe loading=\"lazy\" title=\"Instructions Interior Cleaning Ecodos\" width=\"700\" height=\"394\" src=\"https:\/\/www.youtube.com\/embed\/t4GME8sZyPY?feature=oembed\" frameborder=\"0\" allow=\"accelerometer; autoplay; encrypted-media; gyroscope; picture-in-picture\" allowfullscreen><\/iframe><br \/>\n<strong>Anwendungsbereich:<\/strong><br \/>\nReinigung des Innenbereichs von Wohn- und Arbeitsr\u00e4umen.<\/p>\n<p><strong>Gebrauchsanweisung:<\/strong><br \/>\n1. Falten Sie das (Mikrofaser-) Tuch so, dass 8 saubere Seiten vorhanden sind.<br \/>\n1. Auf die Oberfl\u00e4che oder Reinigungstuch spr\u00fchen und damit reinigen.<br \/>\n3. Verwenden Sie regelm\u00e4\u00dfig eine saubere Seite.<br \/>\n4. Den Flakon t\u00e4glich leeren, aussp\u00fclen und trocknen. Waschen Sie das (Mikrofaser-) Tuch.<\/p>\n<p>MSDS und Produktinformation: <a href=\"http:\/\/www.spectro.nl\/msds\">spectro.nl\/msds<\/a><\/p>\n<p><a href=\"#top\">Back<\/a><\/p>\n<p>&nbsp;<\/p>\n<p><a name=\"washroom\"><\/a><\/p>\n<h2>Sanitair Reinigung<\/h2>\n<p><iframe loading=\"lazy\" title=\"Instructions Washroom Cleaning Ecodos\" width=\"700\" height=\"394\" src=\"https:\/\/www.youtube.com\/embed\/c5UgBFPzrTQ?feature=oembed\" frameborder=\"0\" allow=\"accelerometer; autoplay; encrypted-media; gyroscope; picture-in-picture\" allowfullscreen><\/iframe><\/p>\n<p><strong>Anwendungsbereich:<\/strong><br \/>\nReinigung des Sanit\u00e4rbereichs von Wohn- und Arbeitsr\u00e4umen.<\/p>\n<p><strong>Gebrauchsanweisung:<\/strong><br \/>\n1. Falten Sie das (Mikrofaser-) Tuch so, dass 8 saubere Seiten vorhanden sind.<br \/>\n1. Auf die Oberfl\u00e4che oder Reinigungstuch spr\u00fchen und damit reinigen.<br \/>\n3. Verwenden Sie regelm\u00e4\u00dfig eine saubere Seite.<br \/>\n4. Den Flakon t\u00e4glich leeren, aussp\u00fclen und trocknen. Waschen Sie das (Mikrofaser-) Tuch.<\/p>\n<p>MSDS und Produktinformation: <a href=\"http:\/\/www.spectro.nl\/msds\">spectro.nl\/msds<\/a><\/p>\n<p><a href=\"#top\">Back<\/a><\/p>\n<p><a name=\"floor\"><\/a><\/p>\n<h2>Boden Reinigung<\/h2>\n<p><iframe loading=\"lazy\" title=\"Instructions Ecodos Floor Cleaning\" width=\"700\" height=\"394\" src=\"https:\/\/www.youtube.com\/embed\/aDim4VaZTKc?feature=oembed\" frameborder=\"0\" allow=\"accelerometer; autoplay; encrypted-media; gyroscope; picture-in-picture\" allowfullscreen><\/iframe><br \/>\n<strong>Anwendungsbereich:<\/strong><br \/>\nReinigung von B\u00f6den mittels Mikrofaser-Moppsystem.<\/p>\n<p><strong>Gebrauchsanweisung:<\/strong><br \/>\n1. F\u00fcllen Sie den Beh\u00e4lter mit Hilfe dieser Durchstechflasche oder spr\u00fchen Sie ihn auf den Flachmopp.<br \/>\n2. Spr\u00fchen Sie regelm\u00e4\u00dfig auf die Oberfl\u00e4che, damit der flache Mopp feucht bleibt.<br \/>\n3. \u00dcberpr\u00fcfen Sie regelm\u00e4\u00dfig, ob der Flachmopp ausreichend sauber ist, und tauschen Sie ihn wenn n\u00f6tig gegen einen sauberen Flachmopp aus.<br \/>\n4. Den Beh\u00e4lter und\/ oder die Flasche t\u00e4glich leeren und aussp\u00fclen. Nach Gebrauch den flachen Mopp waschen.<\/p>\n<p>MSDS und Produktinformation: <a href=\"http:\/\/www.spectro.nl\/msds\">spectro.nl\/msds<\/a><\/p>\n<p><a href=\"#top\">Back<\/a><\/p>\n<p><a name=\"laundry\"><\/a><\/p>\n<h2>Waschen<\/h2>\n<img loading=\"lazy\" class=\"alignleft size-full wp-image-2394\" src=\"https:\/\/www.ecodos.eu\/wp-content\/uploads\/Laundry.jpg\" alt=\"\" width=\"500\" height=\"334\" \/>\n<p><strong>Gebrauchsanweisung:<\/strong><br \/>\n1. Waschen Sie Mikrofasermaterialien immer getrennt von anderen Wachsen.<br \/>\n2. Verwenden Sie vorzugsweise Ecodet Microfaser-Reinigungsmittel und niemals Weichsp\u00fcler.<br \/>\n3. Verwenden Sie nach M\u00f6glichkeit ein Waschprogramm mit Vorw\u00e4sche.<br \/>\n4. Bei 60 Grad oder weniger waschen.<br \/>\n5. Trocknen Sie die Mikrofasermaterialien in einem W\u00e4schetrockner.<\/p>\n<p>MSDS und Produktinformation: <a href=\"http:\/\/www.spectro.nl\/msds\">spectro.nl\/msds<\/a><\/p>\n<p><a href=\"#top\">Back<\/a><\/p>\n<hr \/>\n","protected":false},"excerpt":{"rendered":"<p>Was w\u00fcrden Sie reinigen m\u00f6chten? Allzweck Reinigung: &nbsp; &nbsp; &nbsp; &nbsp; &nbsp; &nbsp; &nbsp; &nbsp; &nbsp; Sanitair Reinigung: &nbsp; &nbsp; &nbsp; &nbsp; &nbsp; &nbsp; &nbsp; &nbsp; &nbsp; Boden Reinigung: &nbsp; &nbsp; &nbsp; &nbsp; &nbsp; &nbsp; &nbsp; &nbsp; &nbsp; Waschen: &nbsp; &nbsp; &nbsp; &nbsp; &nbsp; &nbsp; &nbsp; &nbsp; Allzweck Reinigung Anwendungsbereich: &hellip; <a href=\"https:\/\/www.ecodos.eu\/de\/use\/\" class=\"morelink\">Read more &rarr;<\/a><\/p>\n","protected":false},"author":2,"featured_media":0,"parent":0,"menu_order":0,"comment_status":"closed","ping_status":"closed","template":"template-fullwidth.php","meta":[],"acf":[],"yoast_head":"<!-- This site is optimized with the Yoast SEO plugin v19.4 - https:\/\/yoast.com\/wordpress\/plugins\/seo\/ -->\n<title>Use - Ecodos<\/title>\n<meta name=\"robots\" content=\"index, follow, max-snippet:-1, max-image-preview:large, max-video-preview:-1\" \/>\n<link rel=\"canonical\" href=\"https:\/\/www.ecodos.eu\/de\/use\/\" \/>\n<meta property=\"og:locale\" content=\"de_DE\" \/>\n<meta property=\"og:type\" content=\"article\" \/>\n<meta property=\"og:title\" content=\"Use - Ecodos\" \/>\n<meta property=\"og:description\" content=\"Was w\u00fcrden Sie reinigen m\u00f6chten? Allzweck Reinigung: &nbsp; &nbsp; &nbsp; &nbsp; &nbsp; &nbsp; &nbsp; &nbsp; &nbsp; Sanitair Reinigung: &nbsp; &nbsp; &nbsp; &nbsp; &nbsp; &nbsp; &nbsp; &nbsp; &nbsp; Boden Reinigung: &nbsp; &nbsp; &nbsp; &nbsp; &nbsp; &nbsp; &nbsp; &nbsp; &nbsp; Waschen: &nbsp; &nbsp; &nbsp; &nbsp; &nbsp; &nbsp; &nbsp; &nbsp; Allzweck Reinigung Anwendungsbereich: &hellip; Read more &rarr;\" \/>\n<meta property=\"og:url\" content=\"https:\/\/www.ecodos.eu\/de\/use\/\" \/>\n<meta property=\"og:site_name\" content=\"Ecodos\" \/>\n<meta property=\"article:modified_time\" content=\"2019-09-21T07:45:33+00:00\" \/>\n<meta property=\"og:image\" content=\"https:\/\/www.ecodos.eu\/wp-content\/uploads\/Interior.jpg\" \/>\n<meta name=\"twitter:card\" content=\"summary\" \/>\n<meta name=\"twitter:label1\" content=\"Gesch\u00e4tzte Lesezeit\" \/>\n\t<meta name=\"twitter:data1\" content=\"2\u00a0Minuten\" \/>\n<script type=\"application\/ld+json\" class=\"yoast-schema-graph\">{\"@context\":\"https:\/\/schema.org\",\"@graph\":[{\"@type\":\"WebSite\",\"@id\":\"https:\/\/www.ecodos.eu\/#website\",\"url\":\"https:\/\/www.ecodos.eu\/\",\"name\":\"Ecodos\",\"description\":\"En nog een WordPress site\",\"potentialAction\":[{\"@type\":\"SearchAction\",\"target\":{\"@type\":\"EntryPoint\",\"urlTemplate\":\"https:\/\/www.ecodos.eu\/?s={search_term_string}\"},\"query-input\":\"required name=search_term_string\"}],\"inLanguage\":\"de\"},{\"@type\":\"WebPage\",\"@id\":\"https:\/\/www.ecodos.eu\/de\/use\/\",\"url\":\"https:\/\/www.ecodos.eu\/de\/use\/\",\"name\":\"Use - Ecodos\",\"isPartOf\":{\"@id\":\"https:\/\/www.ecodos.eu\/#website\"},\"datePublished\":\"2019-09-19T18:33:02+00:00\",\"dateModified\":\"2019-09-21T07:45:33+00:00\",\"breadcrumb\":{\"@id\":\"https:\/\/www.ecodos.eu\/de\/use\/#breadcrumb\"},\"inLanguage\":\"de\",\"potentialAction\":[{\"@type\":\"ReadAction\",\"target\":[\"https:\/\/www.ecodos.eu\/de\/use\/\"]}]},{\"@type\":\"BreadcrumbList\",\"@id\":\"https:\/\/www.ecodos.eu\/de\/use\/#breadcrumb\",\"itemListElement\":[{\"@type\":\"ListItem\",\"position\":1,\"name\":\"Home\",\"item\":\"https:\/\/www.ecodos.eu\/de\/\"},{\"@type\":\"ListItem\",\"position\":2,\"name\":\"Use\"}]}]}<\/script>\n<!-- \/ Yoast SEO plugin. -->","yoast_head_json":{"title":"Use - Ecodos","robots":{"index":"index","follow":"follow","max-snippet":"max-snippet:-1","max-image-preview":"max-image-preview:large","max-video-preview":"max-video-preview:-1"},"canonical":"https:\/\/www.ecodos.eu\/de\/use\/","og_locale":"de_DE","og_type":"article","og_title":"Use - Ecodos","og_description":"Was w\u00fcrden Sie reinigen m\u00f6chten? Allzweck Reinigung: &nbsp; &nbsp; &nbsp; &nbsp; &nbsp; &nbsp; &nbsp; &nbsp; &nbsp; Sanitair Reinigung: &nbsp; &nbsp; &nbsp; &nbsp; &nbsp; &nbsp; &nbsp; &nbsp; &nbsp; Boden Reinigung: &nbsp; &nbsp; &nbsp; &nbsp; &nbsp; &nbsp; &nbsp; &nbsp; &nbsp; Waschen: &nbsp; &nbsp; &nbsp; &nbsp; &nbsp; &nbsp; &nbsp; &nbsp; Allzweck Reinigung Anwendungsbereich: &hellip; Read more &rarr;","og_url":"https:\/\/www.ecodos.eu\/de\/use\/","og_site_name":"Ecodos","article_modified_time":"2019-09-21T07:45:33+00:00","og_image":[{"url":"https:\/\/www.ecodos.eu\/wp-content\/uploads\/Interior.jpg"}],"twitter_card":"summary","twitter_misc":{"Gesch\u00e4tzte Lesezeit":"2\u00a0Minuten"},"schema":{"@context":"https:\/\/schema.org","@graph":[{"@type":"WebSite","@id":"https:\/\/www.ecodos.eu\/#website","url":"https:\/\/www.ecodos.eu\/","name":"Ecodos","description":"En nog een WordPress site","potentialAction":[{"@type":"SearchAction","target":{"@type":"EntryPoint","urlTemplate":"https:\/\/www.ecodos.eu\/?s={search_term_string}"},"query-input":"required name=search_term_string"}],"inLanguage":"de"},{"@type":"WebPage","@id":"https:\/\/www.ecodos.eu\/de\/use\/","url":"https:\/\/www.ecodos.eu\/de\/use\/","name":"Use - Ecodos","isPartOf":{"@id":"https:\/\/www.ecodos.eu\/#website"},"datePublished":"2019-09-19T18:33:02+00:00","dateModified":"2019-09-21T07:45:33+00:00","breadcrumb":{"@id":"https:\/\/www.ecodos.eu\/de\/use\/#breadcrumb"},"inLanguage":"de","potentialAction":[{"@type":"ReadAction","target":["https:\/\/www.ecodos.eu\/de\/use\/"]}]},{"@type":"BreadcrumbList","@id":"https:\/\/www.ecodos.eu\/de\/use\/#breadcrumb","itemListElement":[{"@type":"ListItem","position":1,"name":"Home","item":"https:\/\/www.ecodos.eu\/de\/"},{"@type":"ListItem","position":2,"name":"Use"}]}]}},"_links":{"self":[{"href":"https:\/\/www.ecodos.eu\/de\/wp-json\/wp\/v2\/pages\/2555\/"}],"collection":[{"href":"https:\/\/www.ecodos.eu\/de\/wp-json\/wp\/v2\/pages\/"}],"about":[{"href":"https:\/\/www.ecodos.eu\/de\/wp-json\/wp\/v2\/types\/page\/"}],"author":[{"embeddable":true,"href":"https:\/\/www.ecodos.eu\/de\/wp-json\/wp\/v2\/users\/2\/"}],"replies":[{"embeddable":true,"href":"https:\/\/www.ecodos.eu\/de\/wp-json\/wp\/v2\/comments\/?post=2555"}],"version-history":[{"count":5,"href":"https:\/\/www.ecodos.eu\/de\/wp-json\/wp\/v2\/pages\/2555\/revisions\/"}],"predecessor-version":[{"id":2575,"href":"https:\/\/www.ecodos.eu\/de\/wp-json\/wp\/v2\/pages\/2555\/revisions\/2575\/"}],"wp:attachment":[{"href":"https:\/\/www.ecodos.eu\/de\/wp-json\/wp\/v2\/media\/?parent=2555"}],"curies":[{"name":"wp","href":"https:\/\/api.w.org\/{rel}","templated":true}]}}