{"id":1907,"date":"2018-04-23T14:56:31","date_gmt":"2018-04-23T13:56:31","guid":{"rendered":"http:\/\/www.ecodos.eu\/?page_id=1907"},"modified":"2018-04-23T14:59:39","modified_gmt":"2018-04-23T13:59:39","slug":"ecodet","status":"publish","type":"page","link":"https:\/\/www.ecodos.eu\/de\/ecodet\/","title":{"rendered":"Die professionellen Waschmittel von Ecodet"},"content":{"rendered":"<div style=\"float:left;padding-bottom:30px;\">\n<img loading=\"lazy\" class=\"alignleft wp-image-1859 size-full\" src=\"https:\/\/www.ecodos.eu\/wp-content\/uploads\/ecodet-200-2.png\" alt=\"\" width=\"235\" height=\"191\" \/><\/p>\n<h2 style=\"margin-top:-15px;\">Ecodet easy<\/h2>\n<p>Hochkonzentrierte, \u00f6kologische Waschmittel in intelligenten und energieneutralen Dosiersystemen: effizienter Einsatz und bessere Ergebnisse. Geeignet zum Waschen aller Arten von Textilien in semiprofessionellen Waschmaschinen.<\/p>\n<div style=\"margin: 25px auto; text-align: left;\"><a style=\"padding: 10px 60px; background: #E66F3D; font-weight: bold; color: #fff; border-radius: 5px;\" href=\"https:\/\/www.ecodos.eu\/de\/ecodet-easy\/\">Lesen Sie mehr<\/a>\n<\/div>\n<\/div>\n<div style=\"float:left;padding-bottom:30px;\">\n<img loading=\"lazy\" class=\"alignleft wp-image-1868 size-full\" src=\"https:\/\/www.ecodos.eu\/wp-content\/uploads\/wasmiddel-200.png\" alt=\"\" width=\"235\" height=\"191\" \/><\/p>\n<h2 style=\"margin-top:-15px;\">Reinigungsmittel<\/h2>\n<p>Reinigungsmittel von h\u00f6chster Qualit\u00e4t! Nach jeder W\u00e4sche ist Ihre Firmenkleidung wieder so sauber wie ein Pfiff. Wenn es viele Kulturen gibt, k\u00f6nnen Sie auf die Reinigungsmittel von Ecodet z\u00e4hlen. Von Spezialwaschmitteln f\u00fcr die Lebensmittelindustrie bis hin zu Microfaser-Waschmitteln. Du fragst, wir rennen!<\/p>\n<div style=\"margin: 25px auto; text-align: left;\"><a style=\"padding: 10px 60px; background: #E66F3D; font-weight: bold; color: #fff; border-radius: 5px;\" href=\"https:\/\/www.ecodos.eu\/de\/ecodet-waschmitteln\/\">Lesen Sie mehr<\/a><\/div>\n<\/div>\n","protected":false},"excerpt":{"rendered":"<p>Ecodet easy Hochkonzentrierte, \u00f6kologische Waschmittel in intelligenten und energieneutralen Dosiersystemen: effizienter Einsatz und bessere Ergebnisse. Geeignet zum Waschen aller Arten von Textilien in semiprofessionellen Waschmaschinen. Lesen Sie mehr Reinigungsmittel Reinigungsmittel von h\u00f6chster Qualit\u00e4t! Nach jeder W\u00e4sche ist Ihre Firmenkleidung wieder so sauber wie ein Pfiff. Wenn es viele Kulturen gibt, &hellip; <a href=\"https:\/\/www.ecodos.eu\/de\/ecodet\/\" class=\"morelink\">Read more &rarr;<\/a><\/p>\n","protected":false},"author":2,"featured_media":0,"parent":0,"menu_order":0,"comment_status":"closed","ping_status":"closed","template":"template-fullwidth.php","meta":[],"acf":[],"yoast_head":"<!-- This site is optimized with the Yoast SEO plugin v19.4 - https:\/\/yoast.com\/wordpress\/plugins\/seo\/ -->\n<title>Die professionellen Waschmittel von Ecodet - Ecodos<\/title>\n<meta name=\"robots\" content=\"index, follow, max-snippet:-1, max-image-preview:large, max-video-preview:-1\" \/>\n<link rel=\"canonical\" href=\"https:\/\/www.ecodos.eu\/de\/ecodet\/\" \/>\n<meta property=\"og:locale\" content=\"de_DE\" \/>\n<meta property=\"og:type\" content=\"article\" \/>\n<meta property=\"og:title\" content=\"Die professionellen Waschmittel von Ecodet - Ecodos\" \/>\n<meta property=\"og:description\" content=\"Ecodet easy Hochkonzentrierte, \u00f6kologische Waschmittel in intelligenten und energieneutralen Dosiersystemen: effizienter Einsatz und bessere Ergebnisse. Geeignet zum Waschen aller Arten von Textilien in semiprofessionellen Waschmaschinen. Lesen Sie mehr Reinigungsmittel Reinigungsmittel von h\u00f6chster Qualit\u00e4t! Nach jeder W\u00e4sche ist Ihre Firmenkleidung wieder so sauber wie ein Pfiff. Wenn es viele Kulturen gibt, &hellip; Read more &rarr;\" \/>\n<meta property=\"og:url\" content=\"https:\/\/www.ecodos.eu\/de\/ecodet\/\" \/>\n<meta property=\"og:site_name\" content=\"Ecodos\" \/>\n<meta property=\"article:modified_time\" content=\"2018-04-23T13:59:39+00:00\" \/>\n<meta property=\"og:image\" content=\"https:\/\/www.ecodos.eu\/wp-content\/uploads\/ecodet-200-2.png\" \/>\n<meta name=\"twitter:card\" content=\"summary\" \/>\n<script type=\"application\/ld+json\" class=\"yoast-schema-graph\">{\"@context\":\"https:\/\/schema.org\",\"@graph\":[{\"@type\":\"WebSite\",\"@id\":\"https:\/\/www.ecodos.eu\/#website\",\"url\":\"https:\/\/www.ecodos.eu\/\",\"name\":\"Ecodos\",\"description\":\"En nog een WordPress site\",\"potentialAction\":[{\"@type\":\"SearchAction\",\"target\":{\"@type\":\"EntryPoint\",\"urlTemplate\":\"https:\/\/www.ecodos.eu\/?s={search_term_string}\"},\"query-input\":\"required name=search_term_string\"}],\"inLanguage\":\"de\"},{\"@type\":\"WebPage\",\"@id\":\"https:\/\/www.ecodos.eu\/de\/ecodet\/\",\"url\":\"https:\/\/www.ecodos.eu\/de\/ecodet\/\",\"name\":\"Die professionellen Waschmittel von Ecodet - Ecodos\",\"isPartOf\":{\"@id\":\"https:\/\/www.ecodos.eu\/#website\"},\"datePublished\":\"2018-04-23T13:56:31+00:00\",\"dateModified\":\"2018-04-23T13:59:39+00:00\",\"breadcrumb\":{\"@id\":\"https:\/\/www.ecodos.eu\/de\/ecodet\/#breadcrumb\"},\"inLanguage\":\"de\",\"potentialAction\":[{\"@type\":\"ReadAction\",\"target\":[\"https:\/\/www.ecodos.eu\/de\/ecodet\/\"]}]},{\"@type\":\"BreadcrumbList\",\"@id\":\"https:\/\/www.ecodos.eu\/de\/ecodet\/#breadcrumb\",\"itemListElement\":[{\"@type\":\"ListItem\",\"position\":1,\"name\":\"Home\",\"item\":\"https:\/\/www.ecodos.eu\/de\/\"},{\"@type\":\"ListItem\",\"position\":2,\"name\":\"Die professionellen Waschmittel von Ecodet\"}]}]}<\/script>\n<!-- \/ Yoast SEO plugin. -->","yoast_head_json":{"title":"Die professionellen Waschmittel von Ecodet - Ecodos","robots":{"index":"index","follow":"follow","max-snippet":"max-snippet:-1","max-image-preview":"max-image-preview:large","max-video-preview":"max-video-preview:-1"},"canonical":"https:\/\/www.ecodos.eu\/de\/ecodet\/","og_locale":"de_DE","og_type":"article","og_title":"Die professionellen Waschmittel von Ecodet - Ecodos","og_description":"Ecodet easy Hochkonzentrierte, \u00f6kologische Waschmittel in intelligenten und energieneutralen Dosiersystemen: effizienter Einsatz und bessere Ergebnisse. Geeignet zum Waschen aller Arten von Textilien in semiprofessionellen Waschmaschinen. Lesen Sie mehr Reinigungsmittel Reinigungsmittel von h\u00f6chster Qualit\u00e4t! Nach jeder W\u00e4sche ist Ihre Firmenkleidung wieder so sauber wie ein Pfiff. Wenn es viele Kulturen gibt, &hellip; Read more &rarr;","og_url":"https:\/\/www.ecodos.eu\/de\/ecodet\/","og_site_name":"Ecodos","article_modified_time":"2018-04-23T13:59:39+00:00","og_image":[{"url":"https:\/\/www.ecodos.eu\/wp-content\/uploads\/ecodet-200-2.png"}],"twitter_card":"summary","schema":{"@context":"https:\/\/schema.org","@graph":[{"@type":"WebSite","@id":"https:\/\/www.ecodos.eu\/#website","url":"https:\/\/www.ecodos.eu\/","name":"Ecodos","description":"En nog een WordPress site","potentialAction":[{"@type":"SearchAction","target":{"@type":"EntryPoint","urlTemplate":"https:\/\/www.ecodos.eu\/?s={search_term_string}"},"query-input":"required name=search_term_string"}],"inLanguage":"de"},{"@type":"WebPage","@id":"https:\/\/www.ecodos.eu\/de\/ecodet\/","url":"https:\/\/www.ecodos.eu\/de\/ecodet\/","name":"Die professionellen Waschmittel von Ecodet - Ecodos","isPartOf":{"@id":"https:\/\/www.ecodos.eu\/#website"},"datePublished":"2018-04-23T13:56:31+00:00","dateModified":"2018-04-23T13:59:39+00:00","breadcrumb":{"@id":"https:\/\/www.ecodos.eu\/de\/ecodet\/#breadcrumb"},"inLanguage":"de","potentialAction":[{"@type":"ReadAction","target":["https:\/\/www.ecodos.eu\/de\/ecodet\/"]}]},{"@type":"BreadcrumbList","@id":"https:\/\/www.ecodos.eu\/de\/ecodet\/#breadcrumb","itemListElement":[{"@type":"ListItem","position":1,"name":"Home","item":"https:\/\/www.ecodos.eu\/de\/"},{"@type":"ListItem","position":2,"name":"Die professionellen Waschmittel von Ecodet"}]}]}},"_links":{"self":[{"href":"https:\/\/www.ecodos.eu\/de\/wp-json\/wp\/v2\/pages\/1907\/"}],"collection":[{"href":"https:\/\/www.ecodos.eu\/de\/wp-json\/wp\/v2\/pages\/"}],"about":[{"href":"https:\/\/www.ecodos.eu\/de\/wp-json\/wp\/v2\/types\/page\/"}],"author":[{"embeddable":true,"href":"https:\/\/www.ecodos.eu\/de\/wp-json\/wp\/v2\/users\/2\/"}],"replies":[{"embeddable":true,"href":"https:\/\/www.ecodos.eu\/de\/wp-json\/wp\/v2\/comments\/?post=1907"}],"version-history":[{"count":2,"href":"https:\/\/www.ecodos.eu\/de\/wp-json\/wp\/v2\/pages\/1907\/revisions\/"}],"predecessor-version":[{"id":1910,"href":"https:\/\/www.ecodos.eu\/de\/wp-json\/wp\/v2\/pages\/1907\/revisions\/1910\/"}],"wp:attachment":[{"href":"https:\/\/www.ecodos.eu\/de\/wp-json\/wp\/v2\/media\/?parent=1907"}],"curies":[{"name":"wp","href":"https:\/\/api.w.org\/{rel}","templated":true}]}}