{"id":1691,"date":"2017-03-17T12:16:25","date_gmt":"2017-03-17T11:16:25","guid":{"rendered":"http:\/\/www.ecodos.eu\/?page_id=1691\/"},"modified":"2017-03-17T12:16:58","modified_gmt":"2017-03-17T11:16:58","slug":"ecodet-waschmittel","status":"publish","type":"page","link":"https:\/\/www.ecodos.eu\/de\/ecodet-waschmittel\/","title":{"rendered":"Ecodet Waschmittel"},"content":{"rendered":"<p><strong>1. Waschmittel<\/strong><br \/>\nEntfernt hartn\u00e4ckige Flecken und ist geeignet f\u00fcr W\u00e4sche aller Farben. F\u00fcr sowohl niedrige wie hohe Temperaturen.<br \/>\n<a href=\"https:\/\/www.ecodos.eu\/wp-content\/uploads\/EU-Ecolabel-certificaat-Ecodet-Wasmiddelen.pdf\">EU-\u00d6kolabel Zertifikate<\/a><\/p>\n<p><strong>2. Weichsp\u00fcler<\/strong>*<br \/>\nF\u00fcr das Weichsp\u00fclen und erfrischen von Textilien. Geeignet f\u00fcr W\u00e4sche aller Farben.<\/p>\n<p><strong>3. Fleckentfernungsmittel<\/strong><br \/>\nF\u00fcr die nachhaltige Entfernung von Flecken und Ger\u00fcchen. Eignet sich sowohl f\u00fcr Bunt- als f\u00fcr wei\u00dfe W\u00e4sche.<\/p>\n<p><strong>4. Mikrofaser Waschmittel<\/strong><br \/>\nSpeziell f\u00fcr das waschen aller Arten Mikrofasermaterialen. Enth\u00e4lt keine Bleichmittel, lasst keinen Niederschlag hinter und tastet die Faser nicht an.<br \/>\n<a href=\"https:\/\/www.ecodos.eu\/wp-content\/uploads\/EU-Ecolabel-certificaat-Ecodet-Wasmiddelen.pdf\">EU-\u00d6kolabel Zertifikate<\/a><\/p>\n<p>*<em>Europ\u00e4ische Ecolabel in Antrag.<\/em><br \/>\n<img loading=\"lazy\" class=\"alignleft wp-image-1681\" src=\"https:\/\/www.ecodos.eu\/wp-content\/uploads\/00747-Ecodet-Laundry-Detergent-00746-Fabric-Softener-00743-Destainer-00745-Microfibre-Laundry-Detergent-1L-Doseerfles.png\" alt=\"\" width=\"405\" height=\"405\" srcset=\"https:\/\/www.ecodos.eu\/wp-content\/uploads\/00747-Ecodet-Laundry-Detergent-00746-Fabric-Softener-00743-Destainer-00745-Microfibre-Laundry-Detergent-1L-Doseerfles.png 4486w, https:\/\/www.ecodos.eu\/wp-content\/uploads\/00747-Ecodet-Laundry-Detergent-00746-Fabric-Softener-00743-Destainer-00745-Microfibre-Laundry-Detergent-1L-Doseerfles-150x150.png 150w, https:\/\/www.ecodos.eu\/wp-content\/uploads\/00747-Ecodet-Laundry-Detergent-00746-Fabric-Softener-00743-Destainer-00745-Microfibre-Laundry-Detergent-1L-Doseerfles-768x768.png 768w\" sizes=\"(max-width: 405px) 100vw, 405px\" \/><\/p>\n","protected":false},"excerpt":{"rendered":"<p>1. Waschmittel Entfernt hartn\u00e4ckige Flecken und ist geeignet f\u00fcr W\u00e4sche aller Farben. F\u00fcr sowohl niedrige wie hohe Temperaturen. EU-\u00d6kolabel Zertifikate 2. Weichsp\u00fcler* F\u00fcr das Weichsp\u00fclen und erfrischen von Textilien. Geeignet f\u00fcr W\u00e4sche aller Farben. 3. Fleckentfernungsmittel F\u00fcr die nachhaltige Entfernung von Flecken und Ger\u00fcchen. Eignet sich sowohl f\u00fcr Bunt- als &hellip; <a href=\"https:\/\/www.ecodos.eu\/de\/ecodet-waschmittel\/\" class=\"morelink\">Read more &rarr;<\/a><\/p>\n","protected":false},"author":2,"featured_media":0,"parent":0,"menu_order":0,"comment_status":"closed","ping_status":"closed","template":"template-fullwidth.php","meta":[],"acf":[],"yoast_head":"<!-- This site is optimized with the Yoast SEO plugin v19.4 - https:\/\/yoast.com\/wordpress\/plugins\/seo\/ -->\n<title>Ecodet Waschmittel - Ecodos<\/title>\n<meta name=\"robots\" content=\"index, follow, max-snippet:-1, max-image-preview:large, max-video-preview:-1\" \/>\n<link rel=\"canonical\" href=\"https:\/\/www.ecodos.eu\/de\/ecodet-waschmittel\/\" \/>\n<meta property=\"og:locale\" content=\"de_DE\" \/>\n<meta property=\"og:type\" content=\"article\" \/>\n<meta property=\"og:title\" content=\"Ecodet Waschmittel - Ecodos\" \/>\n<meta property=\"og:description\" content=\"1. Waschmittel Entfernt hartn\u00e4ckige Flecken und ist geeignet f\u00fcr W\u00e4sche aller Farben. F\u00fcr sowohl niedrige wie hohe Temperaturen. EU-\u00d6kolabel Zertifikate 2. Weichsp\u00fcler* F\u00fcr das Weichsp\u00fclen und erfrischen von Textilien. Geeignet f\u00fcr W\u00e4sche aller Farben. 3. Fleckentfernungsmittel F\u00fcr die nachhaltige Entfernung von Flecken und Ger\u00fcchen. Eignet sich sowohl f\u00fcr Bunt- als &hellip; Read more &rarr;\" \/>\n<meta property=\"og:url\" content=\"https:\/\/www.ecodos.eu\/de\/ecodet-waschmittel\/\" \/>\n<meta property=\"og:site_name\" content=\"Ecodos\" \/>\n<meta property=\"article:modified_time\" content=\"2017-03-17T11:16:58+00:00\" \/>\n<meta property=\"og:image\" content=\"https:\/\/www.ecodos.eu\/wp-content\/uploads\/00747-Ecodet-Laundry-Detergent-00746-Fabric-Softener-00743-Destainer-00745-Microfibre-Laundry-Detergent-1L-Doseerfles.png\" \/>\n<meta name=\"twitter:card\" content=\"summary\" \/>\n<script type=\"application\/ld+json\" class=\"yoast-schema-graph\">{\"@context\":\"https:\/\/schema.org\",\"@graph\":[{\"@type\":\"WebSite\",\"@id\":\"https:\/\/www.ecodos.eu\/#website\",\"url\":\"https:\/\/www.ecodos.eu\/\",\"name\":\"Ecodos\",\"description\":\"En nog een WordPress site\",\"potentialAction\":[{\"@type\":\"SearchAction\",\"target\":{\"@type\":\"EntryPoint\",\"urlTemplate\":\"https:\/\/www.ecodos.eu\/?s={search_term_string}\"},\"query-input\":\"required name=search_term_string\"}],\"inLanguage\":\"de\"},{\"@type\":\"WebPage\",\"@id\":\"https:\/\/www.ecodos.eu\/de\/ecodet-waschmittel\/\",\"url\":\"https:\/\/www.ecodos.eu\/de\/ecodet-waschmittel\/\",\"name\":\"Ecodet Waschmittel - Ecodos\",\"isPartOf\":{\"@id\":\"https:\/\/www.ecodos.eu\/#website\"},\"datePublished\":\"2017-03-17T11:16:25+00:00\",\"dateModified\":\"2017-03-17T11:16:58+00:00\",\"breadcrumb\":{\"@id\":\"https:\/\/www.ecodos.eu\/de\/ecodet-waschmittel\/#breadcrumb\"},\"inLanguage\":\"de\",\"potentialAction\":[{\"@type\":\"ReadAction\",\"target\":[\"https:\/\/www.ecodos.eu\/de\/ecodet-waschmittel\/\"]}]},{\"@type\":\"BreadcrumbList\",\"@id\":\"https:\/\/www.ecodos.eu\/de\/ecodet-waschmittel\/#breadcrumb\",\"itemListElement\":[{\"@type\":\"ListItem\",\"position\":1,\"name\":\"Home\",\"item\":\"https:\/\/www.ecodos.eu\/de\/\"},{\"@type\":\"ListItem\",\"position\":2,\"name\":\"Ecodet Waschmittel\"}]}]}<\/script>\n<!-- \/ Yoast SEO plugin. -->","yoast_head_json":{"title":"Ecodet Waschmittel - Ecodos","robots":{"index":"index","follow":"follow","max-snippet":"max-snippet:-1","max-image-preview":"max-image-preview:large","max-video-preview":"max-video-preview:-1"},"canonical":"https:\/\/www.ecodos.eu\/de\/ecodet-waschmittel\/","og_locale":"de_DE","og_type":"article","og_title":"Ecodet Waschmittel - Ecodos","og_description":"1. Waschmittel Entfernt hartn\u00e4ckige Flecken und ist geeignet f\u00fcr W\u00e4sche aller Farben. F\u00fcr sowohl niedrige wie hohe Temperaturen. EU-\u00d6kolabel Zertifikate 2. Weichsp\u00fcler* F\u00fcr das Weichsp\u00fclen und erfrischen von Textilien. Geeignet f\u00fcr W\u00e4sche aller Farben. 3. Fleckentfernungsmittel F\u00fcr die nachhaltige Entfernung von Flecken und Ger\u00fcchen. Eignet sich sowohl f\u00fcr Bunt- als &hellip; Read more &rarr;","og_url":"https:\/\/www.ecodos.eu\/de\/ecodet-waschmittel\/","og_site_name":"Ecodos","article_modified_time":"2017-03-17T11:16:58+00:00","og_image":[{"url":"https:\/\/www.ecodos.eu\/wp-content\/uploads\/00747-Ecodet-Laundry-Detergent-00746-Fabric-Softener-00743-Destainer-00745-Microfibre-Laundry-Detergent-1L-Doseerfles.png"}],"twitter_card":"summary","schema":{"@context":"https:\/\/schema.org","@graph":[{"@type":"WebSite","@id":"https:\/\/www.ecodos.eu\/#website","url":"https:\/\/www.ecodos.eu\/","name":"Ecodos","description":"En nog een WordPress site","potentialAction":[{"@type":"SearchAction","target":{"@type":"EntryPoint","urlTemplate":"https:\/\/www.ecodos.eu\/?s={search_term_string}"},"query-input":"required name=search_term_string"}],"inLanguage":"de"},{"@type":"WebPage","@id":"https:\/\/www.ecodos.eu\/de\/ecodet-waschmittel\/","url":"https:\/\/www.ecodos.eu\/de\/ecodet-waschmittel\/","name":"Ecodet Waschmittel - Ecodos","isPartOf":{"@id":"https:\/\/www.ecodos.eu\/#website"},"datePublished":"2017-03-17T11:16:25+00:00","dateModified":"2017-03-17T11:16:58+00:00","breadcrumb":{"@id":"https:\/\/www.ecodos.eu\/de\/ecodet-waschmittel\/#breadcrumb"},"inLanguage":"de","potentialAction":[{"@type":"ReadAction","target":["https:\/\/www.ecodos.eu\/de\/ecodet-waschmittel\/"]}]},{"@type":"BreadcrumbList","@id":"https:\/\/www.ecodos.eu\/de\/ecodet-waschmittel\/#breadcrumb","itemListElement":[{"@type":"ListItem","position":1,"name":"Home","item":"https:\/\/www.ecodos.eu\/de\/"},{"@type":"ListItem","position":2,"name":"Ecodet Waschmittel"}]}]}},"_links":{"self":[{"href":"https:\/\/www.ecodos.eu\/de\/wp-json\/wp\/v2\/pages\/1691\/"}],"collection":[{"href":"https:\/\/www.ecodos.eu\/de\/wp-json\/wp\/v2\/pages\/"}],"about":[{"href":"https:\/\/www.ecodos.eu\/de\/wp-json\/wp\/v2\/types\/page\/"}],"author":[{"embeddable":true,"href":"https:\/\/www.ecodos.eu\/de\/wp-json\/wp\/v2\/users\/2\/"}],"replies":[{"embeddable":true,"href":"https:\/\/www.ecodos.eu\/de\/wp-json\/wp\/v2\/comments\/?post=1691"}],"version-history":[{"count":2,"href":"https:\/\/www.ecodos.eu\/de\/wp-json\/wp\/v2\/pages\/1691\/revisions\/"}],"predecessor-version":[{"id":1693,"href":"https:\/\/www.ecodos.eu\/de\/wp-json\/wp\/v2\/pages\/1691\/revisions\/1693\/"}],"wp:attachment":[{"href":"https:\/\/www.ecodos.eu\/de\/wp-json\/wp\/v2\/media\/?parent=1691"}],"curies":[{"name":"wp","href":"https:\/\/api.w.org\/{rel}","templated":true}]}}