{"id":1284,"date":"2016-10-20T10:50:22","date_gmt":"2016-10-20T09:50:22","guid":{"rendered":"http:\/\/www.ecodos.eu\/de\/?page_id=1284"},"modified":"2017-01-27T09:55:47","modified_gmt":"2017-01-27T08:55:47","slug":"easy-gebaeudereinigung","status":"publish","type":"page","link":"https:\/\/www.ecodos.eu\/de\/easy-gebaeudereinigung\/","title":{"rendered":"Easy Geb\u00e4udereinigung"},"content":{"rendered":"<div class=\"block-title\"><span>Geb\u00e4udereinigung<\/span><\/div>\n<p><strong>1. Allzweckreiniger<\/strong><br \/>\nNeutrales Produkt f\u00fcr die t\u00e4gliche Reinigung des Interieurs: Schreibtische, St\u00fchle, T\u00fcren, T\u00fcrrahmen, Glas usw.<br \/>\n<a href=\"https:\/\/www.ecodos.eu\/wp-content\/uploads\/PIB-00750-Ecodos-Allzweckreiniger-3.pdf\">Produktdatenblatt<\/a><br \/>\n<a href=\"https:\/\/www.ecodos.eu\/wp-content\/uploads\/EU-Ecolabel-certificate-Ecodos-cleaners-2017-1.pdf\">EU-\u00d6kolabel Zertifikat<\/a><\/p>\n<p><strong>2. Sanit\u00e4rreiniger+<\/strong><br \/>\nNeutrales Produkt f\u00fcr die t\u00e4gliche Reinigung von Sanit\u00e4r. Entfernt Fett und Schmutz und ist kalkbindend.<br \/>\n<a href=\"https:\/\/www.ecodos.eu\/wp-content\/uploads\/PIB-00779B-Ecodos-Sanit\u00e4rreiniger-1-2.pdf\">Produktdatenblatt<\/a><br \/>\n<a href=\"https:\/\/www.ecodos.eu\/wp-content\/uploads\/EU-Ecolabel-certificate-Ecodos-cleaners-2017-1.pdf\">EU-\u00d6kolabel Zertifikat<\/a><\/p>\n<p><strong>Sanit\u00e4rreiniger (Sauer)<\/strong><br \/>\nSaures Produkt f\u00fcr die t\u00e4gliche Reinigung von Sanit\u00e4r. Entfernt Fett, Schmutz und Kalk.<br \/>\n<a href=\"https:\/\/www.ecodos.eu\/wp-content\/uploads\/PIB-00751-Ecodos-Sanit\u00e4rreiniger-3.pdf\">Produktdatenblatt<\/a><br \/>\n<a href=\"https:\/\/www.ecodos.eu\/wp-content\/uploads\/EU-Ecolabel-certificate-Ecodos-cleaners-2017-1.pdf\">EU-\u00d6kolabel Zertifikat<\/a><\/p>\n<p><strong>Sanit\u00e4rreiniger Bio<\/strong><br \/>\nNeutrales Produkt f\u00fcr die t\u00e4gliche Reinigung von Sanit\u00e4r. Basiert auf Mikroorganismen, ideal f\u00fcr den Geruchsabbau in stark frequentierten sanit\u00e4ren R\u00e4umen.<br \/>\n<a href=\"https:\/\/www.ecodos.eu\/wp-content\/uploads\/PIB-00752-Ecodos-Sanit\u00e4rreiniger-Bio-4.pdf\">Produktdatenblatt<\/a><\/p>\n<p><strong>3. Bodenreiniger <\/strong><br \/>\nNeutrales, niedrigsch\u00e4umendes Produkt f\u00fcr die t\u00e4gliche Reinigung aller wasserfesten B\u00f6den wie Linoleum, Vinyl, Kunststoff, Gummi, Stein usw. Trocknet streifenlos.<br \/>\n<a href=\"https:\/\/www.ecodos.eu\/wp-content\/uploads\/PIB-00754A-Ecodos-Bodenreiniger-3.pdf\">Produktdatenblatt<\/a><br \/>\n<a href=\"https:\/\/www.ecodos.eu\/wp-content\/uploads\/EU-Ecolabel-certificate-Ecodos-cleaners-2017-1.pdf\">EU-\u00d6kolabel Zertifikat<\/a><\/p>\n<p><strong>Bodenpflege<\/strong><br \/>\nProdukt f\u00fcr die t\u00e4gliche Reinigung wasserfester B\u00f6den wie Marmor, Plastik, Gummi, Vinyl usw. Verleiht dem Boden nat\u00fcrlichen Glanz.<br \/>\n<a href=\"https:\/\/www.ecodos.eu\/wp-content\/uploads\/PIB-00753-Ecodos-Bodenpflege-3.pdf\">Produktdatenblatt<\/a><\/p>\n<p><strong>Bodenreiniger Extra<\/strong><br \/>\nAlkalischer, niedrigsch\u00e4umender, entfettender und emulgierender Bodenreiniger. F\u00fcr B\u00f6den von unter anderem Fertigungsst\u00e4tten, Sportanlagen und Autowerkst\u00e4tten.<br \/>\n<a href=\"https:\/\/www.ecodos.eu\/wp-content\/uploads\/PIB-00744-Ecodos-Bodenreiniger-Extra.pdf\">Produktdatenblatt<\/a><\/p>\n<img loading=\"lazy\" class=\"alignleft wp-image-1365\" src=\"https:\/\/www.ecodos.eu\/wp-content\/uploads\/007500075100754A-1.jpg\" alt=\"007500075100754a-1\" width=\"453\" height=\"453\" srcset=\"https:\/\/www.ecodos.eu\/wp-content\/uploads\/007500075100754A-1.jpg 800w, https:\/\/www.ecodos.eu\/wp-content\/uploads\/007500075100754A-1-150x150.jpg 150w, https:\/\/www.ecodos.eu\/wp-content\/uploads\/007500075100754A-1-768x768.jpg 768w\" sizes=\"(max-width: 453px) 100vw, 453px\" \/>\n","protected":false},"excerpt":{"rendered":"<p>Geb\u00e4udereinigung 1. Allzweckreiniger Neutrales Produkt f\u00fcr die t\u00e4gliche Reinigung des Interieurs: Schreibtische, St\u00fchle, T\u00fcren, T\u00fcrrahmen, Glas usw. Produktdatenblatt EU-\u00d6kolabel Zertifikat 2. Sanit\u00e4rreiniger+ Neutrales Produkt f\u00fcr die t\u00e4gliche Reinigung von Sanit\u00e4r. Entfernt Fett und Schmutz und ist kalkbindend. Produktdatenblatt EU-\u00d6kolabel Zertifikat Sanit\u00e4rreiniger (Sauer) Saures Produkt f\u00fcr die t\u00e4gliche Reinigung von Sanit\u00e4r. &hellip; <a href=\"https:\/\/www.ecodos.eu\/de\/easy-gebaeudereinigung\/\" class=\"morelink\">Read more &rarr;<\/a><\/p>\n","protected":false},"author":2,"featured_media":0,"parent":0,"menu_order":0,"comment_status":"closed","ping_status":"closed","template":"template-fullwidth.php","meta":[],"acf":[],"yoast_head":"<!-- This site is optimized with the Yoast SEO plugin v19.4 - https:\/\/yoast.com\/wordpress\/plugins\/seo\/ -->\n<title>Easy Geb\u00e4udereinigung - Ecodos<\/title>\n<meta name=\"robots\" content=\"index, follow, max-snippet:-1, max-image-preview:large, max-video-preview:-1\" \/>\n<link rel=\"canonical\" href=\"https:\/\/www.ecodos.eu\/de\/easy-gebaeudereinigung\/\" \/>\n<meta property=\"og:locale\" content=\"de_DE\" \/>\n<meta property=\"og:type\" content=\"article\" \/>\n<meta property=\"og:title\" content=\"Easy Geb\u00e4udereinigung - Ecodos\" \/>\n<meta property=\"og:description\" content=\"Geb\u00e4udereinigung 1. Allzweckreiniger Neutrales Produkt f\u00fcr die t\u00e4gliche Reinigung des Interieurs: Schreibtische, St\u00fchle, T\u00fcren, T\u00fcrrahmen, Glas usw. Produktdatenblatt EU-\u00d6kolabel Zertifikat 2. Sanit\u00e4rreiniger+ Neutrales Produkt f\u00fcr die t\u00e4gliche Reinigung von Sanit\u00e4r. Entfernt Fett und Schmutz und ist kalkbindend. Produktdatenblatt EU-\u00d6kolabel Zertifikat Sanit\u00e4rreiniger (Sauer) Saures Produkt f\u00fcr die t\u00e4gliche Reinigung von Sanit\u00e4r. &hellip; Read more &rarr;\" \/>\n<meta property=\"og:url\" content=\"https:\/\/www.ecodos.eu\/de\/easy-gebaeudereinigung\/\" \/>\n<meta property=\"og:site_name\" content=\"Ecodos\" \/>\n<meta property=\"article:modified_time\" content=\"2017-01-27T08:55:47+00:00\" \/>\n<meta property=\"og:image\" content=\"https:\/\/www.ecodos.eu\/wp-content\/uploads\/007500075100754A-1.jpg\" \/>\n<meta name=\"twitter:card\" content=\"summary\" \/>\n<meta name=\"twitter:label1\" content=\"Gesch\u00e4tzte Lesezeit\" \/>\n\t<meta name=\"twitter:data1\" content=\"1\u00a0Minute\" \/>\n<script type=\"application\/ld+json\" class=\"yoast-schema-graph\">{\"@context\":\"https:\/\/schema.org\",\"@graph\":[{\"@type\":\"WebSite\",\"@id\":\"https:\/\/www.ecodos.eu\/#website\",\"url\":\"https:\/\/www.ecodos.eu\/\",\"name\":\"Ecodos\",\"description\":\"En nog een WordPress site\",\"potentialAction\":[{\"@type\":\"SearchAction\",\"target\":{\"@type\":\"EntryPoint\",\"urlTemplate\":\"https:\/\/www.ecodos.eu\/?s={search_term_string}\"},\"query-input\":\"required name=search_term_string\"}],\"inLanguage\":\"de\"},{\"@type\":\"WebPage\",\"@id\":\"https:\/\/www.ecodos.eu\/de\/easy-gebaeudereinigung\/\",\"url\":\"https:\/\/www.ecodos.eu\/de\/easy-gebaeudereinigung\/\",\"name\":\"Easy Geb\u00e4udereinigung - Ecodos\",\"isPartOf\":{\"@id\":\"https:\/\/www.ecodos.eu\/#website\"},\"datePublished\":\"2016-10-20T09:50:22+00:00\",\"dateModified\":\"2017-01-27T08:55:47+00:00\",\"breadcrumb\":{\"@id\":\"https:\/\/www.ecodos.eu\/de\/easy-gebaeudereinigung\/#breadcrumb\"},\"inLanguage\":\"de\",\"potentialAction\":[{\"@type\":\"ReadAction\",\"target\":[\"https:\/\/www.ecodos.eu\/de\/easy-gebaeudereinigung\/\"]}]},{\"@type\":\"BreadcrumbList\",\"@id\":\"https:\/\/www.ecodos.eu\/de\/easy-gebaeudereinigung\/#breadcrumb\",\"itemListElement\":[{\"@type\":\"ListItem\",\"position\":1,\"name\":\"Home\",\"item\":\"https:\/\/www.ecodos.eu\/de\/\"},{\"@type\":\"ListItem\",\"position\":2,\"name\":\"Easy Geb\u00e4udereinigung\"}]}]}<\/script>\n<!-- \/ Yoast SEO plugin. -->","yoast_head_json":{"title":"Easy Geb\u00e4udereinigung - Ecodos","robots":{"index":"index","follow":"follow","max-snippet":"max-snippet:-1","max-image-preview":"max-image-preview:large","max-video-preview":"max-video-preview:-1"},"canonical":"https:\/\/www.ecodos.eu\/de\/easy-gebaeudereinigung\/","og_locale":"de_DE","og_type":"article","og_title":"Easy Geb\u00e4udereinigung - Ecodos","og_description":"Geb\u00e4udereinigung 1. Allzweckreiniger Neutrales Produkt f\u00fcr die t\u00e4gliche Reinigung des Interieurs: Schreibtische, St\u00fchle, T\u00fcren, T\u00fcrrahmen, Glas usw. Produktdatenblatt EU-\u00d6kolabel Zertifikat 2. Sanit\u00e4rreiniger+ Neutrales Produkt f\u00fcr die t\u00e4gliche Reinigung von Sanit\u00e4r. Entfernt Fett und Schmutz und ist kalkbindend. Produktdatenblatt EU-\u00d6kolabel Zertifikat Sanit\u00e4rreiniger (Sauer) Saures Produkt f\u00fcr die t\u00e4gliche Reinigung von Sanit\u00e4r. &hellip; Read more &rarr;","og_url":"https:\/\/www.ecodos.eu\/de\/easy-gebaeudereinigung\/","og_site_name":"Ecodos","article_modified_time":"2017-01-27T08:55:47+00:00","og_image":[{"url":"https:\/\/www.ecodos.eu\/wp-content\/uploads\/007500075100754A-1.jpg"}],"twitter_card":"summary","twitter_misc":{"Gesch\u00e4tzte Lesezeit":"1\u00a0Minute"},"schema":{"@context":"https:\/\/schema.org","@graph":[{"@type":"WebSite","@id":"https:\/\/www.ecodos.eu\/#website","url":"https:\/\/www.ecodos.eu\/","name":"Ecodos","description":"En nog een WordPress site","potentialAction":[{"@type":"SearchAction","target":{"@type":"EntryPoint","urlTemplate":"https:\/\/www.ecodos.eu\/?s={search_term_string}"},"query-input":"required name=search_term_string"}],"inLanguage":"de"},{"@type":"WebPage","@id":"https:\/\/www.ecodos.eu\/de\/easy-gebaeudereinigung\/","url":"https:\/\/www.ecodos.eu\/de\/easy-gebaeudereinigung\/","name":"Easy Geb\u00e4udereinigung - Ecodos","isPartOf":{"@id":"https:\/\/www.ecodos.eu\/#website"},"datePublished":"2016-10-20T09:50:22+00:00","dateModified":"2017-01-27T08:55:47+00:00","breadcrumb":{"@id":"https:\/\/www.ecodos.eu\/de\/easy-gebaeudereinigung\/#breadcrumb"},"inLanguage":"de","potentialAction":[{"@type":"ReadAction","target":["https:\/\/www.ecodos.eu\/de\/easy-gebaeudereinigung\/"]}]},{"@type":"BreadcrumbList","@id":"https:\/\/www.ecodos.eu\/de\/easy-gebaeudereinigung\/#breadcrumb","itemListElement":[{"@type":"ListItem","position":1,"name":"Home","item":"https:\/\/www.ecodos.eu\/de\/"},{"@type":"ListItem","position":2,"name":"Easy Geb\u00e4udereinigung"}]}]}},"_links":{"self":[{"href":"https:\/\/www.ecodos.eu\/de\/wp-json\/wp\/v2\/pages\/1284\/"}],"collection":[{"href":"https:\/\/www.ecodos.eu\/de\/wp-json\/wp\/v2\/pages\/"}],"about":[{"href":"https:\/\/www.ecodos.eu\/de\/wp-json\/wp\/v2\/types\/page\/"}],"author":[{"embeddable":true,"href":"https:\/\/www.ecodos.eu\/de\/wp-json\/wp\/v2\/users\/2\/"}],"replies":[{"embeddable":true,"href":"https:\/\/www.ecodos.eu\/de\/wp-json\/wp\/v2\/comments\/?post=1284"}],"version-history":[{"count":14,"href":"https:\/\/www.ecodos.eu\/de\/wp-json\/wp\/v2\/pages\/1284\/revisions\/"}],"predecessor-version":[{"id":1658,"href":"https:\/\/www.ecodos.eu\/de\/wp-json\/wp\/v2\/pages\/1284\/revisions\/1658\/"}],"wp:attachment":[{"href":"https:\/\/www.ecodos.eu\/de\/wp-json\/wp\/v2\/media\/?parent=1284"}],"curies":[{"name":"wp","href":"https:\/\/api.w.org\/{rel}","templated":true}]}}