{"id":1274,"date":"2016-10-20T10:16:28","date_gmt":"2016-10-20T09:16:28","guid":{"rendered":"http:\/\/www.ecodos.eu\/de\/?page_id=1274"},"modified":"2017-01-27T08:59:21","modified_gmt":"2017-01-27T07:59:21","slug":"easy-kuechenhygiene","status":"publish","type":"page","link":"https:\/\/www.ecodos.eu\/de\/easy-kuechenhygiene\/","title":{"rendered":"Easy K\u00fcchenhygiene"},"content":{"rendered":"<div class=\"block-title\"><span>K\u00fcchenhygiene<\/span><\/div>\n<p><strong>0. Sp\u00fclmittel <\/strong><br \/>\nEffektives Produkt f\u00fcr den manuellen Abwasch. Enth\u00e4lt weder Farbstoffe noch Parf\u00fcm. Ist dadurch sehr mild f\u00fcr die Haut.<br \/>\n<a href=\"https:\/\/www.ecodos.eu\/wp-content\/uploads\/PIB-00748-Ecodos-Sp\u00fclmittel.pdf\">Produktdatenblatt<\/a><br \/>\n<a href=\"https:\/\/www.ecodos.eu\/wp-content\/uploads\/EU-Ecolabel-certificate-Ecodos-Dishwashing-Liquid.pdf\">EU-\u00d6kolabel Zertifikat<\/a><\/p>\n<p><strong>1. K\u00fcchenreiniger <\/strong><br \/>\nF\u00fcr die t\u00e4gliche Reinigung so gut wie der ganzen K\u00fcche: B\u00f6den, Fliesen, Arbeitstische, T\u00f6pfe, Ger\u00e4te usw. Besonders geeignet f\u00fcr Sp\u00fclk\u00fcchen und als Einweichmittel.<br \/>\n<a href=\"https:\/\/www.ecodos.eu\/wp-content\/uploads\/PIB-00755-Ecodos-K\u00fcchenreiniger-3.pdf\">Produktdatenblatt<\/a><br \/>\n<a href=\"https:\/\/www.ecodos.eu\/wp-content\/uploads\/EU-Ecolabel-certificate-Ecodos-cleaners-2017-1.pdf\">EU-\u00d6kolabel Zertifikat<\/a><\/p>\n<p><strong>2. Fettl\u00f6ser<\/strong><br \/>\nF\u00fcr die Entfernung \u00e4u\u00dferst hartn\u00e4ckigen Schmutzes wie Fett, Ru\u00df, Rauchablagerungen usw. Geeignet f\u00fcr das Entfetten und Reinigen von u. a. Abzugshauben, Filtern, Fliesen, \u00d6fen und Textilverkleidungen.<br \/>\n<a href=\"https:\/\/www.ecodos.eu\/wp-content\/uploads\/PIB-00756-Ecodos-Fettl\u00f6ser-3.pdf\">Produktdatenblatt<\/a><br \/>\n<a href=\"https:\/\/www.ecodos.eu\/wp-content\/uploads\/EU-Ecolabel-certificate-Ecodos-cleaners-2017-1.pdf\">EU-\u00d6kolabel Zertifikat<\/a><\/p>\n<p><strong>3. Desinfektionsmittel<\/strong><br \/>\nF\u00fcr die schnelle und sichere Desinfektion aller wasserfesten Oberfl\u00e4chen.<br \/>\n<a href=\"https:\/\/www.ecodos.eu\/wp-content\/uploads\/PIB-00757B-Ecodos-Desinfektionsmittel.pdf\">Produktdatenblatt<\/a><br \/>\n<a href=\"https:\/\/www.ecodos.eu\/wp-content\/uploads\/VAH-Listung-Ecodos-Desinfektionsmittel-Zertifikat.pdf\">VAH<\/a> und BauA gelistet.<\/p>\n<a href=\"https:\/\/www.ecodos.eu\/wp-content\/uploads\/KeukenreinigersRZ.jpg\" rel=\"gallery-1274\"><img loading=\"lazy\" src=\"https:\/\/www.ecodos.eu\/wp-content\/uploads\/KeukenreinigersRZ.jpg\" alt=\"KeukenreinigersRZ\" width=\"617\" height=\"400\" class=\"alignleft size-full wp-image-236\" \/><\/a>\n<p><a href=\"https:\/\/www.ecodos.eu\/wp-content\/uploads\/PIB-00756-Ecodos-Fettl\u00f6ser-1.pdf\"> <\/p>\n","protected":false},"excerpt":{"rendered":"<p>K\u00fcchenhygiene 0. Sp\u00fclmittel Effektives Produkt f\u00fcr den manuellen Abwasch. Enth\u00e4lt weder Farbstoffe noch Parf\u00fcm. Ist dadurch sehr mild f\u00fcr die Haut. Produktdatenblatt EU-\u00d6kolabel Zertifikat 1. K\u00fcchenreiniger F\u00fcr die t\u00e4gliche Reinigung so gut wie der ganzen K\u00fcche: B\u00f6den, Fliesen, Arbeitstische, T\u00f6pfe, Ger\u00e4te usw. Besonders geeignet f\u00fcr Sp\u00fclk\u00fcchen und als Einweichmittel. Produktdatenblatt &hellip; <a href=\"https:\/\/www.ecodos.eu\/de\/easy-kuechenhygiene\/\" class=\"morelink\">Read more &rarr;<\/a><\/p>\n","protected":false},"author":2,"featured_media":0,"parent":0,"menu_order":0,"comment_status":"closed","ping_status":"closed","template":"template-fullwidth.php","meta":[],"acf":[],"yoast_head":"<!-- This site is optimized with the Yoast SEO plugin v19.4 - https:\/\/yoast.com\/wordpress\/plugins\/seo\/ -->\n<title>Easy K\u00fcchenhygiene - Ecodos<\/title>\n<meta name=\"robots\" content=\"index, follow, max-snippet:-1, max-image-preview:large, max-video-preview:-1\" \/>\n<link rel=\"canonical\" href=\"https:\/\/www.ecodos.eu\/de\/easy-kuechenhygiene\/\" \/>\n<meta property=\"og:locale\" content=\"de_DE\" \/>\n<meta property=\"og:type\" content=\"article\" \/>\n<meta property=\"og:title\" content=\"Easy K\u00fcchenhygiene - Ecodos\" \/>\n<meta property=\"og:description\" content=\"K\u00fcchenhygiene 0. Sp\u00fclmittel Effektives Produkt f\u00fcr den manuellen Abwasch. Enth\u00e4lt weder Farbstoffe noch Parf\u00fcm. Ist dadurch sehr mild f\u00fcr die Haut. Produktdatenblatt EU-\u00d6kolabel Zertifikat 1. K\u00fcchenreiniger F\u00fcr die t\u00e4gliche Reinigung so gut wie der ganzen K\u00fcche: B\u00f6den, Fliesen, Arbeitstische, T\u00f6pfe, Ger\u00e4te usw. Besonders geeignet f\u00fcr Sp\u00fclk\u00fcchen und als Einweichmittel. Produktdatenblatt &hellip; Read more &rarr;\" \/>\n<meta property=\"og:url\" content=\"https:\/\/www.ecodos.eu\/de\/easy-kuechenhygiene\/\" \/>\n<meta property=\"og:site_name\" content=\"Ecodos\" \/>\n<meta property=\"article:modified_time\" content=\"2017-01-27T07:59:21+00:00\" \/>\n<meta property=\"og:image\" content=\"https:\/\/www.ecodos.eu\/wp-content\/uploads\/KeukenreinigersRZ.jpg\" \/>\n<meta name=\"twitter:card\" content=\"summary\" \/>\n<meta name=\"twitter:label1\" content=\"Gesch\u00e4tzte Lesezeit\" \/>\n\t<meta name=\"twitter:data1\" content=\"1\u00a0Minute\" \/>\n<script type=\"application\/ld+json\" class=\"yoast-schema-graph\">{\"@context\":\"https:\/\/schema.org\",\"@graph\":[{\"@type\":\"WebSite\",\"@id\":\"https:\/\/www.ecodos.eu\/#website\",\"url\":\"https:\/\/www.ecodos.eu\/\",\"name\":\"Ecodos\",\"description\":\"En nog een WordPress site\",\"potentialAction\":[{\"@type\":\"SearchAction\",\"target\":{\"@type\":\"EntryPoint\",\"urlTemplate\":\"https:\/\/www.ecodos.eu\/?s={search_term_string}\"},\"query-input\":\"required name=search_term_string\"}],\"inLanguage\":\"de\"},{\"@type\":\"WebPage\",\"@id\":\"https:\/\/www.ecodos.eu\/de\/easy-kuechenhygiene\/\",\"url\":\"https:\/\/www.ecodos.eu\/de\/easy-kuechenhygiene\/\",\"name\":\"Easy K\u00fcchenhygiene - Ecodos\",\"isPartOf\":{\"@id\":\"https:\/\/www.ecodos.eu\/#website\"},\"datePublished\":\"2016-10-20T09:16:28+00:00\",\"dateModified\":\"2017-01-27T07:59:21+00:00\",\"breadcrumb\":{\"@id\":\"https:\/\/www.ecodos.eu\/de\/easy-kuechenhygiene\/#breadcrumb\"},\"inLanguage\":\"de\",\"potentialAction\":[{\"@type\":\"ReadAction\",\"target\":[\"https:\/\/www.ecodos.eu\/de\/easy-kuechenhygiene\/\"]}]},{\"@type\":\"BreadcrumbList\",\"@id\":\"https:\/\/www.ecodos.eu\/de\/easy-kuechenhygiene\/#breadcrumb\",\"itemListElement\":[{\"@type\":\"ListItem\",\"position\":1,\"name\":\"Home\",\"item\":\"https:\/\/www.ecodos.eu\/de\/\"},{\"@type\":\"ListItem\",\"position\":2,\"name\":\"Easy K\u00fcchenhygiene\"}]}]}<\/script>\n<!-- \/ Yoast SEO plugin. -->","yoast_head_json":{"title":"Easy K\u00fcchenhygiene - Ecodos","robots":{"index":"index","follow":"follow","max-snippet":"max-snippet:-1","max-image-preview":"max-image-preview:large","max-video-preview":"max-video-preview:-1"},"canonical":"https:\/\/www.ecodos.eu\/de\/easy-kuechenhygiene\/","og_locale":"de_DE","og_type":"article","og_title":"Easy K\u00fcchenhygiene - Ecodos","og_description":"K\u00fcchenhygiene 0. Sp\u00fclmittel Effektives Produkt f\u00fcr den manuellen Abwasch. Enth\u00e4lt weder Farbstoffe noch Parf\u00fcm. Ist dadurch sehr mild f\u00fcr die Haut. Produktdatenblatt EU-\u00d6kolabel Zertifikat 1. K\u00fcchenreiniger F\u00fcr die t\u00e4gliche Reinigung so gut wie der ganzen K\u00fcche: B\u00f6den, Fliesen, Arbeitstische, T\u00f6pfe, Ger\u00e4te usw. Besonders geeignet f\u00fcr Sp\u00fclk\u00fcchen und als Einweichmittel. Produktdatenblatt &hellip; Read more &rarr;","og_url":"https:\/\/www.ecodos.eu\/de\/easy-kuechenhygiene\/","og_site_name":"Ecodos","article_modified_time":"2017-01-27T07:59:21+00:00","og_image":[{"url":"https:\/\/www.ecodos.eu\/wp-content\/uploads\/KeukenreinigersRZ.jpg"}],"twitter_card":"summary","twitter_misc":{"Gesch\u00e4tzte Lesezeit":"1\u00a0Minute"},"schema":{"@context":"https:\/\/schema.org","@graph":[{"@type":"WebSite","@id":"https:\/\/www.ecodos.eu\/#website","url":"https:\/\/www.ecodos.eu\/","name":"Ecodos","description":"En nog een WordPress site","potentialAction":[{"@type":"SearchAction","target":{"@type":"EntryPoint","urlTemplate":"https:\/\/www.ecodos.eu\/?s={search_term_string}"},"query-input":"required name=search_term_string"}],"inLanguage":"de"},{"@type":"WebPage","@id":"https:\/\/www.ecodos.eu\/de\/easy-kuechenhygiene\/","url":"https:\/\/www.ecodos.eu\/de\/easy-kuechenhygiene\/","name":"Easy K\u00fcchenhygiene - Ecodos","isPartOf":{"@id":"https:\/\/www.ecodos.eu\/#website"},"datePublished":"2016-10-20T09:16:28+00:00","dateModified":"2017-01-27T07:59:21+00:00","breadcrumb":{"@id":"https:\/\/www.ecodos.eu\/de\/easy-kuechenhygiene\/#breadcrumb"},"inLanguage":"de","potentialAction":[{"@type":"ReadAction","target":["https:\/\/www.ecodos.eu\/de\/easy-kuechenhygiene\/"]}]},{"@type":"BreadcrumbList","@id":"https:\/\/www.ecodos.eu\/de\/easy-kuechenhygiene\/#breadcrumb","itemListElement":[{"@type":"ListItem","position":1,"name":"Home","item":"https:\/\/www.ecodos.eu\/de\/"},{"@type":"ListItem","position":2,"name":"Easy K\u00fcchenhygiene"}]}]}},"_links":{"self":[{"href":"https:\/\/www.ecodos.eu\/de\/wp-json\/wp\/v2\/pages\/1274\/"}],"collection":[{"href":"https:\/\/www.ecodos.eu\/de\/wp-json\/wp\/v2\/pages\/"}],"about":[{"href":"https:\/\/www.ecodos.eu\/de\/wp-json\/wp\/v2\/types\/page\/"}],"author":[{"embeddable":true,"href":"https:\/\/www.ecodos.eu\/de\/wp-json\/wp\/v2\/users\/2\/"}],"replies":[{"embeddable":true,"href":"https:\/\/www.ecodos.eu\/de\/wp-json\/wp\/v2\/comments\/?post=1274"}],"version-history":[{"count":13,"href":"https:\/\/www.ecodos.eu\/de\/wp-json\/wp\/v2\/pages\/1274\/revisions\/"}],"predecessor-version":[{"id":1657,"href":"https:\/\/www.ecodos.eu\/de\/wp-json\/wp\/v2\/pages\/1274\/revisions\/1657\/"}],"wp:attachment":[{"href":"https:\/\/www.ecodos.eu\/de\/wp-json\/wp\/v2\/media\/?parent=1274"}],"curies":[{"name":"wp","href":"https:\/\/api.w.org\/{rel}","templated":true}]}}