{"id":1213,"date":"2016-10-13T11:27:40","date_gmt":"2016-10-13T10:27:40","guid":{"rendered":"http:\/\/www.ecodos.eu\/de\/?page_id=1213"},"modified":"2017-01-27T08:07:17","modified_gmt":"2017-01-27T07:07:17","slug":"ecodet-waschmitteln","status":"publish","type":"page","link":"https:\/\/www.ecodos.eu\/de\/ecodet-waschmitteln\/","title":{"rendered":"Ecodet Waschmitteln"},"content":{"rendered":"<div class=\"block-title\">Waschmittel<\/div>\n<p><strong>1. Waschmittel<\/strong><br \/>\nEntfernt hartn\u00e4ckige Flecken und ist geeignet f\u00fcr W\u00e4sche aller Farben. F\u00fcr sowohl niedrige wie hohe Temperaturen.<br \/>\n<a href=\"https:\/\/www.ecodos.eu\/wp-content\/uploads\/PIB-00747-Ecodet-Waschmittel.pdf\">Produktdatenblatt<\/a><br \/>\n<a href=\"https:\/\/www.ecodos.eu\/wp-content\/uploads\/EU-Ecolabel-certificaat-Ecodet-Wasmiddelen.pdf\">EU-\u00d6kolabel Zertifikate<\/a><\/p>\n<p><strong>1. Waschmittel Soft<\/strong><br \/>\nDuftlose\u00a0Variante\u00a0speziell\u00a0f\u00fcr\u00a0die\u00a0Lebensmittelindustrie und\u00a0sensible haut.<br \/>\n<a href=\"https:\/\/www.ecodos.eu\/wp-content\/uploads\/PIB-00747A-Ecodet-Waschmittel-Soft.pdf\">Produktdatenblatt<\/a><\/p>\n<p><strong>2. Weichsp\u00fcler<\/strong>*<br \/>\nF\u00fcr das Weichsp\u00fclen und erfrischen von Textilien. Geeignet f\u00fcr W\u00e4sche aller Farben.<br \/>\n<a href=\"https:\/\/www.ecodos.eu\/wp-content\/uploads\/PIB-00746-Ecodet-Weichsp\u00fcler.pdf\">Produktdatenblatt<\/a><\/p>\n<p><strong>2. Weichsp\u00fcler Soft<\/strong>*<br \/>\nDuftlose\u00a0Variante\u00a0speziell\u00a0f\u00fcr\u00a0die\u00a0Lebensmittelindustrie und\u00a0sensible haut.<br \/>\n<a href=\"https:\/\/www.ecodos.eu\/wp-content\/uploads\/PIB-00746A-Ecodet-Weichsp\u00fcler-Soft.pdf\">Produktdatenblatt<\/a><\/p>\n<p><strong>3. Fleckentfernungsmittel<\/strong><br \/>\nF\u00fcr die nachhaltige Entfernung von Flecken und Ger\u00fcchen. Eignet sich sowohl f\u00fcr Bunt- als f\u00fcr wei\u00dfe W\u00e4sche.<br \/>\n<a href=\"https:\/\/www.ecodos.eu\/wp-content\/uploads\/PIB-00743-Ecodet-Fleckentfernungsmittel.pdf\">Produktdatenblatt<\/a><\/p>\n<p><strong>4. Mikrofaser Waschmittel<\/strong><br \/>\nSpeziell f\u00fcr das waschen aller Arten Mikrofasermaterialen. Enth\u00e4lt keine Bleichmittel, lasst keinen Niederschlag hinter und tastet die Faser nicht an.<br \/>\n<a href=\"https:\/\/www.ecodos.eu\/wp-content\/uploads\/PIB-00745-Ecodet-Mikrofaser-Waschmittel.pdf\">Produktdatenblatt<\/a><br \/>\n<a href=\"https:\/\/www.ecodos.eu\/wp-content\/uploads\/EU-Ecolabel-certificaat-Ecodet-Wasmiddelen.pdf\">EU-\u00d6kolabel Zertifikate<\/a><\/p>\n<p>*<em>Europ\u00e4ische Ecolabel in Antrag.<\/em><br \/>\n<img loading=\"lazy\" class=\"alignleft wp-image-1195\" src=\"https:\/\/www.ecodos.eu\/wp-content\/uploads\/00747-00747a-00746-00746a-00743-00745-15-L-reflectie-RZ-1.png\" alt=\"Ecodet Wasmiddelen\" width=\"714\" height=\"181\" \/> <\/p>\n","protected":false},"excerpt":{"rendered":"<p>Waschmittel 1. Waschmittel Entfernt hartn\u00e4ckige Flecken und ist geeignet f\u00fcr W\u00e4sche aller Farben. F\u00fcr sowohl niedrige wie hohe Temperaturen. Produktdatenblatt EU-\u00d6kolabel Zertifikate 1. Waschmittel Soft Duftlose\u00a0Variante\u00a0speziell\u00a0f\u00fcr\u00a0die\u00a0Lebensmittelindustrie und\u00a0sensible haut. Produktdatenblatt 2. Weichsp\u00fcler* F\u00fcr das Weichsp\u00fclen und erfrischen von Textilien. Geeignet f\u00fcr W\u00e4sche aller Farben. Produktdatenblatt 2. Weichsp\u00fcler Soft* Duftlose\u00a0Variante\u00a0speziell\u00a0f\u00fcr\u00a0die\u00a0Lebensmittelindustrie und\u00a0sensible haut. &hellip; <a href=\"https:\/\/www.ecodos.eu\/de\/ecodet-waschmitteln\/\" class=\"morelink\">Read more &rarr;<\/a><\/p>\n","protected":false},"author":2,"featured_media":0,"parent":0,"menu_order":0,"comment_status":"closed","ping_status":"closed","template":"template-fullwidth.php","meta":[],"acf":[],"yoast_head":"<!-- This site is optimized with the Yoast SEO plugin v19.4 - https:\/\/yoast.com\/wordpress\/plugins\/seo\/ -->\n<title>Ecodet Waschmitteln - Ecodos<\/title>\n<meta name=\"robots\" content=\"index, follow, max-snippet:-1, max-image-preview:large, max-video-preview:-1\" \/>\n<link rel=\"canonical\" href=\"https:\/\/www.ecodos.eu\/de\/ecodet-waschmitteln\/\" \/>\n<meta property=\"og:locale\" content=\"de_DE\" \/>\n<meta property=\"og:type\" content=\"article\" \/>\n<meta property=\"og:title\" content=\"Ecodet Waschmitteln - Ecodos\" \/>\n<meta property=\"og:description\" content=\"Waschmittel 1. Waschmittel Entfernt hartn\u00e4ckige Flecken und ist geeignet f\u00fcr W\u00e4sche aller Farben. F\u00fcr sowohl niedrige wie hohe Temperaturen. Produktdatenblatt EU-\u00d6kolabel Zertifikate 1. Waschmittel Soft Duftlose\u00a0Variante\u00a0speziell\u00a0f\u00fcr\u00a0die\u00a0Lebensmittelindustrie und\u00a0sensible haut. Produktdatenblatt 2. Weichsp\u00fcler* F\u00fcr das Weichsp\u00fclen und erfrischen von Textilien. Geeignet f\u00fcr W\u00e4sche aller Farben. Produktdatenblatt 2. Weichsp\u00fcler Soft* Duftlose\u00a0Variante\u00a0speziell\u00a0f\u00fcr\u00a0die\u00a0Lebensmittelindustrie und\u00a0sensible haut. &hellip; Read more &rarr;\" \/>\n<meta property=\"og:url\" content=\"https:\/\/www.ecodos.eu\/de\/ecodet-waschmitteln\/\" \/>\n<meta property=\"og:site_name\" content=\"Ecodos\" \/>\n<meta property=\"article:modified_time\" content=\"2017-01-27T07:07:17+00:00\" \/>\n<meta property=\"og:image\" content=\"https:\/\/www.ecodos.eu\/wp-content\/uploads\/00747-00747a-00746-00746a-00743-00745-15-L-reflectie-RZ-1.png\" \/>\n<meta name=\"twitter:card\" content=\"summary\" \/>\n<meta name=\"twitter:label1\" content=\"Gesch\u00e4tzte Lesezeit\" \/>\n\t<meta name=\"twitter:data1\" content=\"1\u00a0Minute\" \/>\n<script type=\"application\/ld+json\" class=\"yoast-schema-graph\">{\"@context\":\"https:\/\/schema.org\",\"@graph\":[{\"@type\":\"WebSite\",\"@id\":\"https:\/\/www.ecodos.eu\/#website\",\"url\":\"https:\/\/www.ecodos.eu\/\",\"name\":\"Ecodos\",\"description\":\"En nog een WordPress site\",\"potentialAction\":[{\"@type\":\"SearchAction\",\"target\":{\"@type\":\"EntryPoint\",\"urlTemplate\":\"https:\/\/www.ecodos.eu\/?s={search_term_string}\"},\"query-input\":\"required name=search_term_string\"}],\"inLanguage\":\"de\"},{\"@type\":\"WebPage\",\"@id\":\"https:\/\/www.ecodos.eu\/de\/ecodet-waschmitteln\/\",\"url\":\"https:\/\/www.ecodos.eu\/de\/ecodet-waschmitteln\/\",\"name\":\"Ecodet Waschmitteln - Ecodos\",\"isPartOf\":{\"@id\":\"https:\/\/www.ecodos.eu\/#website\"},\"datePublished\":\"2016-10-13T10:27:40+00:00\",\"dateModified\":\"2017-01-27T07:07:17+00:00\",\"breadcrumb\":{\"@id\":\"https:\/\/www.ecodos.eu\/de\/ecodet-waschmitteln\/#breadcrumb\"},\"inLanguage\":\"de\",\"potentialAction\":[{\"@type\":\"ReadAction\",\"target\":[\"https:\/\/www.ecodos.eu\/de\/ecodet-waschmitteln\/\"]}]},{\"@type\":\"BreadcrumbList\",\"@id\":\"https:\/\/www.ecodos.eu\/de\/ecodet-waschmitteln\/#breadcrumb\",\"itemListElement\":[{\"@type\":\"ListItem\",\"position\":1,\"name\":\"Home\",\"item\":\"https:\/\/www.ecodos.eu\/de\/\"},{\"@type\":\"ListItem\",\"position\":2,\"name\":\"Ecodet Waschmitteln\"}]}]}<\/script>\n<!-- \/ Yoast SEO plugin. -->","yoast_head_json":{"title":"Ecodet Waschmitteln - Ecodos","robots":{"index":"index","follow":"follow","max-snippet":"max-snippet:-1","max-image-preview":"max-image-preview:large","max-video-preview":"max-video-preview:-1"},"canonical":"https:\/\/www.ecodos.eu\/de\/ecodet-waschmitteln\/","og_locale":"de_DE","og_type":"article","og_title":"Ecodet Waschmitteln - Ecodos","og_description":"Waschmittel 1. Waschmittel Entfernt hartn\u00e4ckige Flecken und ist geeignet f\u00fcr W\u00e4sche aller Farben. F\u00fcr sowohl niedrige wie hohe Temperaturen. Produktdatenblatt EU-\u00d6kolabel Zertifikate 1. Waschmittel Soft Duftlose\u00a0Variante\u00a0speziell\u00a0f\u00fcr\u00a0die\u00a0Lebensmittelindustrie und\u00a0sensible haut. Produktdatenblatt 2. Weichsp\u00fcler* F\u00fcr das Weichsp\u00fclen und erfrischen von Textilien. Geeignet f\u00fcr W\u00e4sche aller Farben. Produktdatenblatt 2. Weichsp\u00fcler Soft* Duftlose\u00a0Variante\u00a0speziell\u00a0f\u00fcr\u00a0die\u00a0Lebensmittelindustrie und\u00a0sensible haut. &hellip; Read more &rarr;","og_url":"https:\/\/www.ecodos.eu\/de\/ecodet-waschmitteln\/","og_site_name":"Ecodos","article_modified_time":"2017-01-27T07:07:17+00:00","og_image":[{"url":"https:\/\/www.ecodos.eu\/wp-content\/uploads\/00747-00747a-00746-00746a-00743-00745-15-L-reflectie-RZ-1.png"}],"twitter_card":"summary","twitter_misc":{"Gesch\u00e4tzte Lesezeit":"1\u00a0Minute"},"schema":{"@context":"https:\/\/schema.org","@graph":[{"@type":"WebSite","@id":"https:\/\/www.ecodos.eu\/#website","url":"https:\/\/www.ecodos.eu\/","name":"Ecodos","description":"En nog een WordPress site","potentialAction":[{"@type":"SearchAction","target":{"@type":"EntryPoint","urlTemplate":"https:\/\/www.ecodos.eu\/?s={search_term_string}"},"query-input":"required name=search_term_string"}],"inLanguage":"de"},{"@type":"WebPage","@id":"https:\/\/www.ecodos.eu\/de\/ecodet-waschmitteln\/","url":"https:\/\/www.ecodos.eu\/de\/ecodet-waschmitteln\/","name":"Ecodet Waschmitteln - Ecodos","isPartOf":{"@id":"https:\/\/www.ecodos.eu\/#website"},"datePublished":"2016-10-13T10:27:40+00:00","dateModified":"2017-01-27T07:07:17+00:00","breadcrumb":{"@id":"https:\/\/www.ecodos.eu\/de\/ecodet-waschmitteln\/#breadcrumb"},"inLanguage":"de","potentialAction":[{"@type":"ReadAction","target":["https:\/\/www.ecodos.eu\/de\/ecodet-waschmitteln\/"]}]},{"@type":"BreadcrumbList","@id":"https:\/\/www.ecodos.eu\/de\/ecodet-waschmitteln\/#breadcrumb","itemListElement":[{"@type":"ListItem","position":1,"name":"Home","item":"https:\/\/www.ecodos.eu\/de\/"},{"@type":"ListItem","position":2,"name":"Ecodet Waschmitteln"}]}]}},"_links":{"self":[{"href":"https:\/\/www.ecodos.eu\/de\/wp-json\/wp\/v2\/pages\/1213\/"}],"collection":[{"href":"https:\/\/www.ecodos.eu\/de\/wp-json\/wp\/v2\/pages\/"}],"about":[{"href":"https:\/\/www.ecodos.eu\/de\/wp-json\/wp\/v2\/types\/page\/"}],"author":[{"embeddable":true,"href":"https:\/\/www.ecodos.eu\/de\/wp-json\/wp\/v2\/users\/2\/"}],"replies":[{"embeddable":true,"href":"https:\/\/www.ecodos.eu\/de\/wp-json\/wp\/v2\/comments\/?post=1213"}],"version-history":[{"count":14,"href":"https:\/\/www.ecodos.eu\/de\/wp-json\/wp\/v2\/pages\/1213\/revisions\/"}],"predecessor-version":[{"id":1648,"href":"https:\/\/www.ecodos.eu\/de\/wp-json\/wp\/v2\/pages\/1213\/revisions\/1648\/"}],"wp:attachment":[{"href":"https:\/\/www.ecodos.eu\/de\/wp-json\/wp\/v2\/media\/?parent=1213"}],"curies":[{"name":"wp","href":"https:\/\/api.w.org\/{rel}","templated":true}]}}